{"id":4295,"date":"2019-08-22T11:28:14","date_gmt":"2019-08-22T11:28:14","guid":{"rendered":"http:\/\/www.mansergas.com\/?page_id=4295"},"modified":"2019-08-22T11:28:14","modified_gmt":"2019-08-22T11:28:14","slug":"pilonas-y-postes-anti-alunizaje","status":"publish","type":"page","link":"https:\/\/www.mansergas.com\/mx\/pilonas-y-postes-anti-alunizaje\/","title":{"rendered":"Pilonas y postes Anti-Alunizaje"},"content":{"rendered":"<p><div class=\"fusion-fullwidth fullwidth-box fusion-builder-row-1 nonhundred-percent-fullwidth non-hundred-percent-height-scrolling\" style=\"--awb-border-radius-top-left:0px;--awb-border-radius-top-right:0px;--awb-border-radius-bottom-right:0px;--awb-border-radius-bottom-left:0px;--awb-flex-wrap:wrap;\" ><div class=\"fusion-builder-row fusion-row\"><div class=\"fusion-layout-column fusion_builder_column fusion-builder-column-0 fusion_builder_column_1_1 1_1 fusion-one-full fusion-column-first fusion-column-last\" style=\"--awb-bg-size:cover;\"><div class=\"fusion-column-wrapper fusion-flex-column-wrapper-legacy\"><div class=\"fusion-text fusion-text-1\"><h2><b><span class=\"cf4 fs28 ff1\">Pilonas f<\/span><span class=\"cf4 fs28 ff1\">ijas, r<\/span><span class=\"cf4 fs28 ff1\">emovibles, m<\/span><span class=\"cf4 fs28 ff1\">otorizadas y p<\/span><span class=\"cf4 fs28 ff1\">ostes a<\/span><span class=\"cf4 fs28 ff1\">ntialunizaje<\/span><\/b><\/h2>\n<\/div><div class=\"fusion-sep-clear\"><\/div><div class=\"fusion-separator fusion-full-width-sep\" style=\"margin-left: auto;margin-right: auto;width:100%;\"><div class=\"fusion-separator-border sep-single sep-solid\" style=\"--awb-height:20px;--awb-amount:20px;--awb-sep-color:#ce0819;border-color:#ce0819;border-top-width:3px;\"><\/div><\/div><div class=\"fusion-sep-clear\"><\/div><div class=\"fusion-clearfix\"><\/div><\/div><\/div><\/div><\/div><div class=\"fusion-fullwidth fullwidth-box fusion-builder-row-2 nonhundred-percent-fullwidth non-hundred-percent-height-scrolling\" style=\"--awb-border-radius-top-left:0px;--awb-border-radius-top-right:0px;--awb-border-radius-bottom-right:0px;--awb-border-radius-bottom-left:0px;--awb-flex-wrap:wrap;\" ><div class=\"fusion-builder-row fusion-row\"><div class=\"fusion-layout-column fusion_builder_column fusion-builder-column-1 fusion_builder_column_1_2 1_2 fusion-one-half fusion-column-first\" style=\"--awb-bg-size:cover;width:50%;width:calc(50% - ( ( 4% ) * 0.5 ) );margin-right: 4%;\"><div class=\"fusion-column-wrapper fusion-flex-column-wrapper-legacy\"><div class=\"fusion-text fusion-text-2\"><p style=\"text-align: justify;\"><span style=\"font-size: 16px;\">Esta gama de productos comprende tanto las pilonas escamoteables autom\u00e1ticas con se\u00f1alizaci\u00f3n luminosa, como los postes fijos o los extraibles. Tambien disponemos de un desarrollo propio de sistema antialunizaje para puertas enrollables. Toda la gama de productos se fabrica tanto en hierro de fundici\u00f3n, con sus acabados irregulares y su particular presencia, como en la sobriedad moderna del acero inoxidable.<\/span><\/p>\n<p style=\"text-align: justify;\"><span style=\"font-size: 16px;\">Las utilidades son diversas, permitiendo delimitar lugares p\u00fablicos o privados, definiendo espacios para estacionamiento de veh\u00edculos o protegiendo \u00e1reas para uso autorizado exclusivo. La aplicaci\u00f3n antialunizaje neutraliza la posibilidad de vandalismo usando un veh\u00edculo como ariete para el forzado de cerramientos o ataque a escaparates.<\/span><\/p>\n<p style=\"text-align: justify;\"><span style=\"font-size: 16px;\">En los modelos removibles manualmente, la maniobra se realiza mediante el uso de herramientas\/llaves espec\u00edficas suministradas con el producto, \u00fanicas para cada unidad, esto garantiza su uso exclusivo por personal autorizado, pero tambi\u00e9n la maniobra para servicios p\u00fablicos como los bomberos con su llave maestra.<\/span><\/p>\n<p style=\"text-align: justify;\"><span style=\"font-size: 16px;\">Las pilonas motorizadas se distinguen entre modelos hidr\u00e1ulicos\/neum\u00e1ticos para uso intensivo o electromec\u00e1nicos en entornos de menor utilizaci\u00f3n, en ambos casos son maniobrables manualmente en caso de falta de suministro el\u00e9ctrico o aver\u00eda en determinados componentes. En el caso de los modelos hidr\u00e1ulicos\/neum\u00e1ticos el conjunto se compone de la pilona y el armario donde se aloja el motor de accionamiento. Todas ellas pueden ir dotadas de sensores de detecci\u00f3n de objetos sobre ellas, para evitar altercados.<\/span><\/p>\n<\/div><div class=\"fusion-clearfix\"><\/div><\/div><\/div><div class=\"fusion-layout-column fusion_builder_column fusion-builder-column-2 fusion_builder_column_1_2 1_2 fusion-one-half fusion-column-last\" style=\"--awb-bg-size:cover;width:50%;width:calc(50% - ( ( 4% ) * 0.5 ) );\"><div class=\"fusion-column-wrapper fusion-flex-column-wrapper-legacy\"><div class=\"fusion-image-element fusion-image-align-center in-legacy-container\" style=\"text-align:center;--awb-caption-title-font-family:var(--h2_typography-font-family);--awb-caption-title-font-weight:var(--h2_typography-font-weight);--awb-caption-title-font-style:var(--h2_typography-font-style);--awb-caption-title-size:var(--h2_typography-font-size);--awb-caption-title-transform:var(--h2_typography-text-transform);--awb-caption-title-line-height:var(--h2_typography-line-height);--awb-caption-title-letter-spacing:var(--h2_typography-letter-spacing);\"><div class=\"imageframe-align-center\"><span class=\" fusion-imageframe imageframe-none imageframe-1 hover-type-none\"><a href=\"http:\/\/www.mansergas.com\/wp-content\/uploads\/2018\/10\/pilonas.jpg\" class=\"fusion-lightbox\" data-rel=\"iLightbox[b66aab8ffa2818c0304]\" data-caption=\"Conjunto postes antialunizaje frente a escaparate\"><img decoding=\"async\" width=\"758\" height=\"564\" src=\"https:\/\/www.mansergas.com\/wp-content\/uploads\/2018\/10\/pilonas.jpg\" alt class=\"img-responsive wp-image-4297\" srcset=\"https:\/\/www.mansergas.com\/wp-content\/uploads\/2018\/10\/pilonas-200x149.jpg 200w, https:\/\/www.mansergas.com\/wp-content\/uploads\/2018\/10\/pilonas-400x298.jpg 400w, https:\/\/www.mansergas.com\/wp-content\/uploads\/2018\/10\/pilonas-600x446.jpg 600w, https:\/\/www.mansergas.com\/wp-content\/uploads\/2018\/10\/pilonas.jpg 758w\" sizes=\"(max-width: 800px) 100vw, 758px\" \/><\/a><\/span><\/div><\/div><div class=\"fusion-clearfix\"><\/div><\/div><\/div><div class=\"fusion-layout-column fusion_builder_column fusion-builder-column-3 fusion_builder_column_1_1 1_1 fusion-one-full fusion-column-first fusion-column-last\" style=\"--awb-bg-size:cover;\"><div class=\"fusion-column-wrapper fusion-flex-column-wrapper-legacy\"><div class=\"fusion-text fusion-text-3\"><p style=\"text-align: justify;\"><span style=\"font-size: 16px;\">Gobernadas mediante tarjetas magn\u00e9ticas, llaves de proximidad, mando radio control, mediante radar, lazos magn\u00e9ticos o c\u00e9lulas fotoel\u00e9ctricas. Permiten tambi\u00e9n ser configuradas para obedecer la orden de apertura solo si la direcci\u00f3n de paso es la configurada, por ejemplo para permitir salir pero no entrar, o para que varias unidades trabajen sincronizadas para situaciones especiales.<\/span><\/p>\n<p style=\"text-align: justify;\"><span style=\"font-size: 16px;\">Existen tambi\u00e9n las pilonas de control de accesos con consola incorporada para interfon\u00eda conectada a centro de control, modelos con sem\u00e1foro para tr\u00e1fico o con se\u00f1alizaci\u00f3n luminosa en la propia pilona.<\/span><\/p>\n<\/div><div class=\"fusion-clearfix\"><\/div><\/div><\/div><div class=\"fusion-layout-column fusion_builder_column fusion-builder-column-4 fusion_builder_column_1_6 1_6 fusion-one-sixth fusion-column-first\" style=\"--awb-bg-size:cover;width:16.666666666667%;width:calc(16.666666666667% - ( ( 4% + 4% + 4% ) * 0.16666666666667 ) );margin-right: 4%;\"><div class=\"fusion-column-wrapper fusion-flex-column-wrapper-legacy\"><div class=\"fusion-image-element fusion-image-align-center in-legacy-container\" style=\"text-align:center;--awb-caption-title-font-family:var(--h2_typography-font-family);--awb-caption-title-font-weight:var(--h2_typography-font-weight);--awb-caption-title-font-style:var(--h2_typography-font-style);--awb-caption-title-size:var(--h2_typography-font-size);--awb-caption-title-transform:var(--h2_typography-text-transform);--awb-caption-title-line-height:var(--h2_typography-line-height);--awb-caption-title-letter-spacing:var(--h2_typography-letter-spacing);\"><div class=\"imageframe-align-center\"><span class=\" fusion-imageframe imageframe-none imageframe-2 hover-type-none\"><a href=\"http:\/\/www.mansergas.com\/wp-content\/uploads\/2018\/10\/test_impacto1-800x442.jpg\" class=\"fusion-lightbox\" data-rel=\"iLightbox[ab0a21055c7dbb90fac]\" data-caption=\"Test impacto contra pilona escamoteable, la pilona no sufre desperfectos\" data-title=\"test_impacto1\" title=\"test_impacto1\"><img decoding=\"async\" width=\"800\" height=\"442\" src=\"https:\/\/www.mansergas.com\/wp-content\/uploads\/2018\/10\/test_impacto1-800x442.jpg\" alt class=\"img-responsive wp-image-4298\" srcset=\"https:\/\/www.mansergas.com\/wp-content\/uploads\/2018\/10\/test_impacto1-200x110.jpg 200w, https:\/\/www.mansergas.com\/wp-content\/uploads\/2018\/10\/test_impacto1-400x221.jpg 400w, https:\/\/www.mansergas.com\/wp-content\/uploads\/2018\/10\/test_impacto1-600x331.jpg 600w, https:\/\/www.mansergas.com\/wp-content\/uploads\/2018\/10\/test_impacto1-800x442.jpg 800w, https:\/\/www.mansergas.com\/wp-content\/uploads\/2018\/10\/test_impacto1-1200x662.jpg 1200w, https:\/\/www.mansergas.com\/wp-content\/uploads\/2018\/10\/test_impacto1.jpg 1239w\" sizes=\"(max-width: 800px) 100vw, 400px\" \/><\/a><\/span><\/div><\/div><div class=\"fusion-clearfix\"><\/div><\/div><\/div><div class=\"fusion-layout-column fusion_builder_column fusion-builder-column-5 fusion_builder_column_1_6 1_6 fusion-one-sixth\" style=\"--awb-bg-size:cover;width:16.666666666667%;width:calc(16.666666666667% - ( ( 4% + 4% + 4% ) * 0.16666666666667 ) );margin-right: 4%;\"><div class=\"fusion-column-wrapper fusion-flex-column-wrapper-legacy\"><div class=\"fusion-image-element fusion-image-align-center in-legacy-container\" style=\"text-align:center;--awb-caption-title-font-family:var(--h2_typography-font-family);--awb-caption-title-font-weight:var(--h2_typography-font-weight);--awb-caption-title-font-style:var(--h2_typography-font-style);--awb-caption-title-size:var(--h2_typography-font-size);--awb-caption-title-transform:var(--h2_typography-text-transform);--awb-caption-title-line-height:var(--h2_typography-line-height);--awb-caption-title-letter-spacing:var(--h2_typography-letter-spacing);\"><div class=\"imageframe-align-center\"><span class=\" fusion-imageframe imageframe-none imageframe-3 hover-type-none\"><a href=\"http:\/\/www.mansergas.com\/wp-content\/uploads\/2018\/10\/test_impacto2-800x449.jpg\" class=\"fusion-lightbox\" data-rel=\"iLightbox[1e38316adfe4d817601]\" data-caption=\"Test impacto contra pilona escamoteable, la pilona no sufre desperfectos\"><img decoding=\"async\" width=\"800\" height=\"449\" src=\"https:\/\/www.mansergas.com\/wp-content\/uploads\/2018\/10\/test_impacto2-800x449.jpg\" alt class=\"img-responsive wp-image-4299\" srcset=\"https:\/\/www.mansergas.com\/wp-content\/uploads\/2018\/10\/test_impacto2-200x112.jpg 200w, https:\/\/www.mansergas.com\/wp-content\/uploads\/2018\/10\/test_impacto2-400x224.jpg 400w, https:\/\/www.mansergas.com\/wp-content\/uploads\/2018\/10\/test_impacto2-600x337.jpg 600w, https:\/\/www.mansergas.com\/wp-content\/uploads\/2018\/10\/test_impacto2-800x449.jpg 800w, https:\/\/www.mansergas.com\/wp-content\/uploads\/2018\/10\/test_impacto2-1200x673.jpg 1200w, https:\/\/www.mansergas.com\/wp-content\/uploads\/2018\/10\/test_impacto2.jpg 1239w\" sizes=\"(max-width: 800px) 100vw, 400px\" \/><\/a><\/span><\/div><\/div><div class=\"fusion-clearfix\"><\/div><\/div><\/div><div class=\"fusion-layout-column fusion_builder_column fusion-builder-column-6 fusion_builder_column_1_6 1_6 fusion-one-sixth\" style=\"--awb-bg-size:cover;width:16.666666666667%;width:calc(16.666666666667% - ( ( 4% + 4% + 4% ) * 0.16666666666667 ) );margin-right: 4%;\"><div class=\"fusion-column-wrapper fusion-flex-column-wrapper-legacy\"><div class=\"fusion-image-element fusion-image-align-center in-legacy-container\" style=\"text-align:center;--awb-caption-title-font-family:var(--h2_typography-font-family);--awb-caption-title-font-weight:var(--h2_typography-font-weight);--awb-caption-title-font-style:var(--h2_typography-font-style);--awb-caption-title-size:var(--h2_typography-font-size);--awb-caption-title-transform:var(--h2_typography-text-transform);--awb-caption-title-line-height:var(--h2_typography-line-height);--awb-caption-title-letter-spacing:var(--h2_typography-letter-spacing);\"><div class=\"imageframe-align-center\"><span class=\" fusion-imageframe imageframe-none imageframe-4 hover-type-none\"><a href=\"http:\/\/www.mansergas.com\/wp-content\/uploads\/2018\/10\/test_impacto3-800x442.jpg\" class=\"fusion-lightbox\" data-rel=\"iLightbox[26af3eddcd04dd5fefb]\" data-caption=\"Test impacto contra pilona escamoteable, la pilona no sufre desperfectos\" data-title=\"test_impacto3\" title=\"test_impacto3\"><img decoding=\"async\" width=\"800\" height=\"442\" src=\"https:\/\/www.mansergas.com\/wp-content\/uploads\/2018\/10\/test_impacto3-800x442.jpg\" alt class=\"img-responsive wp-image-4300\" srcset=\"https:\/\/www.mansergas.com\/wp-content\/uploads\/2018\/10\/test_impacto3-200x110.jpg 200w, https:\/\/www.mansergas.com\/wp-content\/uploads\/2018\/10\/test_impacto3-400x221.jpg 400w, https:\/\/www.mansergas.com\/wp-content\/uploads\/2018\/10\/test_impacto3-600x331.jpg 600w, https:\/\/www.mansergas.com\/wp-content\/uploads\/2018\/10\/test_impacto3-800x442.jpg 800w, https:\/\/www.mansergas.com\/wp-content\/uploads\/2018\/10\/test_impacto3-1200x662.jpg 1200w, https:\/\/www.mansergas.com\/wp-content\/uploads\/2018\/10\/test_impacto3.jpg 1239w\" sizes=\"(max-width: 800px) 100vw, 400px\" \/><\/a><\/span><\/div><\/div><div class=\"fusion-clearfix\"><\/div><\/div><\/div><div class=\"fusion-layout-column fusion_builder_column fusion-builder-column-7 fusion_builder_column_1_2 1_2 fusion-one-half fusion-column-last\" style=\"--awb-bg-size:cover;width:50%;width:calc(50% - ( ( 4% + 4% + 4% ) * 0.5 ) );\"><div class=\"fusion-column-wrapper fusion-flex-column-wrapper-legacy\"><div class=\"fusion-text fusion-text-4\"><p style=\"text-align: justify;\"><span style=\"font-size: 16px;\">Est\u00e1 disponible un completo software de gesti\u00f3n de eventos y de monitorizaci\u00f3n para recopilaci\u00f3n de estad\u00edsticas sobre uso y transito con el que se pueden obtener informaci\u00f3n sobre el uso que hacen las personas o veh\u00edculos del entorno del cerramiento.<\/span><\/p>\n<p style=\"text-align: justify;\"><span style=\"font-size: 16px;\">Cons\u00faltenos para obtener especificaciones t\u00e9cnicas de los productos o sobre cual ser\u00eda nuestra recomendaci\u00f3n para su necesidad.<\/span><\/p>\n<\/div><div class=\"fusion-clearfix\"><\/div><\/div><\/div><\/div><\/div><\/p>\n","protected":false},"excerpt":{"rendered":"","protected":false},"author":1,"featured_media":0,"parent":0,"menu_order":0,"comment_status":"closed","ping_status":"closed","template":"100-width.php","meta":{"footnotes":""},"class_list":["post-4295","page","type-page","status-publish","hentry"],"yoast_head":"<!-- This site is optimized with the Yoast SEO plugin v26.4 - https:\/\/yoast.com\/wordpress\/plugins\/seo\/ -->\n<title>Pilonas y postes Anti-Alunizaje - J.A. Mansergas S.A.<\/title>\n<meta name=\"robots\" content=\"index, follow, max-snippet:-1, max-image-preview:large, max-video-preview:-1\" \/>\n<link rel=\"canonical\" href=\"https:\/\/www.mansergas.com\/mx\/pilonas-y-postes-anti-alunizaje\/\" \/>\n<meta property=\"og:locale\" content=\"es_MX\" \/>\n<meta property=\"og:type\" content=\"article\" \/>\n<meta property=\"og:title\" content=\"Pilonas y postes Anti-Alunizaje - J.A. Mansergas S.A.\" \/>\n<meta property=\"og:url\" content=\"https:\/\/www.mansergas.com\/mx\/pilonas-y-postes-anti-alunizaje\/\" \/>\n<meta property=\"og:site_name\" content=\"J.A. Mansergas S.A.\" \/>\n<meta name=\"twitter:card\" content=\"summary_large_image\" \/>\n<meta name=\"twitter:label1\" content=\"Tiempo de lectura\" \/>\n\t<meta name=\"twitter:data1\" content=\"8 minutos\" \/>\n<script type=\"application\/ld+json\" class=\"yoast-schema-graph\">{\"@context\":\"https:\/\/schema.org\",\"@graph\":[{\"@type\":\"WebPage\",\"@id\":\"https:\/\/www.mansergas.com\/mx\/pilonas-y-postes-anti-alunizaje\/\",\"url\":\"https:\/\/www.mansergas.com\/mx\/pilonas-y-postes-anti-alunizaje\/\",\"name\":\"Pilonas y postes Anti-Alunizaje - J.A. Mansergas S.A.\",\"isPartOf\":{\"@id\":\"https:\/\/www.mansergas.com\/#website\"},\"datePublished\":\"2019-08-22T11:28:14+00:00\",\"breadcrumb\":{\"@id\":\"https:\/\/www.mansergas.com\/mx\/pilonas-y-postes-anti-alunizaje\/#breadcrumb\"},\"inLanguage\":\"es\",\"potentialAction\":[{\"@type\":\"ReadAction\",\"target\":[\"https:\/\/www.mansergas.com\/mx\/pilonas-y-postes-anti-alunizaje\/\"]}]},{\"@type\":\"BreadcrumbList\",\"@id\":\"https:\/\/www.mansergas.com\/mx\/pilonas-y-postes-anti-alunizaje\/#breadcrumb\",\"itemListElement\":[{\"@type\":\"ListItem\",\"position\":1,\"name\":\"Portada\",\"item\":\"https:\/\/www.mansergas.com\/mx\/\"},{\"@type\":\"ListItem\",\"position\":2,\"name\":\"Pilonas y postes Anti-Alunizaje\"}]},{\"@type\":\"WebSite\",\"@id\":\"https:\/\/www.mansergas.com\/#website\",\"url\":\"https:\/\/www.mansergas.com\/\",\"name\":\"J.A. Mansergas S.A.\",\"description\":\"Puertas Mansergas\",\"potentialAction\":[{\"@type\":\"SearchAction\",\"target\":{\"@type\":\"EntryPoint\",\"urlTemplate\":\"https:\/\/www.mansergas.com\/?s={search_term_string}\"},\"query-input\":{\"@type\":\"PropertyValueSpecification\",\"valueRequired\":true,\"valueName\":\"search_term_string\"}}],\"inLanguage\":\"es\"}]}<\/script>\n<!-- \/ Yoast SEO plugin. -->","yoast_head_json":{"title":"Pilonas y postes Anti-Alunizaje - J.A. Mansergas S.A.","robots":{"index":"index","follow":"follow","max-snippet":"max-snippet:-1","max-image-preview":"max-image-preview:large","max-video-preview":"max-video-preview:-1"},"canonical":"https:\/\/www.mansergas.com\/mx\/pilonas-y-postes-anti-alunizaje\/","og_locale":"es_MX","og_type":"article","og_title":"Pilonas y postes Anti-Alunizaje - J.A. Mansergas S.A.","og_url":"https:\/\/www.mansergas.com\/mx\/pilonas-y-postes-anti-alunizaje\/","og_site_name":"J.A. Mansergas S.A.","twitter_card":"summary_large_image","twitter_misc":{"Tiempo de lectura":"8 minutos"},"schema":{"@context":"https:\/\/schema.org","@graph":[{"@type":"WebPage","@id":"https:\/\/www.mansergas.com\/mx\/pilonas-y-postes-anti-alunizaje\/","url":"https:\/\/www.mansergas.com\/mx\/pilonas-y-postes-anti-alunizaje\/","name":"Pilonas y postes Anti-Alunizaje - J.A. Mansergas S.A.","isPartOf":{"@id":"https:\/\/www.mansergas.com\/#website"},"datePublished":"2019-08-22T11:28:14+00:00","breadcrumb":{"@id":"https:\/\/www.mansergas.com\/mx\/pilonas-y-postes-anti-alunizaje\/#breadcrumb"},"inLanguage":"es","potentialAction":[{"@type":"ReadAction","target":["https:\/\/www.mansergas.com\/mx\/pilonas-y-postes-anti-alunizaje\/"]}]},{"@type":"BreadcrumbList","@id":"https:\/\/www.mansergas.com\/mx\/pilonas-y-postes-anti-alunizaje\/#breadcrumb","itemListElement":[{"@type":"ListItem","position":1,"name":"Portada","item":"https:\/\/www.mansergas.com\/mx\/"},{"@type":"ListItem","position":2,"name":"Pilonas y postes Anti-Alunizaje"}]},{"@type":"WebSite","@id":"https:\/\/www.mansergas.com\/#website","url":"https:\/\/www.mansergas.com\/","name":"J.A. Mansergas S.A.","description":"Puertas Mansergas","potentialAction":[{"@type":"SearchAction","target":{"@type":"EntryPoint","urlTemplate":"https:\/\/www.mansergas.com\/?s={search_term_string}"},"query-input":{"@type":"PropertyValueSpecification","valueRequired":true,"valueName":"search_term_string"}}],"inLanguage":"es"}]}},"_links":{"self":[{"href":"https:\/\/www.mansergas.com\/mx\/wp-json\/wp\/v2\/pages\/4295","targetHints":{"allow":["GET"]}}],"collection":[{"href":"https:\/\/www.mansergas.com\/mx\/wp-json\/wp\/v2\/pages"}],"about":[{"href":"https:\/\/www.mansergas.com\/mx\/wp-json\/wp\/v2\/types\/page"}],"author":[{"embeddable":true,"href":"https:\/\/www.mansergas.com\/mx\/wp-json\/wp\/v2\/users\/1"}],"replies":[{"embeddable":true,"href":"https:\/\/www.mansergas.com\/mx\/wp-json\/wp\/v2\/comments?post=4295"}],"version-history":[{"count":2,"href":"https:\/\/www.mansergas.com\/mx\/wp-json\/wp\/v2\/pages\/4295\/revisions"}],"predecessor-version":[{"id":4301,"href":"https:\/\/www.mansergas.com\/mx\/wp-json\/wp\/v2\/pages\/4295\/revisions\/4301"}],"wp:attachment":[{"href":"https:\/\/www.mansergas.com\/mx\/wp-json\/wp\/v2\/media?parent=4295"}],"curies":[{"name":"wp","href":"https:\/\/api.w.org\/{rel}","templated":true}]}}