{"id":4186,"date":"2019-08-22T10:28:23","date_gmt":"2019-08-22T10:28:23","guid":{"rendered":"http:\/\/www.mansergas.com\/?page_id=4186"},"modified":"2019-08-22T10:28:23","modified_gmt":"2019-08-22T10:28:23","slug":"puertas-batientes","status":"publish","type":"page","link":"https:\/\/www.mansergas.com\/mx\/puertas\/puertas-batientes\/","title":{"rendered":"Puertas batientes"},"content":{"rendered":"<p><div class=\"fusion-fullwidth fullwidth-box fusion-builder-row-1 nonhundred-percent-fullwidth non-hundred-percent-height-scrolling\" style=\"--awb-border-radius-top-left:0px;--awb-border-radius-top-right:0px;--awb-border-radius-bottom-right:0px;--awb-border-radius-bottom-left:0px;--awb-flex-wrap:wrap;\" ><div class=\"fusion-builder-row fusion-row\"><div class=\"fusion-layout-column fusion_builder_column fusion-builder-column-0 fusion_builder_column_1_1 1_1 fusion-one-full fusion-column-first fusion-column-last\" style=\"--awb-bg-size:cover;\"><div class=\"fusion-column-wrapper fusion-flex-column-wrapper-legacy\"><div class=\"fusion-text fusion-text-1\"><h2 style=\"margin-bottom: 0px;\"><span style=\"color: #000000;\"><strong>Puertas Batientes<\/strong><\/span><\/h2>\n<\/div><div class=\"fusion-sep-clear\"><\/div><div class=\"fusion-separator fusion-full-width-sep\" style=\"margin-left: auto;margin-right: auto;margin-top:0px;margin-bottom:2%;width:100%;\"><div class=\"fusion-separator-border sep-single sep-solid\" style=\"--awb-height:20px;--awb-amount:20px;--awb-sep-color:#ce0819;border-color:#ce0819;border-top-width:4px;\"><\/div><\/div><div class=\"fusion-sep-clear\"><\/div><div class=\"fusion-clearfix\"><\/div><\/div><\/div><div class=\"fusion-layout-column fusion_builder_column fusion-builder-column-1 fusion_builder_column_1_2 1_2 fusion-one-half fusion-column-first\" style=\"--awb-padding-right:3%;--awb-padding-bottom:3%;--awb-bg-size:cover;--awb-margin-bottom:0px;width:50%;width:calc(50% - ( ( 0% ) * 0.5 ) );margin-right: 0%;\"><div class=\"fusion-column-wrapper fusion-flex-column-wrapper-legacy\"><div class=\"fusion-text fusion-text-2\"><p style=\"text-align: justify;\">Estamos ante una de las soluciones en cerramientos tan antigua como la propia civilizaci\u00f3n.<\/p>\n<p style=\"text-align: justify;\">Tambi\u00e9n conocidas como practicables, la amplia gama de soluciones para este tipo de cerramientos va desde la modesta aplicaci\u00f3n residencial a la industrial de grandes dimensiones. Esto nos ha retado a crear alternativas para todos los entornos y acaparar una vasta experiencia.<\/p>\n<p style=\"text-align: justify;\">En nuestro proceso constructivo, a requerimiento del cliente, las puertas pueden ser fabricadas en paneles de chapa de hojas simples o dobles tipo sanwitch del grosor prescrito, tambi\u00e9n mediante lamas venecianas inclinadas, lamas de acero o planchas de acero corten o inoxidable. En realidad tenemos una serie de soluciones estandarizadas que podemos ofrecer como modelos habituales, pero tambi\u00e9n ofrecemos la posibilidad de realizar para usted una creaci\u00f3n \u00fanica bajo sus necesidades de dise\u00f1o cl\u00e1sico o vanguardista o simplemente para mejor integraci\u00f3n con el entorno del inmueble. En cualquier caso pueden ser lacadas al horno en los distintos colores de la <a href=\"http:\/\/www.mansergas.com\/wp-content\/uploads\/2019\/06\/Carta-Ral.pdf\">carta ral<\/a>.<\/p>\n<\/div><div class=\"fusion-clearfix\"><\/div><\/div><\/div><div class=\"fusion-layout-column fusion_builder_column fusion-builder-column-2 fusion_builder_column_1_2 1_2 fusion-one-half fusion-column-last\" style=\"--awb-bg-image:url(&#039;http:\/\/www.mansergas.com\/wp-content\/uploads\/2018\/10\/spaintir.jpg&#039;);--awb-bg-position:center center;--awb-bg-size:cover;--awb-margin-bottom:0px;width:50%;width:calc(50% - ( ( 0% ) * 0.5 ) );\"><div class=\"fusion-column-wrapper fusion-flex-column-wrapper-legacy fusion-column-has-bg-image\" data-bg-url=\"http:\/\/www.mansergas.com\/wp-content\/uploads\/2018\/10\/spaintir.jpg\"><div class=\"fusion-image-element fusion-image-align-center in-legacy-container\" style=\"text-align:center;--awb-caption-title-font-family:var(--h2_typography-font-family);--awb-caption-title-font-weight:var(--h2_typography-font-weight);--awb-caption-title-font-style:var(--h2_typography-font-style);--awb-caption-title-size:var(--h2_typography-font-size);--awb-caption-title-transform:var(--h2_typography-text-transform);--awb-caption-title-line-height:var(--h2_typography-line-height);--awb-caption-title-letter-spacing:var(--h2_typography-letter-spacing);\"><div class=\"imageframe-align-center\"><span class=\" fusion-imageframe imageframe-none imageframe-1 hover-type-none\"><a href=\"http:\/\/www.mansergas.com\/wp-content\/uploads\/2018\/10\/practicable-splau_1.jpg\" class=\"fusion-lightbox\" data-rel=\"iLightbox[7620fb3bf34fbf67618]\" data-caption=\"Practicable 2 hojas dise\u00f1o\" data-title=\"practicable-splau_1\" title=\"practicable-splau_1\"><img decoding=\"async\" width=\"800\" height=\"600\" src=\"https:\/\/www.mansergas.com\/wp-content\/uploads\/2018\/10\/practicable-splau_1.jpg\" alt class=\"img-responsive wp-image-3938\" srcset=\"https:\/\/www.mansergas.com\/wp-content\/uploads\/2018\/10\/practicable-splau_1-200x150.jpg 200w, https:\/\/www.mansergas.com\/wp-content\/uploads\/2018\/10\/practicable-splau_1-400x300.jpg 400w, https:\/\/www.mansergas.com\/wp-content\/uploads\/2018\/10\/practicable-splau_1-600x450.jpg 600w, https:\/\/www.mansergas.com\/wp-content\/uploads\/2018\/10\/practicable-splau_1.jpg 800w\" sizes=\"(max-width: 800px) 100vw, 800px\" \/><\/a><\/span><\/div><\/div><div class=\"fusion-clearfix\"><\/div><\/div><\/div><div class=\"fusion-layout-column fusion_builder_column fusion-builder-column-3 fusion_builder_column_1_2 1_2 fusion-one-half fusion-column-first\" style=\"--awb-bg-size:cover;width:50%;width:calc(50% - ( ( 0% ) * 0.5 ) );margin-right: 0%;\"><div class=\"fusion-column-wrapper fusion-flex-column-wrapper-legacy\"><div class=\"fusion-image-element fusion-image-align-center in-legacy-container\" style=\"text-align:center;--awb-caption-title-font-family:var(--h2_typography-font-family);--awb-caption-title-font-weight:var(--h2_typography-font-weight);--awb-caption-title-font-style:var(--h2_typography-font-style);--awb-caption-title-size:var(--h2_typography-font-size);--awb-caption-title-transform:var(--h2_typography-text-transform);--awb-caption-title-line-height:var(--h2_typography-line-height);--awb-caption-title-letter-spacing:var(--h2_typography-letter-spacing);\"><div class=\"imageframe-align-center\"><span class=\" fusion-imageframe imageframe-none imageframe-2 hover-type-none\"><img decoding=\"async\" width=\"800\" height=\"600\" title=\"Practicable-2h.perforada-Mercadona\" src=\"https:\/\/www.mansergas.com\/wp-content\/uploads\/2018\/10\/Practicable-2h.perforada-Mercadona-1.jpg\" alt class=\"img-responsive wp-image-3939\" srcset=\"https:\/\/www.mansergas.com\/wp-content\/uploads\/2018\/10\/Practicable-2h.perforada-Mercadona-1-200x150.jpg 200w, https:\/\/www.mansergas.com\/wp-content\/uploads\/2018\/10\/Practicable-2h.perforada-Mercadona-1-400x300.jpg 400w, https:\/\/www.mansergas.com\/wp-content\/uploads\/2018\/10\/Practicable-2h.perforada-Mercadona-1-600x450.jpg 600w, https:\/\/www.mansergas.com\/wp-content\/uploads\/2018\/10\/Practicable-2h.perforada-Mercadona-1.jpg 800w\" sizes=\"(max-width: 800px) 100vw, 800px\" \/><\/span><\/div><\/div><div class=\"fusion-clearfix\"><\/div><\/div><\/div><div class=\"fusion-layout-column fusion_builder_column fusion-builder-column-4 fusion_builder_column_1_2 1_2 fusion-one-half fusion-column-last\" style=\"--awb-padding-top:3%;--awb-padding-left:3%;--awb-bg-size:cover;width:50%;width:calc(50% - ( ( 0% ) * 0.5 ) );\"><div class=\"fusion-column-wrapper fusion-flex-column-wrapper-legacy\"><div class=\"fusion-text fusion-text-3\"><p style=\"text-align: justify;\">Todas ellas son automatizables mediante mecanismos fiables y silenciosos para durar muchos a\u00f1os. Brazos hidr\u00e1ulicos o electromec\u00e1nicos de cerrado suave y sin riesgos. Comandadas y equipadas con distintos tipos de sistemas remotos como puede ser nuestro sistema de apertura remoto a trav\u00e9s de tel\u00e9fono m\u00f3vil sin coste de llamada GSM-KEY, abundancia de complementos, tanto electr\u00f3nicos como electromec\u00e1nicos o mec\u00e1nicos, como pueden ser luces de destellos para maniobras, sem\u00e1foros, cerrojos interiores, y un largo etc.<\/p>\n<p style=\"text-align: justify;\">Se puede equipar el conjunto con los sistemas de seguridad anti-atropello mediante lazo magn\u00e9tico, detecci\u00f3n de sobreesfuerzo, etc.<\/p>\n<p style=\"text-align: justify;\">Los diversos automatismos y motorizaciones pueden ser alimentados por energ\u00eda solar en lugares alejados de n\u00facleos urbanos en entornos de uso moderado.<\/p>\n<\/div><div class=\"fusion-clearfix\"><\/div><\/div><\/div><\/div><\/div><div class=\"fusion-fullwidth fullwidth-box fusion-builder-row-2 nonhundred-percent-fullwidth non-hundred-percent-height-scrolling\" style=\"--awb-border-color:#ce0819;--awb-border-radius-top-left:0px;--awb-border-radius-top-right:0px;--awb-border-radius-bottom-right:0px;--awb-border-radius-bottom-left:0px;--awb-padding-top:2%;--awb-padding-bottom:1%;--awb-padding-left:4%;--awb-background-color:#e5e5e5;--awb-border-sizes-top:0px;--awb-border-sizes-bottom:0px;--awb-flex-wrap:wrap;\" ><div class=\"fusion-builder-row fusion-row\"><div class=\"fusion-layout-column fusion_builder_column fusion-builder-column-5 fusion_builder_column_1_1 1_1 fusion-one-full fusion-column-first fusion-column-last\" style=\"--awb-bg-size:cover;\"><div class=\"fusion-column-wrapper fusion-flex-column-wrapper-legacy\"><div class=\"fusion-text fusion-text-4\"><h2 style=\"margin-bottom: 0px;\"><span style=\"color: #000000;\"><strong>Detalles<\/strong><\/span><\/h2>\n<\/div><div class=\"fusion-sep-clear\"><\/div><div class=\"fusion-separator fusion-full-width-sep\" style=\"margin-left: auto;margin-right: auto;margin-top:0px;margin-bottom:2%;width:100%;\"><div class=\"fusion-separator-border sep-single sep-solid\" style=\"--awb-height:20px;--awb-amount:20px;--awb-sep-color:#ce0819;border-color:#ce0819;border-top-width:4px;\"><\/div><\/div><div class=\"fusion-sep-clear\"><\/div><div class=\"fusion-clearfix\"><\/div><\/div><\/div><div class=\"fusion-layout-column fusion_builder_column fusion-builder-column-6 fusion_builder_column_3_4 3_4 fusion-three-fourth fusion-column-first fusion-column-no-min-height\" style=\"--awb-bg-size:cover;width:75%;width:calc(75% - ( ( 4% ) * 0.75 ) );margin-right: 4%;\"><div class=\"fusion-column-wrapper fusion-flex-column-wrapper-legacy\"><div class=\"fusion-text fusion-text-5\"><h3><span style=\"font-size: 16px;\"><strong>Esta puerta destaca en los siguientes aspectos:<\/strong><\/span><\/h3>\n<ul style=\"list-style-type: circle;\">\n<li>Puede fabricarse en multitud de formas y dise\u00f1os.<\/li>\n<li>Silenciosas.<\/li>\n<li>Puede hacerse en grandes formatos del alto y largo.<\/li>\n<li>Se integra completamente con el conjunto de la obra.<\/li>\n<li>Muy segura para la integridad de las personas.<\/li>\n<li>Uso intensivo.<\/li>\n<\/ul>\n<\/div><div class=\"fusion-clearfix\"><\/div><\/div><\/div><div class=\"fusion-layout-column fusion_builder_column fusion-builder-column-7 fusion_builder_column_1_4 1_4 fusion-one-fourth fusion-column-last\" style=\"--awb-bg-size:cover;width:25%;width:calc(25% - ( ( 4% ) * 0.25 ) );\"><div class=\"fusion-column-wrapper fusion-flex-column-wrapper-legacy\"><div class=\"fusion-column-content-centered\"><div class=\"fusion-column-content\"><div class=\"fusion-text fusion-text-6\"><h3 style=\"text-align: center;\"><strong>\u00c1mbito de uso<\/strong><\/h3>\n<\/div><div class=\"fusion-progressbar fusion-progressbar-text-on-bar\" style=\"--awb-height:30px;--awb-filledcolor:#ff0000;\"><div class=\"fusion-progressbar-bar progress-bar\"><div class=\"progress progress-bar-content\" style=\"width:0%;\" role=\"progressbar\" aria-labelledby=\"awb-progressbar-label-1\" aria-valuemin=\"0\" aria-valuemax=\"100\" aria-valuenow=\"100\"><\/div><\/div> <span class=\"progress-title\" style=\"right: calc(15px + 0%);\"><span class=\"fusion-progressbar-text\" id=\"awb-progressbar-label-1\">Residencial<\/span> <span class=\"fusion-progressbar-value\">100%<\/span><\/span><\/div><div class=\"fusion-progressbar fusion-progressbar-text-on-bar\" style=\"--awb-textcolor:#ffffff;--awb-height:30px;--awb-filledcolor:#ff0000;\"><div class=\"fusion-progressbar-bar progress-bar\"><div class=\"progress progress-bar-content\" style=\"width:0%;\" role=\"progressbar\" aria-labelledby=\"awb-progressbar-label-2\" aria-valuemin=\"0\" aria-valuemax=\"100\" aria-valuenow=\"40\"><\/div><\/div> <span class=\"progress-title\" style=\"right: calc(15px + 60%);\"><span class=\"fusion-progressbar-text\" id=\"awb-progressbar-label-2\">Comercial<\/span> <span class=\"fusion-progressbar-value\">40%<\/span><\/span><\/div><div class=\"fusion-progressbar fusion-progressbar-text-on-bar\" style=\"--awb-textcolor:#ffffff;--awb-height:30px;--awb-filledcolor:#ff0000;\"><div class=\"fusion-progressbar-bar progress-bar\"><div class=\"progress progress-bar-content\" style=\"width:0%;\" role=\"progressbar\" aria-labelledby=\"awb-progressbar-label-3\" aria-valuemin=\"0\" aria-valuemax=\"100\" aria-valuenow=\"100\"><\/div><\/div> <span class=\"progress-title\" style=\"right: calc(15px + 0%);\"><span class=\"fusion-progressbar-text\" id=\"awb-progressbar-label-3\">Industrial<\/span> <span class=\"fusion-progressbar-value\">100%<\/span><\/span><\/div><div class=\"fusion-text fusion-text-7\"><h3 style=\"text-align: center;\"><strong>Calificaci\u00f3n<\/strong><\/h3>\n<\/div><div class=\"fusion-progressbar fusion-progressbar-text-on-bar\" style=\"--awb-height:30px;--awb-filledcolor:#ff0000;\"><div class=\"fusion-progressbar-bar progress-bar\"><div class=\"progress progress-bar-content\" style=\"width:0%;\" role=\"progressbar\" aria-labelledby=\"awb-progressbar-label-4\" aria-valuemin=\"0\" aria-valuemax=\"100\" aria-valuenow=\"80\"><\/div><\/div> <span class=\"progress-title\" style=\"right: calc(15px + 20%);\"><span class=\"fusion-progressbar-text\" id=\"awb-progressbar-label-4\">Seguridad<\/span> <span class=\"fusion-progressbar-value\">80%<\/span><\/span><\/div><div class=\"fusion-progressbar fusion-progressbar-text-on-bar\" style=\"--awb-textcolor:#ffffff;--awb-height:30px;--awb-filledcolor:#ff0000;\"><div class=\"fusion-progressbar-bar progress-bar\"><div class=\"progress progress-bar-content\" style=\"width:0%;\" role=\"progressbar\" aria-labelledby=\"awb-progressbar-label-5\" aria-valuemin=\"0\" aria-valuemax=\"100\" aria-valuenow=\"100\"><\/div><\/div> <span class=\"progress-title\" style=\"right: calc(15px + 0%);\"><span class=\"fusion-progressbar-text\" id=\"awb-progressbar-label-5\">Presencia<\/span> <span class=\"fusion-progressbar-value\">100%<\/span><\/span><\/div><div class=\"fusion-progressbar fusion-progressbar-text-on-bar\" style=\"--awb-textcolor:#ffffff;--awb-height:30px;--awb-filledcolor:#ff0000;\"><div class=\"fusion-progressbar-bar progress-bar\"><div class=\"progress progress-bar-content\" style=\"width:0%;\" role=\"progressbar\" aria-labelledby=\"awb-progressbar-label-6\" aria-valuemin=\"0\" aria-valuemax=\"100\" aria-valuenow=\"60\"><\/div><\/div> <span class=\"progress-title\" style=\"right: calc(15px + 40%);\"><span class=\"fusion-progressbar-text\" id=\"awb-progressbar-label-6\">Frecuencia de uso<\/span> <span class=\"fusion-progressbar-value\">60%<\/span><\/span><\/div><div class=\"fusion-progressbar fusion-progressbar-text-on-bar\" style=\"--awb-height:30px;--awb-filledcolor:#ff0000;\"><div class=\"fusion-progressbar-bar progress-bar\"><div class=\"progress progress-bar-content\" style=\"width:0%;\" role=\"progressbar\" aria-labelledby=\"awb-progressbar-label-7\" aria-valuemin=\"0\" aria-valuemax=\"100\" aria-valuenow=\"100\"><\/div><\/div> <span class=\"progress-title\" style=\"right: calc(15px + 0%);\"><span class=\"fusion-progressbar-text\" id=\"awb-progressbar-label-7\">Personalizable<\/span> <span class=\"fusion-progressbar-value\">100%<\/span><\/span><\/div><\/div><\/div><div class=\"fusion-clearfix\"><\/div><\/div><\/div><\/div><\/div><\/p>\n","protected":false},"excerpt":{"rendered":"","protected":false},"author":1,"featured_media":0,"parent":4116,"menu_order":0,"comment_status":"closed","ping_status":"closed","template":"100-width.php","meta":{"footnotes":""},"class_list":["post-4186","page","type-page","status-publish","hentry"],"yoast_head":"<!-- This site is optimized with the Yoast SEO plugin v26.4 - https:\/\/yoast.com\/wordpress\/plugins\/seo\/ -->\n<title>Puertas batientes - J.A. Mansergas S.A.<\/title>\n<meta name=\"robots\" content=\"index, follow, max-snippet:-1, max-image-preview:large, max-video-preview:-1\" \/>\n<link rel=\"canonical\" href=\"https:\/\/www.mansergas.com\/mx\/puertas\/puertas-batientes\/\" \/>\n<meta property=\"og:locale\" content=\"es_MX\" \/>\n<meta property=\"og:type\" content=\"article\" \/>\n<meta property=\"og:title\" content=\"Puertas batientes - J.A. Mansergas S.A.\" \/>\n<meta property=\"og:url\" content=\"https:\/\/www.mansergas.com\/mx\/puertas\/puertas-batientes\/\" \/>\n<meta property=\"og:site_name\" content=\"J.A. Mansergas S.A.\" \/>\n<meta name=\"twitter:card\" content=\"summary_large_image\" \/>\n<meta name=\"twitter:label1\" content=\"Tiempo de lectura\" \/>\n\t<meta name=\"twitter:data1\" content=\"9 minutos\" \/>\n<script type=\"application\/ld+json\" class=\"yoast-schema-graph\">{\"@context\":\"https:\/\/schema.org\",\"@graph\":[{\"@type\":\"WebPage\",\"@id\":\"https:\/\/www.mansergas.com\/mx\/puertas\/puertas-batientes\/\",\"url\":\"https:\/\/www.mansergas.com\/mx\/puertas\/puertas-batientes\/\",\"name\":\"Puertas batientes - J.A. Mansergas S.A.\",\"isPartOf\":{\"@id\":\"https:\/\/www.mansergas.com\/#website\"},\"datePublished\":\"2019-08-22T10:28:23+00:00\",\"breadcrumb\":{\"@id\":\"https:\/\/www.mansergas.com\/mx\/puertas\/puertas-batientes\/#breadcrumb\"},\"inLanguage\":\"es\",\"potentialAction\":[{\"@type\":\"ReadAction\",\"target\":[\"https:\/\/www.mansergas.com\/mx\/puertas\/puertas-batientes\/\"]}]},{\"@type\":\"BreadcrumbList\",\"@id\":\"https:\/\/www.mansergas.com\/mx\/puertas\/puertas-batientes\/#breadcrumb\",\"itemListElement\":[{\"@type\":\"ListItem\",\"position\":1,\"name\":\"Portada\",\"item\":\"https:\/\/www.mansergas.com\/mx\/\"},{\"@type\":\"ListItem\",\"position\":2,\"name\":\"Puertas\",\"item\":\"https:\/\/www.mansergas.com\/mx\/puertas\/\"},{\"@type\":\"ListItem\",\"position\":3,\"name\":\"Puertas batientes\"}]},{\"@type\":\"WebSite\",\"@id\":\"https:\/\/www.mansergas.com\/#website\",\"url\":\"https:\/\/www.mansergas.com\/\",\"name\":\"J.A. Mansergas S.A.\",\"description\":\"Puertas Mansergas\",\"potentialAction\":[{\"@type\":\"SearchAction\",\"target\":{\"@type\":\"EntryPoint\",\"urlTemplate\":\"https:\/\/www.mansergas.com\/?s={search_term_string}\"},\"query-input\":{\"@type\":\"PropertyValueSpecification\",\"valueRequired\":true,\"valueName\":\"search_term_string\"}}],\"inLanguage\":\"es\"}]}<\/script>\n<!-- \/ Yoast SEO plugin. -->","yoast_head_json":{"title":"Puertas batientes - J.A. Mansergas S.A.","robots":{"index":"index","follow":"follow","max-snippet":"max-snippet:-1","max-image-preview":"max-image-preview:large","max-video-preview":"max-video-preview:-1"},"canonical":"https:\/\/www.mansergas.com\/mx\/puertas\/puertas-batientes\/","og_locale":"es_MX","og_type":"article","og_title":"Puertas batientes - J.A. Mansergas S.A.","og_url":"https:\/\/www.mansergas.com\/mx\/puertas\/puertas-batientes\/","og_site_name":"J.A. Mansergas S.A.","twitter_card":"summary_large_image","twitter_misc":{"Tiempo de lectura":"9 minutos"},"schema":{"@context":"https:\/\/schema.org","@graph":[{"@type":"WebPage","@id":"https:\/\/www.mansergas.com\/mx\/puertas\/puertas-batientes\/","url":"https:\/\/www.mansergas.com\/mx\/puertas\/puertas-batientes\/","name":"Puertas batientes - J.A. Mansergas S.A.","isPartOf":{"@id":"https:\/\/www.mansergas.com\/#website"},"datePublished":"2019-08-22T10:28:23+00:00","breadcrumb":{"@id":"https:\/\/www.mansergas.com\/mx\/puertas\/puertas-batientes\/#breadcrumb"},"inLanguage":"es","potentialAction":[{"@type":"ReadAction","target":["https:\/\/www.mansergas.com\/mx\/puertas\/puertas-batientes\/"]}]},{"@type":"BreadcrumbList","@id":"https:\/\/www.mansergas.com\/mx\/puertas\/puertas-batientes\/#breadcrumb","itemListElement":[{"@type":"ListItem","position":1,"name":"Portada","item":"https:\/\/www.mansergas.com\/mx\/"},{"@type":"ListItem","position":2,"name":"Puertas","item":"https:\/\/www.mansergas.com\/mx\/puertas\/"},{"@type":"ListItem","position":3,"name":"Puertas batientes"}]},{"@type":"WebSite","@id":"https:\/\/www.mansergas.com\/#website","url":"https:\/\/www.mansergas.com\/","name":"J.A. Mansergas S.A.","description":"Puertas Mansergas","potentialAction":[{"@type":"SearchAction","target":{"@type":"EntryPoint","urlTemplate":"https:\/\/www.mansergas.com\/?s={search_term_string}"},"query-input":{"@type":"PropertyValueSpecification","valueRequired":true,"valueName":"search_term_string"}}],"inLanguage":"es"}]}},"_links":{"self":[{"href":"https:\/\/www.mansergas.com\/mx\/wp-json\/wp\/v2\/pages\/4186","targetHints":{"allow":["GET"]}}],"collection":[{"href":"https:\/\/www.mansergas.com\/mx\/wp-json\/wp\/v2\/pages"}],"about":[{"href":"https:\/\/www.mansergas.com\/mx\/wp-json\/wp\/v2\/types\/page"}],"author":[{"embeddable":true,"href":"https:\/\/www.mansergas.com\/mx\/wp-json\/wp\/v2\/users\/1"}],"replies":[{"embeddable":true,"href":"https:\/\/www.mansergas.com\/mx\/wp-json\/wp\/v2\/comments?post=4186"}],"version-history":[{"count":2,"href":"https:\/\/www.mansergas.com\/mx\/wp-json\/wp\/v2\/pages\/4186\/revisions"}],"predecessor-version":[{"id":4188,"href":"https:\/\/www.mansergas.com\/mx\/wp-json\/wp\/v2\/pages\/4186\/revisions\/4188"}],"up":[{"embeddable":true,"href":"https:\/\/www.mansergas.com\/mx\/wp-json\/wp\/v2\/pages\/4116"}],"wp:attachment":[{"href":"https:\/\/www.mansergas.com\/mx\/wp-json\/wp\/v2\/media?parent=4186"}],"curies":[{"name":"wp","href":"https:\/\/api.w.org\/{rel}","templated":true}]}}