{"id":4150,"date":"2019-08-22T09:57:27","date_gmt":"2019-08-22T09:57:27","guid":{"rendered":"http:\/\/www.mansergas.com\/?page_id=4150"},"modified":"2019-08-22T09:57:27","modified_gmt":"2019-08-22T09:57:27","slug":"mono-pared","status":"publish","type":"page","link":"https:\/\/www.mansergas.com\/mx\/puertas\/enrollables\/puertas-enrollables-de-aluminio-y-o-policarbonato\/gama-plana\/mono-pared\/","title":{"rendered":"Mono Pared"},"content":{"rendered":"<p><div class=\"fusion-fullwidth fullwidth-box fusion-builder-row-1 nonhundred-percent-fullwidth non-hundred-percent-height-scrolling\" style=\"--awb-border-radius-top-left:0px;--awb-border-radius-top-right:0px;--awb-border-radius-bottom-right:0px;--awb-border-radius-bottom-left:0px;--awb-flex-wrap:wrap;\" ><div class=\"fusion-builder-row fusion-row\"><div class=\"fusion-layout-column fusion_builder_column fusion-builder-column-0 fusion_builder_column_1_1 1_1 fusion-one-full fusion-column-first fusion-column-last\" style=\"--awb-bg-size:cover;\"><div class=\"fusion-column-wrapper fusion-flex-column-wrapper-legacy\"><div class=\"fusion-text fusion-text-1\"><h2 style=\"margin-bottom: 0px;\"><span style=\"color: #000000;\"><strong>Puertas aluminio mono pared<\/strong><\/span><\/h2>\n<\/div><div class=\"fusion-sep-clear\"><\/div><div class=\"fusion-separator fusion-full-width-sep\" style=\"margin-left: auto;margin-right: auto;margin-top:0px;margin-bottom:2%;width:100%;\"><div class=\"fusion-separator-border sep-single sep-solid\" style=\"--awb-height:20px;--awb-amount:20px;--awb-sep-color:#ce0819;border-color:#ce0819;border-top-width:4px;\"><\/div><\/div><div class=\"fusion-sep-clear\"><\/div><div class=\"fusion-clearfix\"><\/div><\/div><\/div><div class=\"fusion-layout-column fusion_builder_column fusion-builder-column-1 fusion_builder_column_3_4 3_4 fusion-three-fourth fusion-column-first\" style=\"--awb-bg-size:cover;width:75%;width:calc(75% - ( ( 4% ) * 0.75 ) );margin-right: 4%;\"><div class=\"fusion-column-wrapper fusion-flex-column-wrapper-legacy\"><div class=\"fusion-text fusion-text-2\"><p style=\"text-align: justify;\">El mayor compromiso entre precio y presencia en un gran n\u00famero de colores que pueden destacar las caracter\u00edsticas de su negocio o su propia personalidad. La resistencia a la corrosi\u00f3n del aluminio y su ligereza, reducen en gran medida su mantenimiento.<\/p>\n<p style=\"text-align: justify;\">Todos los modelos pueden ser anodizados o lacados seg\u00fan los colores de la <a href=\"http:\/\/www.mansergas.com\/wp-content\/uploads\/2019\/06\/Carta-Ral.pdf\">carta RAL<\/a>.<\/p>\n<p style=\"text-align: justify;\">Este es uno de nuestros productos estrella, introducido por nosotros en el mercado y bastamente imitado.<\/p>\n<\/div><div class=\"fusion-clearfix\"><\/div><\/div><\/div><div class=\"fusion-layout-column fusion_builder_column fusion-builder-column-2 fusion_builder_column_1_4 1_4 fusion-one-fourth fusion-column-last\" style=\"--awb-bg-size:cover;width:25%;width:calc(25% - ( ( 4% ) * 0.25 ) );\"><div class=\"fusion-column-wrapper fusion-flex-column-wrapper-legacy\"><div class=\"fusion-widget-area awb-widget-area-element fusion-widget-area-1 fusion-content-widget-area enrollables-lateral\" style=\"--awb-title-color:#333333;--awb-padding:0px 0px 0px 0px;\"><style type=\"text\/css\" data-id=\"avada-vertical-menu-widget-17\">#avada-vertical-menu-widget-17 > ul.menu { margin-top: -8px; }<\/style><div id=\"avada-vertical-menu-widget-17\" class=\"widget avada_vertical_menu\"><div class=\"heading\"><h4 class=\"widget-title\">Gama plana<\/h4><\/div><style>#fusion-vertical-menu-widget-avada-vertical-menu-widget-17-nav ul.menu li a {font-size:14px;}<\/style><nav id=\"fusion-vertical-menu-widget-avada-vertical-menu-widget-17-nav\" class=\"fusion-vertical-menu-widget fusion-menu click left no-border\" aria-label=\"Secondary Navigation: Gama plana\"><ul id=\"menu-enrollables-aluminio-plana-america-latina\" class=\"menu\"><li id=\"menu-item-4480\" class=\"menu-item menu-item-type-post_type menu-item-object-page menu-item-4480\"><a href=\"https:\/\/www.mansergas.com\/mx\/puertas\/enrollables\/puertas-enrollables-de-aluminio-y-o-policarbonato\/gama-plana\/pared-doble\/\"><span class=\"link-text\"> Pared doble<\/span><span class=\"arrow\"><\/span><\/a><\/li><li id=\"menu-item-4479\" class=\"menu-item menu-item-type-post_type menu-item-object-page menu-item-4479\"><a href=\"https:\/\/www.mansergas.com\/mx\/puertas\/enrollables\/puertas-enrollables-de-aluminio-y-o-policarbonato\/gama-plana\/mono-pared\/\"><span class=\"link-text\"> Mono Pared<\/span><span class=\"arrow\"><\/span><\/a><\/li><li id=\"menu-item-4481\" class=\"menu-item menu-item-type-post_type menu-item-object-page menu-item-4481\"><a href=\"https:\/\/www.mansergas.com\/mx\/puertas\/enrollables\/puertas-enrollables-de-aluminio-y-o-policarbonato\/gama-plana\/termo-aislada\/\"><span class=\"link-text\"> Termo Aislada<\/span><span class=\"arrow\"><\/span><\/a><\/li><\/ul><\/nav><\/div><div class=\"fusion-additional-widget-content\"><\/div><\/div><div class=\"fusion-clearfix\"><\/div><\/div><\/div><div class=\"fusion-layout-column fusion_builder_column fusion-builder-column-3 fusion_builder_column_1_2 1_2 fusion-one-half fusion-column-first\" style=\"--awb-padding-right:3%;--awb-padding-bottom:3%;--awb-bg-size:cover;--awb-margin-bottom:0px;width:50%;width:calc(50% - ( ( 0% ) * 0.5 ) );margin-right: 0%;\"><div class=\"fusion-column-wrapper fusion-flex-column-wrapper-legacy\"><div class=\"fusion-text fusion-text-3\"><p style=\"text-align: justify;\">Esta puerta de aluminio presenta una gran presencia en el acabado exterior, es muy resistente al viento e impactos. Su burlete de goma entre lamas le confiere una estanqueidad casi perfecta, adem\u00e1s de permitir un desenrollado muy silencioso, todo ello impensable en otros conceptos de puerta.<br \/>\nLas lamas de hasta 7,5mts pueden ser de tipo ciego con acabado en aluminio o lacado en color y tambi\u00e9n de tipo microperforado con agujeros de 3,5mm de di\u00e1metro en una ret\u00edcula de 8x8mm, tambi\u00e9n troqueladas con o sin policarbonato transparente de 2mm de espesor, y son prol\u00edficamente combinables con las de nuestro modelo de pared doble con las que disponemos de lamas que pueden aumentar su fortaleza dr\u00e1sticamente mediante la inclusi\u00f3n en el interior del perfil de elementos transversales de acero y gu\u00edas especiales.<\/p>\n<p style=\"text-align: justify;\">Las combinaciones permiten un amplio espectro de aplicaciones en las que se requiera un sistema de ventilaci\u00f3n, paso moderado de luz, visibilidad total con o sin paso de aire.<\/p>\n<p style=\"text-align: justify;\">El perfil terminal, de mayor dimensi\u00f3n, grosor y rigidez que la lama, aloja la cerradura encastada, anclajes de seguridad y un burlete de goma para estanqueidad y aterrizaje silencioso, as\u00ed como los mecanismos de prevenci\u00f3n Securantishock, anti-accidentes que permiten el parado instant\u00e1neo de la maniobra sin que la puerta ni tan solo toque el objeto estorbo.<\/p>\n<\/div><div class=\"fusion-clearfix\"><\/div><\/div><\/div><div class=\"fusion-layout-column fusion_builder_column fusion-builder-column-4 fusion_builder_column_1_2 1_2 fusion-one-half fusion-column-last\" style=\"--awb-bg-image:url(&#039;http:\/\/www.mansergas.com\/wp-content\/uploads\/2018\/10\/spaintir.jpg&#039;);--awb-bg-position:center center;--awb-bg-size:cover;--awb-margin-bottom:0px;width:50%;width:calc(50% - ( ( 0% ) * 0.5 ) );\"><div class=\"fusion-column-wrapper fusion-flex-column-wrapper-legacy fusion-column-has-bg-image\" data-bg-url=\"http:\/\/www.mansergas.com\/wp-content\/uploads\/2018\/10\/spaintir.jpg\"><div class=\"fusion-image-element fusion-image-align-center in-legacy-container\" style=\"text-align:center;--awb-caption-title-font-family:var(--h2_typography-font-family);--awb-caption-title-font-weight:var(--h2_typography-font-weight);--awb-caption-title-font-style:var(--h2_typography-font-style);--awb-caption-title-size:var(--h2_typography-font-size);--awb-caption-title-transform:var(--h2_typography-text-transform);--awb-caption-title-line-height:var(--h2_typography-line-height);--awb-caption-title-letter-spacing:var(--h2_typography-letter-spacing);\"><div class=\"imageframe-align-center\"><span class=\" fusion-imageframe imageframe-none imageframe-1 hover-type-none\"><a href=\"http:\/\/www.mansergas.com\/wp-content\/uploads\/2018\/10\/pared-simple.jpg\" class=\"fusion-lightbox\" data-rel=\"iLightbox[b24a834b6a313e3fff4]\" data-title=\"pared-simple\" title=\"pared-simple\"><img decoding=\"async\" width=\"800\" height=\"600\" src=\"https:\/\/www.mansergas.com\/wp-content\/uploads\/2018\/10\/pared-simple.jpg\" alt class=\"img-responsive wp-image-3909\" srcset=\"https:\/\/www.mansergas.com\/wp-content\/uploads\/2018\/10\/pared-simple-200x150.jpg 200w, https:\/\/www.mansergas.com\/wp-content\/uploads\/2018\/10\/pared-simple-400x300.jpg 400w, https:\/\/www.mansergas.com\/wp-content\/uploads\/2018\/10\/pared-simple-600x450.jpg 600w, https:\/\/www.mansergas.com\/wp-content\/uploads\/2018\/10\/pared-simple.jpg 800w\" sizes=\"(max-width: 800px) 100vw, 800px\" \/><\/a><\/span><\/div><\/div><div class=\"fusion-clearfix\"><\/div><\/div><\/div><\/div><\/div><div class=\"fusion-fullwidth fullwidth-box fusion-builder-row-2 nonhundred-percent-fullwidth non-hundred-percent-height-scrolling\" style=\"--awb-border-color:#ce0819;--awb-border-radius-top-left:0px;--awb-border-radius-top-right:0px;--awb-border-radius-bottom-right:0px;--awb-border-radius-bottom-left:0px;--awb-padding-top:2%;--awb-padding-bottom:1%;--awb-padding-left:4%;--awb-background-color:#e5e5e5;--awb-border-sizes-top:0px;--awb-border-sizes-bottom:0px;--awb-flex-wrap:wrap;\" ><div class=\"fusion-builder-row fusion-row\"><div class=\"fusion-layout-column fusion_builder_column fusion-builder-column-5 fusion_builder_column_1_1 1_1 fusion-one-full fusion-column-first fusion-column-last\" style=\"--awb-bg-size:cover;\"><div class=\"fusion-column-wrapper fusion-flex-column-wrapper-legacy\"><div class=\"fusion-text fusion-text-4\"><h2 style=\"margin-bottom: 0px;\"><span style=\"color: #000000;\"><strong>Detalles<\/strong><\/span><\/h2>\n<\/div><div class=\"fusion-sep-clear\"><\/div><div class=\"fusion-separator fusion-full-width-sep\" style=\"margin-left: auto;margin-right: auto;margin-top:0px;margin-bottom:2%;width:100%;\"><div class=\"fusion-separator-border sep-single sep-solid\" style=\"--awb-height:20px;--awb-amount:20px;--awb-sep-color:#ce0819;border-color:#ce0819;border-top-width:4px;\"><\/div><\/div><div class=\"fusion-sep-clear\"><\/div><div class=\"fusion-clearfix\"><\/div><\/div><\/div><div class=\"fusion-layout-column fusion_builder_column fusion-builder-column-6 fusion_builder_column_3_4 3_4 fusion-three-fourth fusion-column-first fusion-column-no-min-height\" style=\"--awb-bg-size:cover;width:75%;width:calc(75% - ( ( 4% ) * 0.75 ) );margin-right: 4%;\"><div class=\"fusion-column-wrapper fusion-flex-column-wrapper-legacy\"><div class=\"fusion-text fusion-text-5\"><h3 style=\"text-align: justify;\"><span style=\"font-size: 16px;\"><strong>Esta puerta destaca en los siguientes aspectos:<\/strong><\/span><\/h3>\n<ul style=\"list-style-type: circle; text-align: justify;\">\n<li>Presencia exterior excepcional, la puerta presenta un acabado liso sin fisuras que le confiere un aspecto de encaje perfecto como si de una pared de m\u00e1rmol se tratase.<\/li>\n<li>El encaje perfecto permite mantenerla limpia con un esfuerzo m\u00ednimo y adem\u00e1s su grandes superficies lisas son ideales para la personalizaci\u00f3n con logotipos, rotulaci\u00f3n o grafismo, o para librarse de ellos.<\/li>\n<li>Los materiales son de alta calidad, tanto los burletes de goma sint\u00e9tica entre lamas, como los patines de nylon de las gu\u00edas de alt\u00edsima durabilidad.<\/li>\n<li>Las diversas variantes de gu\u00edas laterales disponibles, posibilitan la instalaci\u00f3n en la mayor\u00eda de circunstancias.<\/li>\n<li>Los troqueles en lama pueden ser alineados o intercalados, y tener distintas medidas.<\/li>\n<li>Los troqueles pueden ser cerrados con l\u00e1minas de policarbonato de 2mm de grosor transparentes o coloreadas.<\/li>\n<li>Las lamas pueden tambi\u00e9n ser de tipo microperforado de amplia utilizaci\u00f3n comercial.<\/li>\n<li>Combinable con todos los modelos de lamas de nuestra gama de Pared Doble.<\/li>\n<\/ul>\n<p style=\"text-align: justify;\">Esta puerta se automatiza con motor lateral para maniobras frecuentes o con superior desempe\u00f1o, o con motor central desembragable desde el interior para condiciones de un \u00fanico acceso al interior. Por defecto se equipa con muelles compensatorios para un uso manual ocasional.<\/p>\n<p style=\"text-align: justify;\"><span style=\"font-size: 16px;\"><strong>Se puede equipar el conjunto con medidas suplementarias antirrobo y <a href=\"http:\/\/www.mansergas.com\/mx\/complementos\/pilonas-y-postes-anti-alunizaje\/\">anti-alunizaje<\/a>.<\/strong><\/span><\/p>\n<\/div><div class=\"fusion-clearfix\"><\/div><\/div><\/div><div class=\"fusion-layout-column fusion_builder_column fusion-builder-column-7 fusion_builder_column_1_4 1_4 fusion-one-fourth fusion-column-last\" style=\"--awb-bg-size:cover;width:25%;width:calc(25% - ( ( 4% ) * 0.25 ) );\"><div class=\"fusion-column-wrapper fusion-flex-column-wrapper-legacy\"><div class=\"fusion-column-content-centered\"><div class=\"fusion-column-content\"><div class=\"fusion-text fusion-text-6\"><h3 style=\"text-align: center;\"><strong>\u00c1mbito de uso<\/strong><\/h3>\n<\/div><div class=\"fusion-progressbar fusion-progressbar-text-on-bar\" style=\"--awb-height:30px;--awb-filledcolor:#ff0000;\"><div class=\"fusion-progressbar-bar progress-bar\"><div class=\"progress progress-bar-content\" style=\"width:0%;\" role=\"progressbar\" aria-labelledby=\"awb-progressbar-label-1\" aria-valuemin=\"0\" aria-valuemax=\"100\" aria-valuenow=\"80\"><\/div><\/div> <span class=\"progress-title\" style=\"right: calc(15px + 20%);\"><span class=\"fusion-progressbar-text\" id=\"awb-progressbar-label-1\">Residencial<\/span> <span class=\"fusion-progressbar-value\">80%<\/span><\/span><\/div><div class=\"fusion-progressbar fusion-progressbar-text-on-bar\" style=\"--awb-textcolor:#ffffff;--awb-height:30px;--awb-filledcolor:#ff0000;\"><div class=\"fusion-progressbar-bar progress-bar\"><div class=\"progress progress-bar-content\" style=\"width:0%;\" role=\"progressbar\" aria-labelledby=\"awb-progressbar-label-2\" aria-valuemin=\"0\" aria-valuemax=\"100\" aria-valuenow=\"100\"><\/div><\/div> <span class=\"progress-title\" style=\"right: calc(15px + 0%);\"><span class=\"fusion-progressbar-text\" id=\"awb-progressbar-label-2\">Comercial<\/span> <span class=\"fusion-progressbar-value\">100%<\/span><\/span><\/div><div class=\"fusion-progressbar fusion-progressbar-text-on-bar\" style=\"--awb-textcolor:#ffffff;--awb-height:30px;--awb-filledcolor:#ff0000;\"><div class=\"fusion-progressbar-bar progress-bar\"><div class=\"progress progress-bar-content\" style=\"width:0%;\" role=\"progressbar\" aria-labelledby=\"awb-progressbar-label-3\" aria-valuemin=\"0\" aria-valuemax=\"100\" aria-valuenow=\"60\"><\/div><\/div> <span class=\"progress-title\" style=\"right: calc(15px + 40%);\"><span class=\"fusion-progressbar-text\" id=\"awb-progressbar-label-3\">Industrial<\/span> <span class=\"fusion-progressbar-value\">60%<\/span><\/span><\/div><div class=\"fusion-text fusion-text-7\"><h3 style=\"text-align: center;\"><strong>Calificaci\u00f3n<\/strong><\/h3>\n<\/div><div class=\"fusion-progressbar fusion-progressbar-text-on-bar\" style=\"--awb-height:30px;--awb-filledcolor:#ff0000;\"><div class=\"fusion-progressbar-bar progress-bar\"><div class=\"progress progress-bar-content\" style=\"width:0%;\" role=\"progressbar\" aria-labelledby=\"awb-progressbar-label-4\" aria-valuemin=\"0\" aria-valuemax=\"100\" aria-valuenow=\"60\"><\/div><\/div> <span class=\"progress-title\" style=\"right: calc(15px + 40%);\"><span class=\"fusion-progressbar-text\" id=\"awb-progressbar-label-4\">Seguridad<\/span> <span class=\"fusion-progressbar-value\">60%<\/span><\/span><\/div><div class=\"fusion-progressbar fusion-progressbar-text-on-bar\" style=\"--awb-textcolor:#ffffff;--awb-height:30px;--awb-filledcolor:#ff0000;\"><div class=\"fusion-progressbar-bar progress-bar\"><div class=\"progress progress-bar-content\" style=\"width:0%;\" role=\"progressbar\" aria-labelledby=\"awb-progressbar-label-5\" aria-valuemin=\"0\" aria-valuemax=\"100\" aria-valuenow=\"80\"><\/div><\/div> <span class=\"progress-title\" style=\"right: calc(15px + 20%);\"><span class=\"fusion-progressbar-text\" id=\"awb-progressbar-label-5\">Presencia<\/span> <span class=\"fusion-progressbar-value\">80%<\/span><\/span><\/div><div class=\"fusion-progressbar fusion-progressbar-text-on-bar\" style=\"--awb-textcolor:#ffffff;--awb-height:30px;--awb-filledcolor:#ff0000;\"><div class=\"fusion-progressbar-bar progress-bar\"><div class=\"progress progress-bar-content\" style=\"width:0%;\" role=\"progressbar\" aria-labelledby=\"awb-progressbar-label-6\" aria-valuemin=\"0\" aria-valuemax=\"100\" aria-valuenow=\"60\"><\/div><\/div> <span class=\"progress-title\" style=\"right: calc(15px + 40%);\"><span class=\"fusion-progressbar-text\" id=\"awb-progressbar-label-6\">Frecuencia de uso<\/span> <span class=\"fusion-progressbar-value\">60%<\/span><\/span><\/div><div class=\"fusion-progressbar fusion-progressbar-text-on-bar\" style=\"--awb-height:30px;--awb-filledcolor:#ff0000;\"><div class=\"fusion-progressbar-bar progress-bar\"><div class=\"progress progress-bar-content\" style=\"width:0%;\" role=\"progressbar\" aria-labelledby=\"awb-progressbar-label-7\" aria-valuemin=\"0\" aria-valuemax=\"100\" aria-valuenow=\"100\"><\/div><\/div> <span class=\"progress-title\" style=\"right: calc(15px + 0%);\"><span class=\"fusion-progressbar-text\" id=\"awb-progressbar-label-7\">Personalizable<\/span> <span class=\"fusion-progressbar-value\">100%<\/span><\/span><\/div><\/div><\/div><div class=\"fusion-clearfix\"><\/div><\/div><\/div><\/div><\/div><\/p>\n","protected":false},"excerpt":{"rendered":"","protected":false},"author":1,"featured_media":0,"parent":4147,"menu_order":0,"comment_status":"closed","ping_status":"closed","template":"100-width.php","meta":{"footnotes":""},"class_list":["post-4150","page","type-page","status-publish","hentry"],"yoast_head":"<!-- This site is optimized with the Yoast SEO plugin v26.4 - https:\/\/yoast.com\/wordpress\/plugins\/seo\/ -->\n<title>Mono Pared - J.A. Mansergas S.A.<\/title>\n<meta name=\"robots\" content=\"index, follow, max-snippet:-1, max-image-preview:large, max-video-preview:-1\" \/>\n<link rel=\"canonical\" href=\"https:\/\/www.mansergas.com\/mx\/puertas\/enrollables\/puertas-enrollables-de-aluminio-y-o-policarbonato\/gama-plana\/mono-pared\/\" \/>\n<meta property=\"og:locale\" content=\"es_MX\" \/>\n<meta property=\"og:type\" content=\"article\" \/>\n<meta property=\"og:title\" content=\"Mono Pared - J.A. Mansergas S.A.\" \/>\n<meta property=\"og:url\" content=\"https:\/\/www.mansergas.com\/mx\/puertas\/enrollables\/puertas-enrollables-de-aluminio-y-o-policarbonato\/gama-plana\/mono-pared\/\" \/>\n<meta property=\"og:site_name\" content=\"J.A. Mansergas S.A.\" \/>\n<meta name=\"twitter:card\" content=\"summary_large_image\" \/>\n<meta name=\"twitter:label1\" content=\"Tiempo de lectura\" \/>\n\t<meta name=\"twitter:data1\" content=\"10 minutos\" \/>\n<script type=\"application\/ld+json\" class=\"yoast-schema-graph\">{\"@context\":\"https:\/\/schema.org\",\"@graph\":[{\"@type\":\"WebPage\",\"@id\":\"https:\/\/www.mansergas.com\/mx\/puertas\/enrollables\/puertas-enrollables-de-aluminio-y-o-policarbonato\/gama-plana\/mono-pared\/\",\"url\":\"https:\/\/www.mansergas.com\/mx\/puertas\/enrollables\/puertas-enrollables-de-aluminio-y-o-policarbonato\/gama-plana\/mono-pared\/\",\"name\":\"Mono Pared - J.A. Mansergas S.A.\",\"isPartOf\":{\"@id\":\"https:\/\/www.mansergas.com\/#website\"},\"datePublished\":\"2019-08-22T09:57:27+00:00\",\"breadcrumb\":{\"@id\":\"https:\/\/www.mansergas.com\/mx\/puertas\/enrollables\/puertas-enrollables-de-aluminio-y-o-policarbonato\/gama-plana\/mono-pared\/#breadcrumb\"},\"inLanguage\":\"es\",\"potentialAction\":[{\"@type\":\"ReadAction\",\"target\":[\"https:\/\/www.mansergas.com\/mx\/puertas\/enrollables\/puertas-enrollables-de-aluminio-y-o-policarbonato\/gama-plana\/mono-pared\/\"]}]},{\"@type\":\"BreadcrumbList\",\"@id\":\"https:\/\/www.mansergas.com\/mx\/puertas\/enrollables\/puertas-enrollables-de-aluminio-y-o-policarbonato\/gama-plana\/mono-pared\/#breadcrumb\",\"itemListElement\":[{\"@type\":\"ListItem\",\"position\":1,\"name\":\"Portada\",\"item\":\"https:\/\/www.mansergas.com\/mx\/\"},{\"@type\":\"ListItem\",\"position\":2,\"name\":\"Puertas\",\"item\":\"https:\/\/www.mansergas.com\/mx\/puertas\/\"},{\"@type\":\"ListItem\",\"position\":3,\"name\":\"Enrollables\",\"item\":\"https:\/\/www.mansergas.com\/mx\/puertas\/enrollables\/\"},{\"@type\":\"ListItem\",\"position\":4,\"name\":\"Puertas enrollables de aluminio y\/o policarbonato\",\"item\":\"https:\/\/www.mansergas.com\/mx\/puertas\/enrollables\/puertas-enrollables-de-aluminio-y-o-policarbonato\/\"},{\"@type\":\"ListItem\",\"position\":5,\"name\":\"Gama plana\",\"item\":\"https:\/\/www.mansergas.com\/mx\/puertas\/enrollables\/puertas-enrollables-de-aluminio-y-o-policarbonato\/gama-plana\/\"},{\"@type\":\"ListItem\",\"position\":6,\"name\":\"Mono Pared\"}]},{\"@type\":\"WebSite\",\"@id\":\"https:\/\/www.mansergas.com\/#website\",\"url\":\"https:\/\/www.mansergas.com\/\",\"name\":\"J.A. Mansergas S.A.\",\"description\":\"Puertas Mansergas\",\"potentialAction\":[{\"@type\":\"SearchAction\",\"target\":{\"@type\":\"EntryPoint\",\"urlTemplate\":\"https:\/\/www.mansergas.com\/?s={search_term_string}\"},\"query-input\":{\"@type\":\"PropertyValueSpecification\",\"valueRequired\":true,\"valueName\":\"search_term_string\"}}],\"inLanguage\":\"es\"}]}<\/script>\n<!-- \/ Yoast SEO plugin. -->","yoast_head_json":{"title":"Mono Pared - J.A. Mansergas S.A.","robots":{"index":"index","follow":"follow","max-snippet":"max-snippet:-1","max-image-preview":"max-image-preview:large","max-video-preview":"max-video-preview:-1"},"canonical":"https:\/\/www.mansergas.com\/mx\/puertas\/enrollables\/puertas-enrollables-de-aluminio-y-o-policarbonato\/gama-plana\/mono-pared\/","og_locale":"es_MX","og_type":"article","og_title":"Mono Pared - J.A. Mansergas S.A.","og_url":"https:\/\/www.mansergas.com\/mx\/puertas\/enrollables\/puertas-enrollables-de-aluminio-y-o-policarbonato\/gama-plana\/mono-pared\/","og_site_name":"J.A. Mansergas S.A.","twitter_card":"summary_large_image","twitter_misc":{"Tiempo de lectura":"10 minutos"},"schema":{"@context":"https:\/\/schema.org","@graph":[{"@type":"WebPage","@id":"https:\/\/www.mansergas.com\/mx\/puertas\/enrollables\/puertas-enrollables-de-aluminio-y-o-policarbonato\/gama-plana\/mono-pared\/","url":"https:\/\/www.mansergas.com\/mx\/puertas\/enrollables\/puertas-enrollables-de-aluminio-y-o-policarbonato\/gama-plana\/mono-pared\/","name":"Mono Pared - J.A. Mansergas S.A.","isPartOf":{"@id":"https:\/\/www.mansergas.com\/#website"},"datePublished":"2019-08-22T09:57:27+00:00","breadcrumb":{"@id":"https:\/\/www.mansergas.com\/mx\/puertas\/enrollables\/puertas-enrollables-de-aluminio-y-o-policarbonato\/gama-plana\/mono-pared\/#breadcrumb"},"inLanguage":"es","potentialAction":[{"@type":"ReadAction","target":["https:\/\/www.mansergas.com\/mx\/puertas\/enrollables\/puertas-enrollables-de-aluminio-y-o-policarbonato\/gama-plana\/mono-pared\/"]}]},{"@type":"BreadcrumbList","@id":"https:\/\/www.mansergas.com\/mx\/puertas\/enrollables\/puertas-enrollables-de-aluminio-y-o-policarbonato\/gama-plana\/mono-pared\/#breadcrumb","itemListElement":[{"@type":"ListItem","position":1,"name":"Portada","item":"https:\/\/www.mansergas.com\/mx\/"},{"@type":"ListItem","position":2,"name":"Puertas","item":"https:\/\/www.mansergas.com\/mx\/puertas\/"},{"@type":"ListItem","position":3,"name":"Enrollables","item":"https:\/\/www.mansergas.com\/mx\/puertas\/enrollables\/"},{"@type":"ListItem","position":4,"name":"Puertas enrollables de aluminio y\/o policarbonato","item":"https:\/\/www.mansergas.com\/mx\/puertas\/enrollables\/puertas-enrollables-de-aluminio-y-o-policarbonato\/"},{"@type":"ListItem","position":5,"name":"Gama plana","item":"https:\/\/www.mansergas.com\/mx\/puertas\/enrollables\/puertas-enrollables-de-aluminio-y-o-policarbonato\/gama-plana\/"},{"@type":"ListItem","position":6,"name":"Mono Pared"}]},{"@type":"WebSite","@id":"https:\/\/www.mansergas.com\/#website","url":"https:\/\/www.mansergas.com\/","name":"J.A. Mansergas S.A.","description":"Puertas Mansergas","potentialAction":[{"@type":"SearchAction","target":{"@type":"EntryPoint","urlTemplate":"https:\/\/www.mansergas.com\/?s={search_term_string}"},"query-input":{"@type":"PropertyValueSpecification","valueRequired":true,"valueName":"search_term_string"}}],"inLanguage":"es"}]}},"_links":{"self":[{"href":"https:\/\/www.mansergas.com\/mx\/wp-json\/wp\/v2\/pages\/4150","targetHints":{"allow":["GET"]}}],"collection":[{"href":"https:\/\/www.mansergas.com\/mx\/wp-json\/wp\/v2\/pages"}],"about":[{"href":"https:\/\/www.mansergas.com\/mx\/wp-json\/wp\/v2\/types\/page"}],"author":[{"embeddable":true,"href":"https:\/\/www.mansergas.com\/mx\/wp-json\/wp\/v2\/users\/1"}],"replies":[{"embeddable":true,"href":"https:\/\/www.mansergas.com\/mx\/wp-json\/wp\/v2\/comments?post=4150"}],"version-history":[{"count":5,"href":"https:\/\/www.mansergas.com\/mx\/wp-json\/wp\/v2\/pages\/4150\/revisions"}],"predecessor-version":[{"id":4155,"href":"https:\/\/www.mansergas.com\/mx\/wp-json\/wp\/v2\/pages\/4150\/revisions\/4155"}],"up":[{"embeddable":true,"href":"https:\/\/www.mansergas.com\/mx\/wp-json\/wp\/v2\/pages\/4147"}],"wp:attachment":[{"href":"https:\/\/www.mansergas.com\/mx\/wp-json\/wp\/v2\/media?parent=4150"}],"curies":[{"name":"wp","href":"https:\/\/api.w.org\/{rel}","templated":true}]}}