{"id":4414,"date":"2019-08-22T16:16:07","date_gmt":"2019-08-22T16:16:07","guid":{"rendered":"http:\/\/www.mansergas.com\/?page_id=4414"},"modified":"2019-08-22T16:16:34","modified_gmt":"2019-08-22T16:16:34","slug":"rigida","status":"publish","type":"page","link":"https:\/\/www.mansergas.com\/fr\/rigida\/","title":{"rendered":"R\u00edgida"},"content":{"rendered":"<div class=\"fusion-fullwidth fullwidth-box fusion-builder-row-1 nonhundred-percent-fullwidth non-hundred-percent-height-scrolling\" style=\"--awb-border-radius-top-left:0px;--awb-border-radius-top-right:0px;--awb-border-radius-bottom-right:0px;--awb-border-radius-bottom-left:0px;--awb-flex-wrap:wrap;\" ><div class=\"fusion-builder-row fusion-row\"><div class=\"fusion-layout-column fusion_builder_column fusion-builder-column-0 fusion_builder_column_1_1 1_1 fusion-one-full fusion-column-first fusion-column-last\" style=\"--awb-bg-size:cover;\"><div class=\"fusion-column-wrapper fusion-flex-column-wrapper-legacy\"><div class=\"fusion-text fusion-text-1\"><h2><strong>Motorizaci\u00f3n de puertas correderas r\u00edgidas<\/strong><\/h2>\n<\/div><div class=\"fusion-sep-clear\"><\/div><div class=\"fusion-separator fusion-full-width-sep\" style=\"margin-left: auto;margin-right: auto;margin-bottom:3%;width:100%;\"><div class=\"fusion-separator-border sep-single sep-solid\" style=\"--awb-height:20px;--awb-amount:20px;--awb-sep-color:#ce0819;border-color:#ce0819;border-top-width:3px;\"><\/div><\/div><div class=\"fusion-sep-clear\"><\/div><div class=\"fusion-text fusion-text-2\"><p style=\"text-align: justify;\"><span style=\"font-size: 16px;\">Los automatismos para puertas correderas son los m\u00e1s confiables y pueden vencer, si es necesario, ciertos desniveles del terreno.<\/span><\/p>\n<p style=\"text-align: justify;\"><span style=\"font-size: 16px;\">El acople del pi\u00f1\u00f3n de ataque del motor a una cremallera dentada en la hoja de la propia puerta, es el mecanismo para la transmisi\u00f3n del movimiento. Esta cremallera puede ser oculta.<\/span><\/p>\n<p style=\"text-align: justify;\"><span style=\"font-size: 16px;\">Los motores son silenciosos y pueden estar equipados con arranques o paros suaves, y tambi\u00e9n con mecanismos de embrague con regulaci\u00f3n de la fuerza. La velocidad puede ser regulada para conseguir los resultados esperados.<\/span><\/p>\n<p style=\"text-align: justify;\"><span style=\"font-size: 16px;\">El conjunto se puede controlar con mandos a distancia o apertura desde tel\u00e9fonos m\u00f3viles, y asistir con luces de se\u00f1alizaci\u00f3n de emergencia, lazos magn\u00e9ticos para la detecci\u00f3n de veh\u00edculos en uno o en ambos lados de la puerta, y naturalmente con la temporizac\u00f3n de la maniobra para un cerrado autom\u00e1tico.<\/span><\/p>\n<p style=\"text-align: justify;\"><span style=\"font-size: 16px;\">Como medidas de seguridad contra accidentes se equipa con c\u00e9lula fotoel\u00e9ctrica, bandas de detecci\u00f3n por contacto o sistema de detecci\u00f3n de sobreesfuerzo del motor. Estos sistemas van apoyados con un sistema de freno que elimina la inercia de la puerta en caso de un paro de emergencia inmediato.<\/span><\/p>\n<p style=\"text-align: justify;\"><span style=\"font-size: 16px;\">En caso de fallo de suministro el\u00e9ctrico se pueden operar manualmente sin esfuerzo desbloqueando el motor mediante una llave de seguridad. Aunque se puede equipar al conjunto de un sistema de alimentaci\u00f3n ininterrumpida basado en bater\u00edas recargables e incluso en lugares sin suministro el\u00e9ctrico con el soporte de paneles solares fotovoltaicos.<\/span><\/p>\n<\/div><div class=\"fusion-clearfix\"><\/div><\/div><\/div><\/div><\/div>\n","protected":false},"excerpt":{"rendered":"","protected":false},"author":1,"featured_media":0,"parent":0,"menu_order":0,"comment_status":"closed","ping_status":"closed","template":"100-width.php","meta":{"footnotes":""},"class_list":["post-4414","page","type-page","status-publish","hentry"],"yoast_head":"<!-- This site is optimized with the Yoast SEO plugin v26.4 - https:\/\/yoast.com\/wordpress\/plugins\/seo\/ -->\n<title>R\u00edgida - J.A. Mansergas S.A.<\/title>\n<meta name=\"robots\" content=\"index, follow, max-snippet:-1, max-image-preview:large, max-video-preview:-1\" \/>\n<link rel=\"canonical\" href=\"https:\/\/www.mansergas.com\/fr\/rigida\/\" \/>\n<meta property=\"og:locale\" content=\"fr_FR\" \/>\n<meta property=\"og:type\" content=\"article\" \/>\n<meta property=\"og:title\" content=\"R\u00edgida - J.A. Mansergas S.A.\" \/>\n<meta property=\"og:url\" content=\"https:\/\/www.mansergas.com\/fr\/rigida\/\" \/>\n<meta property=\"og:site_name\" content=\"J.A. Mansergas S.A.\" \/>\n<meta property=\"article:modified_time\" content=\"2019-08-22T16:16:34+00:00\" \/>\n<meta name=\"twitter:card\" content=\"summary_large_image\" \/>\n<meta name=\"twitter:label1\" content=\"Dur\u00e9e de lecture estim\u00e9e\" \/>\n\t<meta name=\"twitter:data1\" content=\"3 minutes\" \/>\n<script type=\"application\/ld+json\" class=\"yoast-schema-graph\">{\"@context\":\"https:\/\/schema.org\",\"@graph\":[{\"@type\":\"WebPage\",\"@id\":\"https:\/\/www.mansergas.com\/fr\/rigida\/\",\"url\":\"https:\/\/www.mansergas.com\/fr\/rigida\/\",\"name\":\"R\u00edgida - J.A. Mansergas S.A.\",\"isPartOf\":{\"@id\":\"https:\/\/www.mansergas.com\/#website\"},\"datePublished\":\"2019-08-22T16:16:07+00:00\",\"dateModified\":\"2019-08-22T16:16:34+00:00\",\"breadcrumb\":{\"@id\":\"https:\/\/www.mansergas.com\/fr\/rigida\/#breadcrumb\"},\"inLanguage\":\"fr-FR\",\"potentialAction\":[{\"@type\":\"ReadAction\",\"target\":[\"https:\/\/www.mansergas.com\/fr\/rigida\/\"]}]},{\"@type\":\"BreadcrumbList\",\"@id\":\"https:\/\/www.mansergas.com\/fr\/rigida\/#breadcrumb\",\"itemListElement\":[{\"@type\":\"ListItem\",\"position\":1,\"name\":\"Portada\",\"item\":\"https:\/\/www.mansergas.com\/fr\/\"},{\"@type\":\"ListItem\",\"position\":2,\"name\":\"R\u00edgida\"}]},{\"@type\":\"WebSite\",\"@id\":\"https:\/\/www.mansergas.com\/#website\",\"url\":\"https:\/\/www.mansergas.com\/\",\"name\":\"J.A. Mansergas S.A.\",\"description\":\"Puertas Mansergas\",\"potentialAction\":[{\"@type\":\"SearchAction\",\"target\":{\"@type\":\"EntryPoint\",\"urlTemplate\":\"https:\/\/www.mansergas.com\/?s={search_term_string}\"},\"query-input\":{\"@type\":\"PropertyValueSpecification\",\"valueRequired\":true,\"valueName\":\"search_term_string\"}}],\"inLanguage\":\"fr-FR\"}]}<\/script>\n<!-- \/ Yoast SEO plugin. -->","yoast_head_json":{"title":"R\u00edgida - J.A. Mansergas S.A.","robots":{"index":"index","follow":"follow","max-snippet":"max-snippet:-1","max-image-preview":"max-image-preview:large","max-video-preview":"max-video-preview:-1"},"canonical":"https:\/\/www.mansergas.com\/fr\/rigida\/","og_locale":"fr_FR","og_type":"article","og_title":"R\u00edgida - J.A. Mansergas S.A.","og_url":"https:\/\/www.mansergas.com\/fr\/rigida\/","og_site_name":"J.A. Mansergas S.A.","article_modified_time":"2019-08-22T16:16:34+00:00","twitter_card":"summary_large_image","twitter_misc":{"Dur\u00e9e de lecture estim\u00e9e":"3 minutes"},"schema":{"@context":"https:\/\/schema.org","@graph":[{"@type":"WebPage","@id":"https:\/\/www.mansergas.com\/fr\/rigida\/","url":"https:\/\/www.mansergas.com\/fr\/rigida\/","name":"R\u00edgida - J.A. Mansergas S.A.","isPartOf":{"@id":"https:\/\/www.mansergas.com\/#website"},"datePublished":"2019-08-22T16:16:07+00:00","dateModified":"2019-08-22T16:16:34+00:00","breadcrumb":{"@id":"https:\/\/www.mansergas.com\/fr\/rigida\/#breadcrumb"},"inLanguage":"fr-FR","potentialAction":[{"@type":"ReadAction","target":["https:\/\/www.mansergas.com\/fr\/rigida\/"]}]},{"@type":"BreadcrumbList","@id":"https:\/\/www.mansergas.com\/fr\/rigida\/#breadcrumb","itemListElement":[{"@type":"ListItem","position":1,"name":"Portada","item":"https:\/\/www.mansergas.com\/fr\/"},{"@type":"ListItem","position":2,"name":"R\u00edgida"}]},{"@type":"WebSite","@id":"https:\/\/www.mansergas.com\/#website","url":"https:\/\/www.mansergas.com\/","name":"J.A. Mansergas S.A.","description":"Puertas Mansergas","potentialAction":[{"@type":"SearchAction","target":{"@type":"EntryPoint","urlTemplate":"https:\/\/www.mansergas.com\/?s={search_term_string}"},"query-input":{"@type":"PropertyValueSpecification","valueRequired":true,"valueName":"search_term_string"}}],"inLanguage":"fr-FR"}]}},"_links":{"self":[{"href":"https:\/\/www.mansergas.com\/fr\/wp-json\/wp\/v2\/pages\/4414","targetHints":{"allow":["GET"]}}],"collection":[{"href":"https:\/\/www.mansergas.com\/fr\/wp-json\/wp\/v2\/pages"}],"about":[{"href":"https:\/\/www.mansergas.com\/fr\/wp-json\/wp\/v2\/types\/page"}],"author":[{"embeddable":true,"href":"https:\/\/www.mansergas.com\/fr\/wp-json\/wp\/v2\/users\/1"}],"replies":[{"embeddable":true,"href":"https:\/\/www.mansergas.com\/fr\/wp-json\/wp\/v2\/comments?post=4414"}],"version-history":[{"count":2,"href":"https:\/\/www.mansergas.com\/fr\/wp-json\/wp\/v2\/pages\/4414\/revisions"}],"predecessor-version":[{"id":4416,"href":"https:\/\/www.mansergas.com\/fr\/wp-json\/wp\/v2\/pages\/4414\/revisions\/4416"}],"wp:attachment":[{"href":"https:\/\/www.mansergas.com\/fr\/wp-json\/wp\/v2\/media?parent=4414"}],"curies":[{"name":"wp","href":"https:\/\/api.w.org\/{rel}","templated":true}]}}