{"id":4394,"date":"2019-08-22T16:03:32","date_gmt":"2019-08-22T16:03:32","guid":{"rendered":"http:\/\/www.mansergas.com\/?page_id=4394"},"modified":"2019-08-22T16:04:02","modified_gmt":"2019-08-22T16:04:02","slug":"gsm-key","status":"publish","type":"page","link":"https:\/\/www.mansergas.com\/fr\/gsm-key\/","title":{"rendered":"GSM-Key Abrir puertas con el tel\u00e9fono m\u00f3vil"},"content":{"rendered":"<p><div class=\"fusion-fullwidth fullwidth-box fusion-builder-row-1 nonhundred-percent-fullwidth non-hundred-percent-height-scrolling\" style=\"--awb-border-radius-top-left:0px;--awb-border-radius-top-right:0px;--awb-border-radius-bottom-right:0px;--awb-border-radius-bottom-left:0px;--awb-flex-wrap:wrap;\" ><div class=\"fusion-builder-row fusion-row\"><div class=\"fusion-layout-column fusion_builder_column fusion-builder-column-0 fusion_builder_column_1_3 1_3 fusion-one-third fusion-column-first\" style=\"--awb-bg-size:cover;width:33.333333333333%;width:calc(33.333333333333% - ( ( 4% + 4% ) * 0.33333333333333 ) );margin-right: 4%;\"><div class=\"fusion-column-wrapper fusion-flex-column-wrapper-legacy\"><div class=\"fusion-image-element fusion-image-align-center in-legacy-container\" style=\"text-align:center;--awb-caption-title-font-family:var(--h2_typography-font-family);--awb-caption-title-font-weight:var(--h2_typography-font-weight);--awb-caption-title-font-style:var(--h2_typography-font-style);--awb-caption-title-size:var(--h2_typography-font-size);--awb-caption-title-transform:var(--h2_typography-text-transform);--awb-caption-title-line-height:var(--h2_typography-line-height);--awb-caption-title-letter-spacing:var(--h2_typography-letter-spacing);\"><div class=\"imageframe-align-center\"><span class=\" fusion-imageframe imageframe-none imageframe-1 hover-type-none\"><img decoding=\"async\" width=\"305\" height=\"132\" title=\"final-bo\" src=\"https:\/\/www.mansergas.com\/wp-content\/uploads\/2018\/10\/final-bo.jpg\" alt class=\"img-responsive wp-image-2953\" srcset=\"https:\/\/www.mansergas.com\/wp-content\/uploads\/2018\/10\/final-bo-200x87.jpg 200w, https:\/\/www.mansergas.com\/wp-content\/uploads\/2018\/10\/final-bo.jpg 305w\" sizes=\"(max-width: 800px) 100vw, 305px\" \/><\/span><\/div><\/div><div class=\"fusion-clearfix\"><\/div><\/div><\/div><div class=\"fusion-layout-column fusion_builder_column fusion-builder-column-1 fusion_builder_column_1_3 1_3 fusion-one-third\" style=\"--awb-bg-size:cover;width:33.333333333333%;width:calc(33.333333333333% - ( ( 4% + 4% ) * 0.33333333333333 ) );margin-right: 4%;\"><div class=\"fusion-column-wrapper fusion-flex-column-wrapper-legacy\"><div class=\"fusion-image-element fusion-image-align-center in-legacy-container\" style=\"text-align:center;--awb-caption-title-font-family:var(--h2_typography-font-family);--awb-caption-title-font-weight:var(--h2_typography-font-weight);--awb-caption-title-font-style:var(--h2_typography-font-style);--awb-caption-title-size:var(--h2_typography-font-size);--awb-caption-title-transform:var(--h2_typography-text-transform);--awb-caption-title-line-height:var(--h2_typography-line-height);--awb-caption-title-letter-spacing:var(--h2_typography-letter-spacing);\"><div class=\"imageframe-align-center\"><span class=\" fusion-imageframe imageframe-none imageframe-2 hover-type-none\"><img decoding=\"async\" width=\"305\" height=\"181\" title=\"galeria\" src=\"https:\/\/www.mansergas.com\/wp-content\/uploads\/2018\/10\/galeria.jpg\" alt class=\"img-responsive wp-image-2956\" srcset=\"https:\/\/www.mansergas.com\/wp-content\/uploads\/2018\/10\/galeria-200x119.jpg 200w, https:\/\/www.mansergas.com\/wp-content\/uploads\/2018\/10\/galeria.jpg 305w\" sizes=\"(max-width: 800px) 100vw, 305px\" \/><\/span><\/div><\/div><div class=\"fusion-clearfix\"><\/div><\/div><\/div><div class=\"fusion-layout-column fusion_builder_column fusion-builder-column-2 fusion_builder_column_1_3 1_3 fusion-one-third fusion-column-last\" style=\"--awb-bg-size:cover;width:33.333333333333%;width:calc(33.333333333333% - ( ( 4% + 4% ) * 0.33333333333333 ) );\"><div class=\"fusion-column-wrapper fusion-flex-column-wrapper-legacy\"><div class=\"fusion-image-element fusion-image-align-center in-legacy-container\" style=\"text-align:center;--awb-caption-title-font-family:var(--h2_typography-font-family);--awb-caption-title-font-weight:var(--h2_typography-font-weight);--awb-caption-title-font-style:var(--h2_typography-font-style);--awb-caption-title-size:var(--h2_typography-font-size);--awb-caption-title-transform:var(--h2_typography-text-transform);--awb-caption-title-line-height:var(--h2_typography-line-height);--awb-caption-title-letter-spacing:var(--h2_typography-letter-spacing);\"><div class=\"imageframe-align-center\"><span class=\" fusion-imageframe imageframe-none imageframe-3 hover-type-none\"><img decoding=\"async\" width=\"95\" height=\"189\" title=\"blackberry8100\" src=\"https:\/\/www.mansergas.com\/wp-content\/uploads\/2018\/10\/blackberry8100.jpg\" alt class=\"img-responsive wp-image-2959\"\/><\/span><\/div><\/div><div class=\"fusion-clearfix\"><\/div><\/div><\/div><\/div><\/div><div class=\"fusion-fullwidth fullwidth-box fusion-builder-row-2 nonhundred-percent-fullwidth non-hundred-percent-height-scrolling\" style=\"--awb-border-radius-top-left:0px;--awb-border-radius-top-right:0px;--awb-border-radius-bottom-right:0px;--awb-border-radius-bottom-left:0px;--awb-flex-wrap:wrap;\" ><div class=\"fusion-builder-row fusion-row\"><div class=\"fusion-layout-column fusion_builder_column fusion-builder-column-3 fusion_builder_column_1_2 1_2 fusion-one-half fusion-column-first\" style=\"--awb-bg-size:cover;width:50%;width:calc(50% - ( ( 4% + 4% ) * 0.5 ) );margin-right: 4%;\"><div class=\"fusion-column-wrapper fusion-flex-column-wrapper-legacy\"><div class=\"fusion-text fusion-text-1\"><h2><strong>GSM-Key<\/strong><\/h2>\n<h3><strong>Abrir puertas con su tel\u00e9fono m\u00f3vil sin coste<\/strong><\/h3>\n<\/div><div class=\"fusion-text fusion-text-2\"><p style=\"text-align: justify;\"><span style=\"font-size: 16px;\">El sistema de apertura de puertas mediante el tel\u00e9fono m\u00f3vil es un mecanismo que puede ser acoplado a cualquier puerta.<\/span><\/p>\n<p style=\"text-align: justify;\"><span style=\"font-size: 16px;\">Permite abrir la puerta desde el tel\u00e9fono m\u00f3vil simplemente mediante una llamada perdida sin cargo.<\/span><\/p>\n<p style=\"text-align: justify;\"><span style=\"font-size: 16px;\">La llamada es sin cargo, porque para la autorizaci\u00f3n y apertura le basta tan solo con identificar el n\u00famero de tel\u00e9fono del llamante.<\/span><\/p>\n<p style=\"text-align: justify;\"><span style=\"font-size: 16px;\">La puerta solo se abrir\u00e1 si el llamante est\u00e1 en la lista de n\u00fameros autorizados. Adem\u00e1s, solo el llamante conoce el n\u00famero de la puerta.<\/span><\/p>\n<p style=\"text-align: justify;\"><span style=\"font-size: 16px;\">Abre puertas, levanta barreras, baja pilonas escamoteables, y todo aquello que pudiera ser accionado mediante un pulsador.<\/span><\/p>\n<p style=\"text-align: justify;\"><span style=\"font-size: 16px;\">El sistema puede complementar a los dem\u00e1s m\u00e9todos de apertura de la puerta ya instalados como puedan ser los tele-mandos, pulsadores o selectores.<\/span><\/p>\n<p style=\"text-align: justify;\"><span style=\"font-size: 16px;\">Adem\u00e1s el sistema puede alertarle por SMS cada vez que se abra, cierre u otros eventos programables. (el servicio SMS tiene un coste a\u00f1adido)<\/span><\/p>\n<\/div><div class=\"fusion-clearfix\"><\/div><\/div><\/div><div class=\"fusion-layout-column fusion_builder_column fusion-builder-column-4 fusion_builder_column_1_4 1_4 fusion-one-fourth\" style=\"--awb-padding-top:1%;--awb-padding-right:1%;--awb-padding-bottom:1%;--awb-padding-left:1%;--awb-bg-color:#f6f6f6;--awb-bg-color-hover:#f6f6f6;--awb-bg-size:cover;--awb-margin-top:1%;width:25%;width:calc(25% - ( ( 4% + 4% ) * 0.25 ) );margin-right: 4%;\"><div class=\"fusion-column-wrapper fusion-flex-column-wrapper-legacy\"><div class=\"fusion-text fusion-text-3\"><p style=\"padding-left: 30px;\"><strong><span style=\"color: #000000;\">Aspectos de inter\u00e9s:<\/span><\/strong><\/p>\n<ul style=\"list-style-type: circle;\">\n<li>Puede abrir puertas desde lugares distantes.<\/li>\n<li>Costes reducidos de instalaci\u00f3n.<\/li>\n<li>No necesita manipular su tel\u00e9fono.<\/li>\n<li>No necesitar\u00e1 acarrear controles remotos.<\/li>\n<li>Alta seguridad contra intrusi\u00f3n.<\/li>\n<\/ul>\n<p style=\"padding-left: 30px;\"><span style=\"color: #000000;\"><strong>Razones de peso para nuestro sistema<\/strong><\/span><\/p>\n<ul style=\"list-style-type: circle;\">\n<li>Ahorro al NO comprar telemandos.<\/li>\n<li>Compatible con cualquier tel\u00e9fono, marca u operador de telefon\u00eda, olv\u00eddese de otros sistemas basados en Bluethoot que necesitan instalar complicados programas en su tel\u00e9fono.<\/li>\n<li>Puede autorizar hasta 64 n\u00fameros de tel\u00e9fono para cada puerta.<\/li>\n<li>Puede abrir puertas desde el otro lado del Mundo si le es necesario y sin coste.<\/li>\n<li>Seguridad total contra intrusi\u00f3n.<\/li>\n<li>Sencilla instalaci\u00f3n.<\/li>\n<li>La amplia experiencia de un fabricante l\u00edder en puertas y cerramientos.<\/li>\n<li>Puede enviar por SMS todos los eventos de alarma, cierre o apertura.<\/li>\n<li>No necesita aprender a usar el sistema, tan solo tiene que hacer una llamada.<\/li>\n<\/ul>\n<\/div><div class=\"fusion-clearfix\"><\/div><\/div><\/div><div class=\"fusion-layout-column fusion_builder_column fusion-builder-column-5 fusion_builder_column_1_4 1_4 fusion-one-fourth fusion-column-last\" style=\"--awb-bg-color:#fcf1ba;--awb-bg-color-hover:#fcf1ba;--awb-bg-size:cover;--awb-margin-top:1%;width:25%;width:calc(25% - ( ( 4% + 4% ) * 0.25 ) );\"><div class=\"fusion-column-wrapper fusion-flex-column-wrapper-legacy\">\n<div class=\"table-1\">\n<table width=\"100%\">\n<thead>\n<tr>\n<th style=\"background-color: #ff9797; text-align: center;\" align=\"left\"><span style=\"font-size: 14px; color: #ffffff;\"><strong>Indicado para<\/strong><\/span><\/th>\n<\/tr>\n<\/thead>\n<tbody>\n<tr>\n<td style=\"text-align: center;\" align=\"left\"><b>Garajes Comunitarios<br \/>\n<\/b><\/td>\n<\/tr>\n<tr>\n<td style=\"text-align: center;\" align=\"left\"><b>Particulares<\/b><\/td>\n<\/tr>\n<tr>\n<td style=\"text-align: center;\" align=\"left\"><b>Parkings en empresas<br \/>\n<\/b><\/td>\n<\/tr>\n<tr>\n<td style=\"text-align: center;\" align=\"left\"><b>Barreras<\/b><\/td>\n<\/tr>\n<tr>\n<td style=\"text-align: center;\" align=\"left\"><b>Pilonas<br \/>\n<\/b><\/td>\n<\/tr>\n<tr>\n<td style=\"text-align: center;\" align=\"left\"><b>Hoteles<br \/>\n<\/b><\/td>\n<\/tr>\n<tr>\n<td style=\"text-align: center;\" align=\"left\"><b>Colegios<br \/>\n<\/b><\/td>\n<\/tr>\n<tr>\n<td style=\"text-align: center;\" align=\"left\"><b>Universidades<br \/>\n<\/b><\/td>\n<\/tr>\n<tr>\n<td style=\"text-align: center;\" align=\"left\"><b>Campings<br \/>\n<\/b><\/td>\n<\/tr>\n<tr>\n<td style=\"text-align: center;\" align=\"left\"><b>Ayuntamientos<br \/>\n<\/b><\/td>\n<\/tr>\n<tr>\n<td style=\"text-align: center;\" align=\"left\"><b>Clubs<br \/>\n<\/b><\/td>\n<\/tr>\n<\/tbody>\n<\/table>\n<\/div>\n<div class=\"fusion-clearfix\"><\/div><\/div><\/div><\/div><\/div><\/p>\n","protected":false},"excerpt":{"rendered":"","protected":false},"author":1,"featured_media":0,"parent":0,"menu_order":0,"comment_status":"closed","ping_status":"closed","template":"100-width.php","meta":{"footnotes":""},"class_list":["post-4394","page","type-page","status-publish","hentry"],"yoast_head":"<!-- This site is optimized with the Yoast SEO plugin v26.4 - https:\/\/yoast.com\/wordpress\/plugins\/seo\/ -->\n<title>GSM-Key Abrir puertas con el tel\u00e9fono m\u00f3vil - J.A. Mansergas S.A.<\/title>\n<meta name=\"robots\" content=\"index, follow, max-snippet:-1, max-image-preview:large, max-video-preview:-1\" \/>\n<link rel=\"canonical\" href=\"https:\/\/www.mansergas.com\/fr\/gsm-key\/\" \/>\n<meta property=\"og:locale\" content=\"fr_FR\" \/>\n<meta property=\"og:type\" content=\"article\" \/>\n<meta property=\"og:title\" content=\"GSM-Key Abrir puertas con el tel\u00e9fono m\u00f3vil - J.A. Mansergas S.A.\" \/>\n<meta property=\"og:url\" content=\"https:\/\/www.mansergas.com\/fr\/gsm-key\/\" \/>\n<meta property=\"og:site_name\" content=\"J.A. Mansergas S.A.\" \/>\n<meta property=\"article:modified_time\" content=\"2019-08-22T16:04:02+00:00\" \/>\n<meta name=\"twitter:card\" content=\"summary_large_image\" \/>\n<meta name=\"twitter:label1\" content=\"Dur\u00e9e de lecture estim\u00e9e\" \/>\n\t<meta name=\"twitter:data1\" content=\"6 minutes\" \/>\n<script type=\"application\/ld+json\" class=\"yoast-schema-graph\">{\"@context\":\"https:\/\/schema.org\",\"@graph\":[{\"@type\":\"WebPage\",\"@id\":\"https:\/\/www.mansergas.com\/fr\/gsm-key\/\",\"url\":\"https:\/\/www.mansergas.com\/fr\/gsm-key\/\",\"name\":\"GSM-Key Abrir puertas con el tel\u00e9fono m\u00f3vil - J.A. Mansergas S.A.\",\"isPartOf\":{\"@id\":\"https:\/\/www.mansergas.com\/#website\"},\"datePublished\":\"2019-08-22T16:03:32+00:00\",\"dateModified\":\"2019-08-22T16:04:02+00:00\",\"breadcrumb\":{\"@id\":\"https:\/\/www.mansergas.com\/fr\/gsm-key\/#breadcrumb\"},\"inLanguage\":\"fr-FR\",\"potentialAction\":[{\"@type\":\"ReadAction\",\"target\":[\"https:\/\/www.mansergas.com\/fr\/gsm-key\/\"]}]},{\"@type\":\"BreadcrumbList\",\"@id\":\"https:\/\/www.mansergas.com\/fr\/gsm-key\/#breadcrumb\",\"itemListElement\":[{\"@type\":\"ListItem\",\"position\":1,\"name\":\"Portada\",\"item\":\"https:\/\/www.mansergas.com\/fr\/\"},{\"@type\":\"ListItem\",\"position\":2,\"name\":\"GSM-Key Abrir puertas con el tel\u00e9fono m\u00f3vil\"}]},{\"@type\":\"WebSite\",\"@id\":\"https:\/\/www.mansergas.com\/#website\",\"url\":\"https:\/\/www.mansergas.com\/\",\"name\":\"J.A. Mansergas S.A.\",\"description\":\"Puertas Mansergas\",\"potentialAction\":[{\"@type\":\"SearchAction\",\"target\":{\"@type\":\"EntryPoint\",\"urlTemplate\":\"https:\/\/www.mansergas.com\/?s={search_term_string}\"},\"query-input\":{\"@type\":\"PropertyValueSpecification\",\"valueRequired\":true,\"valueName\":\"search_term_string\"}}],\"inLanguage\":\"fr-FR\"}]}<\/script>\n<!-- \/ Yoast SEO plugin. -->","yoast_head_json":{"title":"GSM-Key Abrir puertas con el tel\u00e9fono m\u00f3vil - J.A. Mansergas S.A.","robots":{"index":"index","follow":"follow","max-snippet":"max-snippet:-1","max-image-preview":"max-image-preview:large","max-video-preview":"max-video-preview:-1"},"canonical":"https:\/\/www.mansergas.com\/fr\/gsm-key\/","og_locale":"fr_FR","og_type":"article","og_title":"GSM-Key Abrir puertas con el tel\u00e9fono m\u00f3vil - J.A. Mansergas S.A.","og_url":"https:\/\/www.mansergas.com\/fr\/gsm-key\/","og_site_name":"J.A. Mansergas S.A.","article_modified_time":"2019-08-22T16:04:02+00:00","twitter_card":"summary_large_image","twitter_misc":{"Dur\u00e9e de lecture estim\u00e9e":"6 minutes"},"schema":{"@context":"https:\/\/schema.org","@graph":[{"@type":"WebPage","@id":"https:\/\/www.mansergas.com\/fr\/gsm-key\/","url":"https:\/\/www.mansergas.com\/fr\/gsm-key\/","name":"GSM-Key Abrir puertas con el tel\u00e9fono m\u00f3vil - J.A. Mansergas S.A.","isPartOf":{"@id":"https:\/\/www.mansergas.com\/#website"},"datePublished":"2019-08-22T16:03:32+00:00","dateModified":"2019-08-22T16:04:02+00:00","breadcrumb":{"@id":"https:\/\/www.mansergas.com\/fr\/gsm-key\/#breadcrumb"},"inLanguage":"fr-FR","potentialAction":[{"@type":"ReadAction","target":["https:\/\/www.mansergas.com\/fr\/gsm-key\/"]}]},{"@type":"BreadcrumbList","@id":"https:\/\/www.mansergas.com\/fr\/gsm-key\/#breadcrumb","itemListElement":[{"@type":"ListItem","position":1,"name":"Portada","item":"https:\/\/www.mansergas.com\/fr\/"},{"@type":"ListItem","position":2,"name":"GSM-Key Abrir puertas con el tel\u00e9fono m\u00f3vil"}]},{"@type":"WebSite","@id":"https:\/\/www.mansergas.com\/#website","url":"https:\/\/www.mansergas.com\/","name":"J.A. Mansergas S.A.","description":"Puertas Mansergas","potentialAction":[{"@type":"SearchAction","target":{"@type":"EntryPoint","urlTemplate":"https:\/\/www.mansergas.com\/?s={search_term_string}"},"query-input":{"@type":"PropertyValueSpecification","valueRequired":true,"valueName":"search_term_string"}}],"inLanguage":"fr-FR"}]}},"_links":{"self":[{"href":"https:\/\/www.mansergas.com\/fr\/wp-json\/wp\/v2\/pages\/4394","targetHints":{"allow":["GET"]}}],"collection":[{"href":"https:\/\/www.mansergas.com\/fr\/wp-json\/wp\/v2\/pages"}],"about":[{"href":"https:\/\/www.mansergas.com\/fr\/wp-json\/wp\/v2\/types\/page"}],"author":[{"embeddable":true,"href":"https:\/\/www.mansergas.com\/fr\/wp-json\/wp\/v2\/users\/1"}],"replies":[{"embeddable":true,"href":"https:\/\/www.mansergas.com\/fr\/wp-json\/wp\/v2\/comments?post=4394"}],"version-history":[{"count":2,"href":"https:\/\/www.mansergas.com\/fr\/wp-json\/wp\/v2\/pages\/4394\/revisions"}],"predecessor-version":[{"id":4396,"href":"https:\/\/www.mansergas.com\/fr\/wp-json\/wp\/v2\/pages\/4394\/revisions\/4396"}],"wp:attachment":[{"href":"https:\/\/www.mansergas.com\/fr\/wp-json\/wp\/v2\/media?parent=4394"}],"curies":[{"name":"wp","href":"https:\/\/api.w.org\/{rel}","templated":true}]}}