{"id":4382,"date":"2019-08-22T15:59:53","date_gmt":"2019-08-22T15:59:53","guid":{"rendered":"http:\/\/www.mansergas.com\/?page_id=4382"},"modified":"2019-08-22T16:00:19","modified_gmt":"2019-08-22T16:00:19","slug":"mantenimiento","status":"publish","type":"page","link":"https:\/\/www.mansergas.com\/fr\/mantenimiento\/","title":{"rendered":"Mantenimiento preventivo de puertas y persianas"},"content":{"rendered":"<p><div class=\"fusion-fullwidth fullwidth-box fusion-builder-row-1 nonhundred-percent-fullwidth non-hundred-percent-height-scrolling\" style=\"--awb-border-radius-top-left:0px;--awb-border-radius-top-right:0px;--awb-border-radius-bottom-right:0px;--awb-border-radius-bottom-left:0px;--awb-flex-wrap:wrap;\" ><div class=\"fusion-builder-row fusion-row\"><div class=\"fusion-layout-column fusion_builder_column fusion-builder-column-0 fusion_builder_column_1_1 1_1 fusion-one-full fusion-column-first fusion-column-last\" style=\"--awb-bg-size:cover;\"><div class=\"fusion-column-wrapper fusion-flex-column-wrapper-legacy\"><div class=\"fusion-text fusion-text-1\"><h2 style=\"text-align: justify;\"><strong style=\"font-size: 16px;\"><img decoding=\"async\" class=\"alignnone size-full wp-image-2989\" src=\"https:\/\/www.mansergas.com\/wp-content\/uploads\/2018\/10\/logmantenimiento.jpg\" alt=\"\" width=\"68\" height=\"58\" \/><\/strong><strong style=\"font-size: 16px;\">\u00a0<\/strong><strong>Mantenimiento<\/strong><\/h2>\n<\/div><div class=\"fusion-clearfix\"><\/div><\/div><\/div><div class=\"fusion-layout-column fusion_builder_column fusion-builder-column-1 fusion_builder_column_3_4 3_4 fusion-three-fourth fusion-column-first\" style=\"--awb-bg-size:cover;width:75%;width:calc(75% - ( ( 4% ) * 0.75 ) );margin-right: 4%;\"><div class=\"fusion-column-wrapper fusion-flex-column-wrapper-legacy\"><div class=\"fusion-text fusion-text-2\"><p style=\"text-align: justify;\"><span style=\"font-size: 16px;\">Este es uno de nuestros mayores compromisos, hacer que todo siga funcionando correctamente, y sobretodo, sin riesgos.<\/span><\/p>\n<p style=\"text-align: justify;\"><span style=\"font-size: 16px;\">Pese al empe\u00f1o que ponemos en todos nuestros productos, certific\u00e1ndolos y homolog\u00e1ndolos por organismos oficiales, para que dispongan de una alt\u00edsima durabilidad, confiabilidad, seguridad contra accidentes, las puertas motorizadas y autom\u00e1ticas tienen la categor\u00eda de m\u00e1quinas industriales, y por ello est\u00e1n sujetas a un mantenimiento peri\u00f3dico preventivo.<\/span><\/p>\n<p style=\"text-align: justify;\"><span style=\"font-size: 16px;\">Por ello ofrecemos en forma de un contrato, nuestro compromiso para su mantenimiento, a un coste moderado y con alt\u00edsima disponibilidad. Y para ello adem\u00e1s tenemos asociado al contrato un seguro con una p\u00f3liza de responsabilidad civil subsidiaria contra accidentes de hasta 600.000\u20ac. Lo hablaremos claro. Una puerta correctamente mantenida no puede generar accidentes, y si lamentablemente este ocurriera, los afectados y propietarios deber\u00edan tener los medios adecuados para afrontar el suceso.<\/span><\/p>\n<\/div><div class=\"fusion-clearfix\"><\/div><\/div><\/div><div class=\"fusion-layout-column fusion_builder_column fusion-builder-column-2 fusion_builder_column_1_4 1_4 fusion-one-fourth fusion-column-last\" style=\"--awb-padding-top:1%;--awb-padding-right:4%;--awb-padding-bottom:1%;--awb-padding-left:4%;--awb-bg-color:#ffeed1;--awb-bg-color-hover:#ffeed1;--awb-bg-size:cover;width:25%;width:calc(25% - ( ( 4% ) * 0.25 ) );\"><div class=\"fusion-column-wrapper fusion-flex-column-wrapper-legacy\"><div class=\"fusion-text fusion-text-3\"><h3><span style=\"color: #ff0000;\"><strong>ATENCI\u00d3N<\/strong><\/span><\/h3>\n<p style=\"text-align: justify;\"><span style=\"font-size: 16px;\">Si usted es administrador de fincas o gestiona grupos de puertas bajo su responsabilidad, por favor cons\u00faltenos para condiciones especiales de trabajo, tenemos soluciones adecuadas a peque\u00f1as, medianas y grandes cuentas.<\/span><\/p>\n<\/div><div class=\"fusion-clearfix\"><\/div><\/div><\/div><div class=\"fusion-layout-column fusion_builder_column fusion-builder-column-3 fusion_builder_column_1_1 1_1 fusion-one-full fusion-column-first fusion-column-last\" style=\"--awb-bg-size:cover;\"><div class=\"fusion-column-wrapper fusion-flex-column-wrapper-legacy\"><div class=\"fusion-text fusion-text-4\"><p style=\"text-align: justify;\"><span style=\"font-size: 16px;\">El escenario resultante en caso de puertas no mantenidas o de mantenidas por empresas no homologadas se podr\u00e1 imaginar f\u00e1cilmente.<\/span><\/p>\n<p style=\"text-align: justify;\"><span style=\"font-size: 16px;\">Nuestro contrato no compromete en responsabilidades al tomador, solo la de permitir el acceso al cerramiento a los operarios para las labores de mantenimiento e inspecci\u00f3n y poco m\u00e1s, siendo rescindible en cualquier momento por parte del tomador.<\/span><\/p>\n<\/div><div class=\"fusion-clearfix\"><\/div><\/div><\/div><div class=\"fusion-layout-column fusion_builder_column fusion-builder-column-4 fusion_builder_column_1_3 1_3 fusion-one-third fusion-column-first\" style=\"--awb-padding-top:1%;--awb-padding-right:4%;--awb-padding-bottom:1%;--awb-padding-left:4%;--awb-bg-color:#fcdecf;--awb-bg-color-hover:#fcdecf;--awb-bg-size:cover;width:33.333333333333%;width:calc(33.333333333333% - ( ( 4% ) * 0.33333333333333 ) );margin-right: 4%;\"><div class=\"fusion-column-wrapper fusion-flex-column-wrapper-legacy\"><div class=\"fusion-text fusion-text-5\"><ul style=\"list-style-type: circle;\">\n<li style=\"text-align: left;\"><span style=\"font-size: 16px; color: #000000;\">Mantenimiento peri\u00f3dico preventivo homologado.<\/span><\/li>\n<li style=\"text-align: left;\"><span style=\"font-size: 16px; color: #000000;\">P\u00f3liza de responsabilidad civil contra accidentes del cliente.<\/span><\/li>\n<li style=\"text-align: left;\"><span style=\"font-size: 16px; color: #000000;\">Coste cero en mano de obra y desplazamientos en las reparaciones.<\/span><\/li>\n<li style=\"text-align: left;\"><span style=\"font-size: 16px; color: #000000;\">Diligencia con prioridad absoluta en caso de aver\u00eda.<\/span><\/li>\n<li style=\"text-align: left;\"><span style=\"font-size: 16px; color: #000000;\">Stock permanente de piezas y recambios.<\/span><\/li>\n<li style=\"text-align: left;\"><span style=\"font-size: 16px; color: #000000;\">365d\/24Horas Agosto incluido seg\u00fan contrato.<\/span><\/li>\n<li style=\"text-align: left;\"><span style=\"font-size: 16px; color: #000000;\">Reparaciones garantizadas.<\/span><\/li>\n<li style=\"text-align: left;\"><span style=\"font-size: 16px; color: #000000;\">Mantenimiento con cadencia a medida de las necesidades.<\/span><\/li>\n<li style=\"text-align: left;\"><span style=\"font-size: 16px; color: #000000;\">Acceso a toda la documentaci\u00f3n via WEB.<\/span><\/li>\n<\/ul>\n<\/div><div class=\"fusion-clearfix\"><\/div><\/div><\/div><div class=\"fusion-layout-column fusion_builder_column fusion-builder-column-5 fusion_builder_column_2_3 2_3 fusion-two-third fusion-column-last\" style=\"--awb-padding-bottom:1%;--awb-bg-size:cover;width:66.666666666667%;width:calc(66.666666666667% - ( ( 4% ) * 0.66666666666667 ) );\"><div class=\"fusion-column-wrapper fusion-flex-column-wrapper-legacy\"><div class=\"fusion-text fusion-text-6\"><p style=\"text-align: justify;\"><span style=\"font-size: 16px;\">Nuestro modelo consta de dos apartados diferenciados, uno es el mantenimiento peri\u00f3dico preventivo mec\u00e1nico y el\u00e9ctrico, y el otro es la cerrajer\u00eda de urgencias orientada a restablecer el servicio del cerramiento lo m\u00e1s r\u00e1pidamente posible.<\/span><\/p>\n<p style=\"text-align: justify;\"><span style=\"font-size: 16px;\">En el apartado de mantenimiento peri\u00f3dico preventivo, se establece la cadencia de inspecciones\/intervenciones adecuada a cada intensidad de uso y modelo de cerramiento, obviamente no debe dimensionarse del mismo modo para una puerta de uso ocasional que para una puerta de uso intensivo, por ejemplo para un parking en plena explotaci\u00f3n o para un particular. Con estas inspecciones se reduce el riesgo de aver\u00eda o de aver\u00eda cara, al ser detectados los problemas, la mayor\u00eda de las veces, cuando tan solo son s\u00edntomas.<\/span><\/p>\n<p style=\"text-align: justify;\"><span style=\"font-size: 16px;\">En el apartado de cerrajer\u00eda de urgencias, en nuestro modelo de trabajo se prioriza la soluci\u00f3n m\u00e1s r\u00e1pida posible, y para ello, si es necesario, se hace una primera intervenci\u00f3n, que si bien no resolviera definitivamente el problema, por lo menos dejar\u00eda operativa la puerta a la espera de la soluci\u00f3n definitiva. Somos sensibles al problema que significa para un comercio o aparcamiento el no poder abrir o cerrar y para ello se dispone de servicio en agosto y de 365\/24horas seg\u00fan contrato. Asimismo nuestras intervenciones de reparaci\u00f3n quedan cubiertas por una garant\u00eda de 1 a\u00f1o sobre la misma.<\/span><\/p>\n<\/div><div class=\"fusion-clearfix\"><\/div><\/div><\/div><div class=\"fusion-layout-column fusion_builder_column fusion-builder-column-6 fusion_builder_column_1_1 1_1 fusion-one-full fusion-column-first fusion-column-last\" style=\"--awb-bg-size:cover;\"><div class=\"fusion-column-wrapper fusion-flex-column-wrapper-legacy\"><div class=\"fusion-text fusion-text-7\"><p style=\"text-align: justify;\"><span style=\"font-size: 16px;\">Para todo ello tenemos un amplio stock permanente de recambios para cualquier tipo de incidencia mec\u00e1nica o el\u00e9ctrica.<\/span><\/p>\n<p style=\"text-align: justify;\"><span style=\"font-size: 16px;\">Con nuestro contrato el cliente no asume los costos de mano de obra aunque involucre un equipo de m\u00faltiples operarios ni de desplazamientos y tan solo paga los materiales reemplazados si es el caso.<\/span><\/p>\n<p style=\"text-align: justify;\"><span style=\"font-size: 16px;\"><strong>Nota:<\/strong><\/span><\/p>\n<ul style=\"list-style-type: circle;\">\n<li style=\"text-align: justify;\"><span style=\"font-size: 16px;\"><strong>Este servicio es contratable para puertas fabricadas por terceros, siempre bajo nuestra previa inspecci\u00f3n y con plena reserva a decidir no ofrecer el servicio en determinadas condiciones.<\/strong><\/span><\/li>\n<li style=\"text-align: justify;\"><span style=\"font-size: 16px;\"><strong>Todos nuestros fabricados se sirven con un mantenimiento pagado de 6 meses por defecto.<\/strong><\/span><\/li>\n<\/ul>\n<\/div><div class=\"fusion-clearfix\"><\/div><\/div><\/div><\/div><\/div><div class=\"fusion-fullwidth fullwidth-box fusion-builder-row-2 nonhundred-percent-fullwidth non-hundred-percent-height-scrolling\" style=\"--awb-border-radius-top-left:0px;--awb-border-radius-top-right:0px;--awb-border-radius-bottom-right:0px;--awb-border-radius-bottom-left:0px;--awb-flex-wrap:wrap;\" ><div class=\"fusion-builder-row fusion-row\"><div class=\"fusion-layout-column fusion_builder_column fusion-builder-column-7 fusion_builder_column_1_1 1_1 fusion-one-full fusion-column-first fusion-column-last\" style=\"--awb-bg-size:cover;\"><div class=\"fusion-column-wrapper fusion-flex-column-wrapper-legacy\"><div class=\"fusion-alert alert success alert-success fusion-alert-center fusion-alert-capitalize awb-alert-native-link-color alert-shadow fusion-animated\" role=\"alert\" data-animationType=\"fadeInDown\" data-animationDuration=\"0.6\" data-animationOffset=\"top-into-view\"><div class=\"fusion-alert-content-wrapper\"><span class=\"alert-icon\"><i class=\"awb-icon-check-circle\" aria-hidden=\"true\"><\/i><\/span><span class=\"fusion-alert-content\"><h3 style=\"text-align: center;\"><strong>\u00a1IMPORTANTE QUE LEA ESTO!<\/strong><\/h3>\n<p><em><span style=\"font-size: 16px;\">\u00ab\u00a0las puertas intaladas con anterioridad al 1 de mayo del 2005, si no sufren una modificaci\u00f3n importante no requieren ser adecuadas, pero, a\u00fan sin existir la obligaci\u00f3n de ser adecuadas, s\u00ed deben cumplir las leyes y directivas anteriores a la norma de seguridad UNE-EN 13241-1:2004.\u00a0\u00bb leer mas&#8230;<\/span><\/em><\/p>\n<p><em><span style=\"font-size: 16px;\">\u00ab\u00a0la obligatoriedad del mantenimiento de las puertas de garaje y la ausencia legal de suscribir obligatoriamente un contrato de mantenimiento con una empresa externa. Otro aspecto que interes\u00f3 sumamente a los administradores de fincas fue sobre la adecuaci\u00f3n de las puertas de garaje instaladas anteriormente a la fecha del 1 de mayo del a\u00f1o 2005, fecha en que entr\u00f3 en vigor la norma b\u00e1sica de seguridad de las puertas de garaje UNE-EN 13241-1: 2004\u00a0\u00bb leer mas&#8230;<\/span><\/em><\/p>\n<p><em><span style=\"font-size: 16px;\">\u00ab\u00a0En las puertas cortafuegos la Administraci\u00f3n si ha considerado la obligatoriedad del contrato de mantenimiento de las mismas, cuya reglamentaci\u00f3n est\u00e1 a punto de publicarse.\u00a0\u00bb<\/span><\/em><\/p><\/span><\/div><\/div><div class=\"fusion-clearfix\"><\/div><\/div><\/div><\/div><\/div><\/p>\n","protected":false},"excerpt":{"rendered":"","protected":false},"author":1,"featured_media":0,"parent":0,"menu_order":0,"comment_status":"closed","ping_status":"closed","template":"100-width.php","meta":{"footnotes":""},"class_list":["post-4382","page","type-page","status-publish","hentry"],"yoast_head":"<!-- This site is optimized with the Yoast SEO plugin v26.4 - https:\/\/yoast.com\/wordpress\/plugins\/seo\/ -->\n<title>Mantenimiento preventivo de puertas y persianas - J.A. Mansergas S.A.<\/title>\n<meta name=\"robots\" content=\"index, follow, max-snippet:-1, max-image-preview:large, max-video-preview:-1\" \/>\n<link rel=\"canonical\" href=\"https:\/\/www.mansergas.com\/fr\/mantenimiento\/\" \/>\n<meta property=\"og:locale\" content=\"fr_FR\" \/>\n<meta property=\"og:type\" content=\"article\" \/>\n<meta property=\"og:title\" content=\"Mantenimiento preventivo de puertas y persianas - J.A. Mansergas S.A.\" \/>\n<meta property=\"og:url\" content=\"https:\/\/www.mansergas.com\/fr\/mantenimiento\/\" \/>\n<meta property=\"og:site_name\" content=\"J.A. Mansergas S.A.\" \/>\n<meta property=\"article:modified_time\" content=\"2019-08-22T16:00:19+00:00\" \/>\n<meta property=\"og:image\" content=\"http:\/\/www.mansergas.com\/wp-content\/uploads\/2018\/10\/logmantenimiento.jpg\" \/>\n<meta name=\"twitter:card\" content=\"summary_large_image\" \/>\n<meta name=\"twitter:label1\" content=\"Dur\u00e9e de lecture estim\u00e9e\" \/>\n\t<meta name=\"twitter:data1\" content=\"9 minutes\" \/>\n<script type=\"application\/ld+json\" class=\"yoast-schema-graph\">{\"@context\":\"https:\/\/schema.org\",\"@graph\":[{\"@type\":\"WebPage\",\"@id\":\"https:\/\/www.mansergas.com\/fr\/mantenimiento\/\",\"url\":\"https:\/\/www.mansergas.com\/fr\/mantenimiento\/\",\"name\":\"Mantenimiento preventivo de puertas y persianas - J.A. Mansergas S.A.\",\"isPartOf\":{\"@id\":\"https:\/\/www.mansergas.com\/#website\"},\"primaryImageOfPage\":{\"@id\":\"https:\/\/www.mansergas.com\/fr\/mantenimiento\/#primaryimage\"},\"image\":{\"@id\":\"https:\/\/www.mansergas.com\/fr\/mantenimiento\/#primaryimage\"},\"thumbnailUrl\":\"http:\/\/www.mansergas.com\/wp-content\/uploads\/2018\/10\/logmantenimiento.jpg\",\"datePublished\":\"2019-08-22T15:59:53+00:00\",\"dateModified\":\"2019-08-22T16:00:19+00:00\",\"breadcrumb\":{\"@id\":\"https:\/\/www.mansergas.com\/fr\/mantenimiento\/#breadcrumb\"},\"inLanguage\":\"fr-FR\",\"potentialAction\":[{\"@type\":\"ReadAction\",\"target\":[\"https:\/\/www.mansergas.com\/fr\/mantenimiento\/\"]}]},{\"@type\":\"ImageObject\",\"inLanguage\":\"fr-FR\",\"@id\":\"https:\/\/www.mansergas.com\/fr\/mantenimiento\/#primaryimage\",\"url\":\"http:\/\/www.mansergas.com\/wp-content\/uploads\/2018\/10\/logmantenimiento.jpg\",\"contentUrl\":\"http:\/\/www.mansergas.com\/wp-content\/uploads\/2018\/10\/logmantenimiento.jpg\"},{\"@type\":\"BreadcrumbList\",\"@id\":\"https:\/\/www.mansergas.com\/fr\/mantenimiento\/#breadcrumb\",\"itemListElement\":[{\"@type\":\"ListItem\",\"position\":1,\"name\":\"Portada\",\"item\":\"https:\/\/www.mansergas.com\/fr\/\"},{\"@type\":\"ListItem\",\"position\":2,\"name\":\"Mantenimiento preventivo de puertas y persianas\"}]},{\"@type\":\"WebSite\",\"@id\":\"https:\/\/www.mansergas.com\/#website\",\"url\":\"https:\/\/www.mansergas.com\/\",\"name\":\"J.A. Mansergas S.A.\",\"description\":\"Puertas Mansergas\",\"potentialAction\":[{\"@type\":\"SearchAction\",\"target\":{\"@type\":\"EntryPoint\",\"urlTemplate\":\"https:\/\/www.mansergas.com\/?s={search_term_string}\"},\"query-input\":{\"@type\":\"PropertyValueSpecification\",\"valueRequired\":true,\"valueName\":\"search_term_string\"}}],\"inLanguage\":\"fr-FR\"}]}<\/script>\n<!-- \/ Yoast SEO plugin. -->","yoast_head_json":{"title":"Mantenimiento preventivo de puertas y persianas - J.A. Mansergas S.A.","robots":{"index":"index","follow":"follow","max-snippet":"max-snippet:-1","max-image-preview":"max-image-preview:large","max-video-preview":"max-video-preview:-1"},"canonical":"https:\/\/www.mansergas.com\/fr\/mantenimiento\/","og_locale":"fr_FR","og_type":"article","og_title":"Mantenimiento preventivo de puertas y persianas - J.A. Mansergas S.A.","og_url":"https:\/\/www.mansergas.com\/fr\/mantenimiento\/","og_site_name":"J.A. Mansergas S.A.","article_modified_time":"2019-08-22T16:00:19+00:00","og_image":[{"url":"http:\/\/www.mansergas.com\/wp-content\/uploads\/2018\/10\/logmantenimiento.jpg","type":"","width":"","height":""}],"twitter_card":"summary_large_image","twitter_misc":{"Dur\u00e9e de lecture estim\u00e9e":"9 minutes"},"schema":{"@context":"https:\/\/schema.org","@graph":[{"@type":"WebPage","@id":"https:\/\/www.mansergas.com\/fr\/mantenimiento\/","url":"https:\/\/www.mansergas.com\/fr\/mantenimiento\/","name":"Mantenimiento preventivo de puertas y persianas - J.A. Mansergas S.A.","isPartOf":{"@id":"https:\/\/www.mansergas.com\/#website"},"primaryImageOfPage":{"@id":"https:\/\/www.mansergas.com\/fr\/mantenimiento\/#primaryimage"},"image":{"@id":"https:\/\/www.mansergas.com\/fr\/mantenimiento\/#primaryimage"},"thumbnailUrl":"http:\/\/www.mansergas.com\/wp-content\/uploads\/2018\/10\/logmantenimiento.jpg","datePublished":"2019-08-22T15:59:53+00:00","dateModified":"2019-08-22T16:00:19+00:00","breadcrumb":{"@id":"https:\/\/www.mansergas.com\/fr\/mantenimiento\/#breadcrumb"},"inLanguage":"fr-FR","potentialAction":[{"@type":"ReadAction","target":["https:\/\/www.mansergas.com\/fr\/mantenimiento\/"]}]},{"@type":"ImageObject","inLanguage":"fr-FR","@id":"https:\/\/www.mansergas.com\/fr\/mantenimiento\/#primaryimage","url":"http:\/\/www.mansergas.com\/wp-content\/uploads\/2018\/10\/logmantenimiento.jpg","contentUrl":"http:\/\/www.mansergas.com\/wp-content\/uploads\/2018\/10\/logmantenimiento.jpg"},{"@type":"BreadcrumbList","@id":"https:\/\/www.mansergas.com\/fr\/mantenimiento\/#breadcrumb","itemListElement":[{"@type":"ListItem","position":1,"name":"Portada","item":"https:\/\/www.mansergas.com\/fr\/"},{"@type":"ListItem","position":2,"name":"Mantenimiento preventivo de puertas y persianas"}]},{"@type":"WebSite","@id":"https:\/\/www.mansergas.com\/#website","url":"https:\/\/www.mansergas.com\/","name":"J.A. Mansergas S.A.","description":"Puertas Mansergas","potentialAction":[{"@type":"SearchAction","target":{"@type":"EntryPoint","urlTemplate":"https:\/\/www.mansergas.com\/?s={search_term_string}"},"query-input":{"@type":"PropertyValueSpecification","valueRequired":true,"valueName":"search_term_string"}}],"inLanguage":"fr-FR"}]}},"_links":{"self":[{"href":"https:\/\/www.mansergas.com\/fr\/wp-json\/wp\/v2\/pages\/4382","targetHints":{"allow":["GET"]}}],"collection":[{"href":"https:\/\/www.mansergas.com\/fr\/wp-json\/wp\/v2\/pages"}],"about":[{"href":"https:\/\/www.mansergas.com\/fr\/wp-json\/wp\/v2\/types\/page"}],"author":[{"embeddable":true,"href":"https:\/\/www.mansergas.com\/fr\/wp-json\/wp\/v2\/users\/1"}],"replies":[{"embeddable":true,"href":"https:\/\/www.mansergas.com\/fr\/wp-json\/wp\/v2\/comments?post=4382"}],"version-history":[{"count":2,"href":"https:\/\/www.mansergas.com\/fr\/wp-json\/wp\/v2\/pages\/4382\/revisions"}],"predecessor-version":[{"id":4384,"href":"https:\/\/www.mansergas.com\/fr\/wp-json\/wp\/v2\/pages\/4382\/revisions\/4384"}],"wp:attachment":[{"href":"https:\/\/www.mansergas.com\/fr\/wp-json\/wp\/v2\/media?parent=4382"}],"curies":[{"name":"wp","href":"https:\/\/api.w.org\/{rel}","templated":true}]}}