{"id":3968,"date":"2019-08-21T18:26:48","date_gmt":"2019-08-21T18:26:48","guid":{"rendered":"http:\/\/www.mansergas.com\/?page_id=3968"},"modified":"2019-08-21T18:26:48","modified_gmt":"2019-08-21T18:26:48","slug":"design-developpement","status":"publish","type":"page","link":"https:\/\/www.mansergas.com\/fr\/design-developpement\/","title":{"rendered":"Design\/D\u00e9veloppement"},"content":{"rendered":"<p><div class=\"fusion-fullwidth fullwidth-box fusion-builder-row-1 nonhundred-percent-fullwidth non-hundred-percent-height-scrolling\" style=\"--awb-border-radius-top-left:0px;--awb-border-radius-top-right:0px;--awb-border-radius-bottom-right:0px;--awb-border-radius-bottom-left:0px;--awb-flex-wrap:wrap;\" ><div class=\"fusion-builder-row fusion-row\"><div class=\"fusion-layout-column fusion_builder_column fusion-builder-column-0 fusion_builder_column_1_1 1_1 fusion-one-full fusion-column-first fusion-column-last\" style=\"--awb-bg-size:cover;\"><div class=\"fusion-column-wrapper fusion-flex-column-wrapper-legacy\"><div class=\"fusion-text fusion-text-1\"><h2 style=\"text-align: left; margin-bottom: 1%;\"><span style=\"color: #000000;\"><b>Portes sp\u00e9ciales<\/b><\/span><\/h2>\n<\/div><div class=\"fusion-sep-clear\"><\/div><div class=\"fusion-separator fusion-full-width-sep\" style=\"margin-left: auto;margin-right: auto;width:100%;\"><div class=\"fusion-separator-border sep-single sep-solid\" style=\"--awb-height:20px;--awb-amount:20px;--awb-sep-color:#ce0819;border-color:#ce0819;border-top-width:3px;\"><\/div><\/div><div class=\"fusion-sep-clear\"><\/div><div class=\"fusion-clearfix\"><\/div><\/div><\/div><div class=\"fusion-layout-column fusion_builder_column fusion-builder-column-1 fusion_builder_column_2_3 2_3 fusion-two-third fusion-column-first\" style=\"--awb-bg-size:cover;width:66.666666666667%;width:calc(66.666666666667% - ( ( 4% ) * 0.66666666666667 ) );margin-right: 4%;\"><div class=\"fusion-column-wrapper fusion-flex-column-wrapper-legacy\"><div class=\"fusion-text fusion-text-2\"><p style=\"text-align: justify;\">D\u00e9partement de produits design ou m\u00e9canisme sp\u00e9ciaux. Notre d\u00e9partement technique d\u00e9veloppe de nombreux mod\u00e8les pour des architectes, des ing\u00e9nieurs et des dessinateurs en b\u00e2timent.<\/p>\n<p style=\"text-align: justify;\">Mod\u00e8les : Portes guillotines, Portes coulissantes, Portes pliantes, Portes coulissantes \u00e0 panneaux, Barri\u00e8res relevables, Trappes, etc.<\/p>\n<p style=\"text-align: justify;\">Pr\u00eatez-nous un peu d\u2019attention : nous voulons partager notre enthousiasme avec vous.<\/p>\n<p style=\"text-align: justify;\">Voici quelques-uns de nos d\u00e9veloppements : vous pourrez appr\u00e9cier notre capacit\u00e9 \u00e0 r\u00e9aliser vos projets, \u00e0 r\u00e9pondre \u00e0 vos besoins\u2026<\/p>\n<p style=\"text-align: justify;\">N\u2019h\u00e9sitez pas \u00e0 nous mettre \u00e0 l\u2019\u00e9preuve, notre service d\u2019ing\u00e9nierie cherchera la meilleure solution m\u00e9canique et vous pr\u00e9sentera la meilleure option au meilleur prix.<\/p>\n<p style=\"text-align: justify;\">Nous avons travaill\u00e9 pour les plus grands architectes et ing\u00e9nieurs, convertissant leurs id\u00e9es en projets achev\u00e9s.<\/p>\n<p style=\"text-align: justify;\">Limit\u00e9s par l\u2019espace nous avons d\u00fb faire une s\u00e9lection de nos photos, nous d\u00e9sirons qu\u2019elles vous transmettent notre vocation de d\u00e9veloppement.<\/p>\n<\/div><div class=\"fusion-clearfix\"><\/div><\/div><\/div><div class=\"fusion-layout-column fusion_builder_column fusion-builder-column-2 fusion_builder_column_1_3 1_3 fusion-one-third fusion-column-last\" style=\"--awb-bg-size:cover;width:33.333333333333%;width:calc(33.333333333333% - ( ( 4% ) * 0.33333333333333 ) );\"><div class=\"fusion-column-wrapper fusion-flex-column-wrapper-legacy\"><div class=\"fusion-image-element fusion-image-align-center in-legacy-container\" style=\"text-align:center;--awb-caption-title-font-family:var(--h2_typography-font-family);--awb-caption-title-font-weight:var(--h2_typography-font-weight);--awb-caption-title-font-style:var(--h2_typography-font-style);--awb-caption-title-size:var(--h2_typography-font-size);--awb-caption-title-transform:var(--h2_typography-text-transform);--awb-caption-title-line-height:var(--h2_typography-line-height);--awb-caption-title-letter-spacing:var(--h2_typography-letter-spacing);\"><div class=\"imageframe-align-center\"><span class=\" fusion-imageframe imageframe-none imageframe-1 hover-type-none\"><a href=\"http:\/\/www.mansergas.com\/wp-content\/uploads\/2018\/10\/espcurva_1.jpg\" class=\"fusion-lightbox\" data-rel=\"iLightbox[557dcfc601edf9c46cd]\" data-caption=\"Puerta corredera curvada\" data-title=\"espcurva_1\" title=\"espcurva_1\"><img decoding=\"async\" width=\"798\" height=\"529\" src=\"https:\/\/www.mansergas.com\/wp-content\/uploads\/2018\/10\/espcurva_1.jpg\" alt class=\"img-responsive wp-image-2846\" srcset=\"https:\/\/www.mansergas.com\/wp-content\/uploads\/2018\/10\/espcurva_1-200x133.jpg 200w, https:\/\/www.mansergas.com\/wp-content\/uploads\/2018\/10\/espcurva_1-400x265.jpg 400w, https:\/\/www.mansergas.com\/wp-content\/uploads\/2018\/10\/espcurva_1-600x398.jpg 600w, https:\/\/www.mansergas.com\/wp-content\/uploads\/2018\/10\/espcurva_1.jpg 798w\" sizes=\"(max-width: 800px) 100vw, 600px\" \/><\/a><\/span><\/div><\/div><div class=\"fusion-text fusion-text-3\"><p style=\"text-align: center;\"><span style=\"font-size: 10px;\">Porte coulissante arrondie<\/span><\/p>\n<\/div><div class=\"fusion-clearfix\"><\/div><\/div><\/div><\/div><\/div><div class=\"fusion-fullwidth fullwidth-box fusion-builder-row-2 nonhundred-percent-fullwidth non-hundred-percent-height-scrolling\" style=\"--awb-border-radius-top-left:0px;--awb-border-radius-top-right:0px;--awb-border-radius-bottom-right:0px;--awb-border-radius-bottom-left:0px;--awb-flex-wrap:wrap;\" ><div class=\"fusion-builder-row fusion-row\"><div class=\"fusion-layout-column fusion_builder_column fusion-builder-column-3 fusion_builder_column_1_3 1_3 fusion-one-third fusion-column-first\" style=\"--awb-bg-size:cover;width:33.333333333333%;width:calc(33.333333333333% - ( ( 1% + 1% ) * 0.33333333333333 ) );margin-right: 1%;\"><div class=\"fusion-column-wrapper fusion-flex-column-wrapper-legacy\"><div class=\"fusion-image-element fusion-image-align-center in-legacy-container\" style=\"text-align:center;--awb-caption-title-font-family:var(--h2_typography-font-family);--awb-caption-title-font-weight:var(--h2_typography-font-weight);--awb-caption-title-font-style:var(--h2_typography-font-style);--awb-caption-title-size:var(--h2_typography-font-size);--awb-caption-title-transform:var(--h2_typography-text-transform);--awb-caption-title-line-height:var(--h2_typography-line-height);--awb-caption-title-letter-spacing:var(--h2_typography-letter-spacing);\"><div class=\"imageframe-align-center\"><span class=\" fusion-imageframe imageframe-none imageframe-2 hover-type-none\"><a href=\"http:\/\/www.mansergas.com\/wp-content\/uploads\/2018\/10\/DSCN2254.jpg\" class=\"fusion-lightbox\" data-rel=\"iLightbox[70175be4de495ee95d3]\" data-caption=\"Puerta autom\u00e1tica realizada con eslabones de cadena cerrada\" data-title=\"DSCN2254\" title=\"DSCN2254\"><img decoding=\"async\" width=\"800\" height=\"600\" src=\"https:\/\/www.mansergas.com\/wp-content\/uploads\/2018\/10\/DSCN2254.jpg\" alt class=\"img-responsive wp-image-2840\" srcset=\"https:\/\/www.mansergas.com\/wp-content\/uploads\/2018\/10\/DSCN2254-200x150.jpg 200w, https:\/\/www.mansergas.com\/wp-content\/uploads\/2018\/10\/DSCN2254-400x300.jpg 400w, https:\/\/www.mansergas.com\/wp-content\/uploads\/2018\/10\/DSCN2254-600x450.jpg 600w, https:\/\/www.mansergas.com\/wp-content\/uploads\/2018\/10\/DSCN2254.jpg 800w\" sizes=\"(max-width: 800px) 100vw, 600px\" \/><\/a><\/span><\/div><\/div><div class=\"fusion-text fusion-text-4\"><p style=\"text-align: center;\"><span style=\"font-size: 10px;\">Porte automatique faite de maillons de chaine<\/span><\/p>\n<\/div><div class=\"fusion-clearfix\"><\/div><\/div><\/div><div class=\"fusion-layout-column fusion_builder_column fusion-builder-column-4 fusion_builder_column_1_3 1_3 fusion-one-third\" style=\"--awb-bg-size:cover;width:33.333333333333%;width:calc(33.333333333333% - ( ( 1% + 1% ) * 0.33333333333333 ) );margin-right: 1%;\"><div class=\"fusion-column-wrapper fusion-flex-column-wrapper-legacy\"><div class=\"fusion-image-element fusion-image-align-center in-legacy-container\" style=\"text-align:center;--awb-caption-title-font-family:var(--h2_typography-font-family);--awb-caption-title-font-weight:var(--h2_typography-font-weight);--awb-caption-title-font-style:var(--h2_typography-font-style);--awb-caption-title-size:var(--h2_typography-font-size);--awb-caption-title-transform:var(--h2_typography-text-transform);--awb-caption-title-line-height:var(--h2_typography-line-height);--awb-caption-title-letter-spacing:var(--h2_typography-letter-spacing);\"><div class=\"imageframe-align-center\"><span class=\" fusion-imageframe imageframe-none imageframe-3 hover-type-none\"><a href=\"http:\/\/www.mansergas.com\/wp-content\/uploads\/2018\/10\/pivotantes-cristal-abriendo.jpg\" class=\"fusion-lightbox\" data-rel=\"iLightbox[90b758ed14213a15e20]\" data-caption=\"Acristaladas pivotantes de gran formato anti-huracanes\" data-title=\"pivotantes-cristal-abriendo\" title=\"pivotantes-cristal-abriendo\"><img decoding=\"async\" width=\"800\" height=\"600\" src=\"https:\/\/www.mansergas.com\/wp-content\/uploads\/2018\/10\/pivotantes-cristal-abriendo.jpg\" alt class=\"img-responsive wp-image-2843\" srcset=\"https:\/\/www.mansergas.com\/wp-content\/uploads\/2018\/10\/pivotantes-cristal-abriendo-200x150.jpg 200w, https:\/\/www.mansergas.com\/wp-content\/uploads\/2018\/10\/pivotantes-cristal-abriendo-400x300.jpg 400w, https:\/\/www.mansergas.com\/wp-content\/uploads\/2018\/10\/pivotantes-cristal-abriendo-600x450.jpg 600w, https:\/\/www.mansergas.com\/wp-content\/uploads\/2018\/10\/pivotantes-cristal-abriendo.jpg 800w\" sizes=\"(max-width: 800px) 100vw, 600px\" \/><\/a><\/span><\/div><\/div><div class=\"fusion-text fusion-text-5\"><p style=\"text-align: center;\"><span style=\"font-size: 10px;\">Portes pivotantes vitr\u00e9es anti-ouragan, grand format<\/span><\/p>\n<\/div><div class=\"fusion-clearfix\"><\/div><\/div><\/div><div class=\"fusion-layout-column fusion_builder_column fusion-builder-column-5 fusion_builder_column_1_3 1_3 fusion-one-third fusion-column-last\" style=\"--awb-bg-size:cover;width:33.333333333333%;width:calc(33.333333333333% - ( ( 1% + 1% ) * 0.33333333333333 ) );\"><div class=\"fusion-column-wrapper fusion-flex-column-wrapper-legacy\"><div class=\"fusion-image-element fusion-image-align-center in-legacy-container\" style=\"text-align:center;--awb-caption-title-font-family:var(--h2_typography-font-family);--awb-caption-title-font-weight:var(--h2_typography-font-weight);--awb-caption-title-font-style:var(--h2_typography-font-style);--awb-caption-title-size:var(--h2_typography-font-size);--awb-caption-title-transform:var(--h2_typography-text-transform);--awb-caption-title-line-height:var(--h2_typography-line-height);--awb-caption-title-letter-spacing:var(--h2_typography-letter-spacing);\"><div class=\"imageframe-align-center\"><span class=\" fusion-imageframe imageframe-none imageframe-4 hover-type-none\"><a href=\"http:\/\/www.mansergas.com\/wp-content\/uploads\/2018\/10\/Soho.jpg\" class=\"fusion-lightbox\" data-rel=\"iLightbox[e3ae7ec24945aee7c14]\" data-caption=\"Literalmente una puerta que surge del suelo en acero inoxidable\" data-title=\"Soho\" title=\"Soho\"><img decoding=\"async\" width=\"800\" height=\"600\" src=\"https:\/\/www.mansergas.com\/wp-content\/uploads\/2018\/10\/Soho.jpg\" alt class=\"img-responsive wp-image-2849\" srcset=\"https:\/\/www.mansergas.com\/wp-content\/uploads\/2018\/10\/Soho-200x150.jpg 200w, https:\/\/www.mansergas.com\/wp-content\/uploads\/2018\/10\/Soho-400x300.jpg 400w, https:\/\/www.mansergas.com\/wp-content\/uploads\/2018\/10\/Soho-600x450.jpg 600w, https:\/\/www.mansergas.com\/wp-content\/uploads\/2018\/10\/Soho.jpg 800w\" sizes=\"(max-width: 800px) 100vw, 600px\" \/><\/a><\/span><\/div><\/div><div class=\"fusion-text fusion-text-6\"><p style=\"text-align: center;\"><span style=\"font-size: 10px;\">Une porte qui \u00e9merge litt\u00e9ralement du sol, en acier inoxydable<\/span><\/p>\n<\/div><div class=\"fusion-clearfix\"><\/div><\/div><\/div><\/div><\/div><\/p>\n","protected":false},"excerpt":{"rendered":"","protected":false},"author":1,"featured_media":0,"parent":0,"menu_order":0,"comment_status":"closed","ping_status":"closed","template":"100-width.php","meta":{"footnotes":""},"class_list":["post-3968","page","type-page","status-publish","hentry"],"yoast_head":"<!-- This site is optimized with the Yoast SEO plugin v26.4 - https:\/\/yoast.com\/wordpress\/plugins\/seo\/ -->\n<title>Design\/D\u00e9veloppement - J.A. Mansergas S.A.<\/title>\n<meta name=\"robots\" content=\"index, follow, max-snippet:-1, max-image-preview:large, max-video-preview:-1\" \/>\n<link rel=\"canonical\" href=\"https:\/\/www.mansergas.com\/fr\/design-developpement\/\" \/>\n<meta property=\"og:locale\" content=\"fr_FR\" \/>\n<meta property=\"og:type\" content=\"article\" \/>\n<meta property=\"og:title\" content=\"Design\/D\u00e9veloppement - J.A. Mansergas S.A.\" \/>\n<meta property=\"og:url\" content=\"https:\/\/www.mansergas.com\/fr\/design-developpement\/\" \/>\n<meta property=\"og:site_name\" content=\"J.A. Mansergas S.A.\" \/>\n<meta name=\"twitter:card\" content=\"summary_large_image\" \/>\n<meta name=\"twitter:label1\" content=\"Dur\u00e9e de lecture estim\u00e9e\" \/>\n\t<meta name=\"twitter:data1\" content=\"6 minutes\" \/>\n<script type=\"application\/ld+json\" class=\"yoast-schema-graph\">{\"@context\":\"https:\/\/schema.org\",\"@graph\":[{\"@type\":\"WebPage\",\"@id\":\"https:\/\/www.mansergas.com\/fr\/design-developpement\/\",\"url\":\"https:\/\/www.mansergas.com\/fr\/design-developpement\/\",\"name\":\"Design\/D\u00e9veloppement - J.A. Mansergas S.A.\",\"isPartOf\":{\"@id\":\"https:\/\/www.mansergas.com\/#website\"},\"datePublished\":\"2019-08-21T18:26:48+00:00\",\"breadcrumb\":{\"@id\":\"https:\/\/www.mansergas.com\/fr\/design-developpement\/#breadcrumb\"},\"inLanguage\":\"fr-FR\",\"potentialAction\":[{\"@type\":\"ReadAction\",\"target\":[\"https:\/\/www.mansergas.com\/fr\/design-developpement\/\"]}]},{\"@type\":\"BreadcrumbList\",\"@id\":\"https:\/\/www.mansergas.com\/fr\/design-developpement\/#breadcrumb\",\"itemListElement\":[{\"@type\":\"ListItem\",\"position\":1,\"name\":\"Portada\",\"item\":\"https:\/\/www.mansergas.com\/fr\/\"},{\"@type\":\"ListItem\",\"position\":2,\"name\":\"Design\/D\u00e9veloppement\"}]},{\"@type\":\"WebSite\",\"@id\":\"https:\/\/www.mansergas.com\/#website\",\"url\":\"https:\/\/www.mansergas.com\/\",\"name\":\"J.A. Mansergas S.A.\",\"description\":\"Puertas Mansergas\",\"potentialAction\":[{\"@type\":\"SearchAction\",\"target\":{\"@type\":\"EntryPoint\",\"urlTemplate\":\"https:\/\/www.mansergas.com\/?s={search_term_string}\"},\"query-input\":{\"@type\":\"PropertyValueSpecification\",\"valueRequired\":true,\"valueName\":\"search_term_string\"}}],\"inLanguage\":\"fr-FR\"}]}<\/script>\n<!-- \/ Yoast SEO plugin. -->","yoast_head_json":{"title":"Design\/D\u00e9veloppement - J.A. Mansergas S.A.","robots":{"index":"index","follow":"follow","max-snippet":"max-snippet:-1","max-image-preview":"max-image-preview:large","max-video-preview":"max-video-preview:-1"},"canonical":"https:\/\/www.mansergas.com\/fr\/design-developpement\/","og_locale":"fr_FR","og_type":"article","og_title":"Design\/D\u00e9veloppement - J.A. Mansergas S.A.","og_url":"https:\/\/www.mansergas.com\/fr\/design-developpement\/","og_site_name":"J.A. Mansergas S.A.","twitter_card":"summary_large_image","twitter_misc":{"Dur\u00e9e de lecture estim\u00e9e":"6 minutes"},"schema":{"@context":"https:\/\/schema.org","@graph":[{"@type":"WebPage","@id":"https:\/\/www.mansergas.com\/fr\/design-developpement\/","url":"https:\/\/www.mansergas.com\/fr\/design-developpement\/","name":"Design\/D\u00e9veloppement - J.A. Mansergas S.A.","isPartOf":{"@id":"https:\/\/www.mansergas.com\/#website"},"datePublished":"2019-08-21T18:26:48+00:00","breadcrumb":{"@id":"https:\/\/www.mansergas.com\/fr\/design-developpement\/#breadcrumb"},"inLanguage":"fr-FR","potentialAction":[{"@type":"ReadAction","target":["https:\/\/www.mansergas.com\/fr\/design-developpement\/"]}]},{"@type":"BreadcrumbList","@id":"https:\/\/www.mansergas.com\/fr\/design-developpement\/#breadcrumb","itemListElement":[{"@type":"ListItem","position":1,"name":"Portada","item":"https:\/\/www.mansergas.com\/fr\/"},{"@type":"ListItem","position":2,"name":"Design\/D\u00e9veloppement"}]},{"@type":"WebSite","@id":"https:\/\/www.mansergas.com\/#website","url":"https:\/\/www.mansergas.com\/","name":"J.A. Mansergas S.A.","description":"Puertas Mansergas","potentialAction":[{"@type":"SearchAction","target":{"@type":"EntryPoint","urlTemplate":"https:\/\/www.mansergas.com\/?s={search_term_string}"},"query-input":{"@type":"PropertyValueSpecification","valueRequired":true,"valueName":"search_term_string"}}],"inLanguage":"fr-FR"}]}},"_links":{"self":[{"href":"https:\/\/www.mansergas.com\/fr\/wp-json\/wp\/v2\/pages\/3968","targetHints":{"allow":["GET"]}}],"collection":[{"href":"https:\/\/www.mansergas.com\/fr\/wp-json\/wp\/v2\/pages"}],"about":[{"href":"https:\/\/www.mansergas.com\/fr\/wp-json\/wp\/v2\/types\/page"}],"author":[{"embeddable":true,"href":"https:\/\/www.mansergas.com\/fr\/wp-json\/wp\/v2\/users\/1"}],"replies":[{"embeddable":true,"href":"https:\/\/www.mansergas.com\/fr\/wp-json\/wp\/v2\/comments?post=3968"}],"version-history":[{"count":2,"href":"https:\/\/www.mansergas.com\/fr\/wp-json\/wp\/v2\/pages\/3968\/revisions"}],"predecessor-version":[{"id":3974,"href":"https:\/\/www.mansergas.com\/fr\/wp-json\/wp\/v2\/pages\/3968\/revisions\/3974"}],"wp:attachment":[{"href":"https:\/\/www.mansergas.com\/fr\/wp-json\/wp\/v2\/media?parent=3968"}],"curies":[{"name":"wp","href":"https:\/\/api.w.org\/{rel}","templated":true}]}}