{"id":3914,"date":"2019-08-21T12:39:33","date_gmt":"2019-08-21T12:39:33","guid":{"rendered":"http:\/\/www.mansergas.com\/?page_id=3914"},"modified":"2019-08-22T18:24:43","modified_gmt":"2019-08-22T18:24:43","slug":"mono-paroi","status":"publish","type":"page","link":"https:\/\/www.mansergas.com\/fr\/portes\/enroulables\/porte-enroulables-en-aluminium-et-ou-polycarbonate\/gamme-plate\/mono-paroi\/","title":{"rendered":"Mono Paroi"},"content":{"rendered":"<p><div class=\"fusion-fullwidth fullwidth-box fusion-builder-row-1 nonhundred-percent-fullwidth non-hundred-percent-height-scrolling\" style=\"--awb-border-radius-top-left:0px;--awb-border-radius-top-right:0px;--awb-border-radius-bottom-right:0px;--awb-border-radius-bottom-left:0px;--awb-flex-wrap:wrap;\" ><div class=\"fusion-builder-row fusion-row\"><div class=\"fusion-layout-column fusion_builder_column fusion-builder-column-0 fusion_builder_column_1_1 1_1 fusion-one-full fusion-column-first fusion-column-last\" style=\"--awb-bg-size:cover;\"><div class=\"fusion-column-wrapper fusion-flex-column-wrapper-legacy\"><div class=\"fusion-text fusion-text-1\"><h2 style=\"margin-bottom: 0px;\"><span style=\"color: #000000;\"><strong>Portes aluminium Mono Paroi<\/strong><\/span><\/h2>\n<\/div><div class=\"fusion-sep-clear\"><\/div><div class=\"fusion-separator fusion-full-width-sep\" style=\"margin-left: auto;margin-right: auto;margin-top:0px;margin-bottom:2%;width:100%;\"><div class=\"fusion-separator-border sep-single sep-solid\" style=\"--awb-height:20px;--awb-amount:20px;--awb-sep-color:#ce0819;border-color:#ce0819;border-top-width:4px;\"><\/div><\/div><div class=\"fusion-sep-clear\"><\/div><div class=\"fusion-clearfix\"><\/div><\/div><\/div><div class=\"fusion-layout-column fusion_builder_column fusion-builder-column-1 fusion_builder_column_3_4 3_4 fusion-three-fourth fusion-column-first\" style=\"--awb-bg-size:cover;width:75%;width:calc(75% - ( ( 4% ) * 0.75 ) );margin-right: 4%;\"><div class=\"fusion-column-wrapper fusion-flex-column-wrapper-legacy\"><div class=\"fusion-text fusion-text-2\"><p style=\"text-align: justify;\">Le meilleur rapport entre l\u2019esth\u00e9tique et le prix, disponible dans un grand \u00e9ventail de couleurs qui permettent de mettre en valeur les caract\u00e9ristiques de votre entreprise ou de votre personnalit\u00e9. Gr\u00e2ce \u00e0 sa r\u00e9sistance \u00e0 la corrosion et sa l\u00e9g\u00e8ret\u00e9 son entretien est moindre.<\/p>\n<p style=\"text-align: justify;\">Tous les mod\u00e8les peuvent \u00eatre anodis\u00e9s ou laqu\u00e9s aux couleurs de la <a href=\"http:\/\/www.mansergas.com\/wp-content\/uploads\/2019\/06\/Carta-Ral.pdf\">palette RAL<\/a>.<\/p>\n<p style=\"text-align: justify;\">C\u2019est l\u2019un de nos produits phares, introduit par nous sur le march\u00e9 et largement imit\u00e9.<\/p>\n<\/div><div class=\"fusion-clearfix\"><\/div><\/div><\/div><div class=\"fusion-layout-column fusion_builder_column fusion-builder-column-2 fusion_builder_column_1_4 1_4 fusion-one-fourth fusion-column-last\" style=\"--awb-bg-size:cover;width:25%;width:calc(25% - ( ( 4% ) * 0.25 ) );\"><div class=\"fusion-column-wrapper fusion-flex-column-wrapper-legacy\"><div class=\"fusion-widget-area awb-widget-area-element fusion-widget-area-1 fusion-content-widget-area enrollables-lateral\" style=\"--awb-title-color:#333333;--awb-padding:0px 0px 0px 0px;\"><style type=\"text\/css\" data-id=\"avada-vertical-menu-widget-12\">#avada-vertical-menu-widget-12 > ul.menu { margin-top: -8px; }<\/style><div id=\"avada-vertical-menu-widget-12\" class=\"widget avada_vertical_menu\"><div class=\"heading\"><h4 class=\"widget-title\">Gamme plate<\/h4><\/div><style>#fusion-vertical-menu-widget-avada-vertical-menu-widget-12-nav ul.menu li a {font-size:14px;}<\/style><nav id=\"fusion-vertical-menu-widget-avada-vertical-menu-widget-12-nav\" class=\"fusion-vertical-menu-widget fusion-menu click left no-border\" aria-label=\"Secondary Navigation: Gamme plate\"><ul id=\"menu-enrollables-aluminio-plana-frances\" class=\"menu\"><li id=\"menu-item-4021\" class=\"menu-item menu-item-type-post_type menu-item-object-page menu-item-4021\"><a href=\"https:\/\/www.mansergas.com\/fr\/portes\/enroulables\/porte-enroulables-en-aluminium-et-ou-polycarbonate\/gamme-plate\/double-paroi\/\"><span class=\"link-text\"> Double paroi<\/span><span class=\"arrow\"><\/span><\/a><\/li><li id=\"menu-item-4022\" class=\"menu-item menu-item-type-post_type menu-item-object-page menu-item-4022\"><a href=\"https:\/\/www.mansergas.com\/fr\/portes\/enroulables\/porte-enroulables-en-aluminium-et-ou-polycarbonate\/gamme-plate\/mono-paroi\/\"><span class=\"link-text\"> Mono Paroi<\/span><span class=\"arrow\"><\/span><\/a><\/li><li id=\"menu-item-4023\" class=\"menu-item menu-item-type-post_type menu-item-object-page menu-item-4023\"><a href=\"https:\/\/www.mansergas.com\/fr\/portes\/enroulables\/porte-enroulables-en-aluminium-et-ou-polycarbonate\/gamme-plate\/portes-isolantes-thermiques\/\"><span class=\"link-text\"> Portes isolantes thermiques<\/span><span class=\"arrow\"><\/span><\/a><\/li><\/ul><\/nav><\/div><div class=\"fusion-additional-widget-content\"><\/div><\/div><div class=\"fusion-clearfix\"><\/div><\/div><\/div><div class=\"fusion-layout-column fusion_builder_column fusion-builder-column-3 fusion_builder_column_1_2 1_2 fusion-one-half fusion-column-first\" style=\"--awb-padding-right:3%;--awb-padding-bottom:3%;--awb-bg-size:cover;--awb-margin-bottom:0px;width:50%;width:calc(50% - ( ( 0% ) * 0.5 ) );margin-right: 0%;\"><div class=\"fusion-column-wrapper fusion-flex-column-wrapper-legacy\"><div class=\"fusion-text fusion-text-3\"><p style=\"text-align: justify;\">Cette porte en aluminium est remarquable par l\u2019\u00e9l\u00e9gance de ses finitions ext\u00e9rieures. Elle est exceptionnellement r\u00e9sistante au vent et aux impacts. Le joint en caoutchouc plac\u00e9 entre ses lames la rend parfaitement \u00e9tanche et son d\u00e9roulement est extr\u00eamement silencieux. L\u2019ensemble de ces qualit\u00e9s est impensable dans d\u2019autres concepts de porte. Les lames, qui peuvent mesurer jusqu\u2019\u00e0 7,5 m, sont obligatoirement pleines avec des finitions en aluminium ou laqu\u00e9s en couleur ou bien de type micro perfor\u00e9 avec de trous de 3,5 mm de diam\u00e8tre sur un p\u00e9rim\u00e8tre de 8 x 8 mm, \u00e9galement estamp\u00e9es\u00a0 avec ou sans polycarbonate transparent de 2 mm d\u2019\u00e9paisseur. Elles sont combinables \u00e0 l\u2019infini avec celles de notre mod\u00e8le \u00e0 double paroi, ce qui nous permet de disposer de lames capables d\u2019augmenter leur robustesse en ins\u00e9rant \u00e0 l\u2019int\u00e9rieur du profil\u00e9 des \u00e9l\u00e9ments transversaux en acier et des rails sp\u00e9ciaux.<\/p>\n<p style=\"text-align: justify;\">Les diff\u00e9rentes combinaisons ouvrent un large champ d\u2019applications\u00a0: syst\u00e8me de ventilation, passage mod\u00e9r\u00e9 de lumi\u00e8re, visibilit\u00e9 total avec ou sans passage de l\u2019air.<\/p>\n<p style=\"text-align: justify;\">Dans le profil\u00e9 terminal, plus grand, plus \u00e9pais et plus rigide que la lame, on peut encastrer la serrure, les fixations de s\u00e9curit\u00e9 et un joint en caoutchouc pour assurer l\u2019\u00e9tanch\u00e9it\u00e9 et le silence de la fermeture. On peut aussi y ins\u00e9rer les m\u00e9canismes de pr\u00e9vention Securantishock, anti-accidents qui provoquent l\u2019arr\u00eat instantan\u00e9 de la man\u0153uvre d\u00e8s que la porte d\u00e9tecte la pr\u00e9sence d\u2019un objet g\u00eanant sans m\u00eame le toucher.<\/p>\n<\/div><div class=\"fusion-clearfix\"><\/div><\/div><\/div><div class=\"fusion-layout-column fusion_builder_column fusion-builder-column-4 fusion_builder_column_1_2 1_2 fusion-one-half fusion-column-last\" style=\"--awb-bg-image:url(&#039;http:\/\/www.mansergas.com\/wp-content\/uploads\/2018\/10\/spaintir.jpg&#039;);--awb-bg-position:center center;--awb-bg-size:cover;--awb-margin-bottom:0px;width:50%;width:calc(50% - ( ( 0% ) * 0.5 ) );\"><div class=\"fusion-column-wrapper fusion-flex-column-wrapper-legacy fusion-column-has-bg-image\" data-bg-url=\"http:\/\/www.mansergas.com\/wp-content\/uploads\/2018\/10\/spaintir.jpg\"><div class=\"fusion-image-element fusion-image-align-center in-legacy-container\" style=\"text-align:center;--awb-caption-title-font-family:var(--h2_typography-font-family);--awb-caption-title-font-weight:var(--h2_typography-font-weight);--awb-caption-title-font-style:var(--h2_typography-font-style);--awb-caption-title-size:var(--h2_typography-font-size);--awb-caption-title-transform:var(--h2_typography-text-transform);--awb-caption-title-line-height:var(--h2_typography-line-height);--awb-caption-title-letter-spacing:var(--h2_typography-letter-spacing);\"><div class=\"imageframe-align-center\"><span class=\" fusion-imageframe imageframe-none imageframe-1 hover-type-none\"><a href=\"http:\/\/www.mansergas.com\/wp-content\/uploads\/2018\/10\/pared-simple.jpg\" class=\"fusion-lightbox\" data-rel=\"iLightbox[b24a834b6a313e3fff4]\" data-title=\"pared-simple\" title=\"pared-simple\"><img decoding=\"async\" width=\"800\" height=\"600\" src=\"https:\/\/www.mansergas.com\/wp-content\/uploads\/2018\/10\/pared-simple.jpg\" alt class=\"img-responsive wp-image-2705\" srcset=\"https:\/\/www.mansergas.com\/wp-content\/uploads\/2018\/10\/pared-simple-200x150.jpg 200w, https:\/\/www.mansergas.com\/wp-content\/uploads\/2018\/10\/pared-simple-400x300.jpg 400w, https:\/\/www.mansergas.com\/wp-content\/uploads\/2018\/10\/pared-simple-600x450.jpg 600w, https:\/\/www.mansergas.com\/wp-content\/uploads\/2018\/10\/pared-simple.jpg 800w\" sizes=\"(max-width: 800px) 100vw, 800px\" \/><\/a><\/span><\/div><\/div><div class=\"fusion-clearfix\"><\/div><\/div><\/div><\/div><\/div><div class=\"fusion-fullwidth fullwidth-box fusion-builder-row-2 nonhundred-percent-fullwidth non-hundred-percent-height-scrolling\" style=\"--awb-border-color:#ce0819;--awb-border-radius-top-left:0px;--awb-border-radius-top-right:0px;--awb-border-radius-bottom-right:0px;--awb-border-radius-bottom-left:0px;--awb-padding-top:2%;--awb-padding-bottom:1%;--awb-padding-left:4%;--awb-background-color:#e5e5e5;--awb-border-sizes-top:0px;--awb-border-sizes-bottom:0px;--awb-flex-wrap:wrap;\" ><div class=\"fusion-builder-row fusion-row\"><div class=\"fusion-layout-column fusion_builder_column fusion-builder-column-5 fusion_builder_column_1_1 1_1 fusion-one-full fusion-column-first fusion-column-last\" style=\"--awb-bg-size:cover;\"><div class=\"fusion-column-wrapper fusion-flex-column-wrapper-legacy\"><div class=\"fusion-text fusion-text-4\"><h2 style=\"margin-bottom: 0px;\"><span style=\"color: #000000;\"><strong>D\u00e9tails<\/strong><\/span><\/h2>\n<\/div><div class=\"fusion-sep-clear\"><\/div><div class=\"fusion-separator fusion-full-width-sep\" style=\"margin-left: auto;margin-right: auto;margin-top:0px;margin-bottom:2%;width:100%;\"><div class=\"fusion-separator-border sep-single sep-solid\" style=\"--awb-height:20px;--awb-amount:20px;--awb-sep-color:#ce0819;border-color:#ce0819;border-top-width:4px;\"><\/div><\/div><div class=\"fusion-sep-clear\"><\/div><div class=\"fusion-clearfix\"><\/div><\/div><\/div><div class=\"fusion-layout-column fusion_builder_column fusion-builder-column-6 fusion_builder_column_3_4 3_4 fusion-three-fourth fusion-column-first fusion-column-no-min-height\" style=\"--awb-bg-size:cover;width:75%;width:calc(75% - ( ( 4% ) * 0.75 ) );margin-right: 4%;\"><div class=\"fusion-column-wrapper fusion-flex-column-wrapper-legacy\"><div class=\"fusion-text fusion-text-5\"><h3 style=\"text-align: justify;\"><span style=\"font-size: 16px;\"><strong>Caract\u00e9ristiques de cette porte:<\/strong><\/span><\/h3>\n<ul style=\"list-style-type: circle; text-align: justify;\">\n<li>El\u00e9gance exceptionnelle, les finitions lisses, sans d\u00e9faut, permettent l\u2019int\u00e9gration parfaite de cette porte comme s\u2019il s\u2019agissait d\u2019une paroi de marbre.<\/li>\n<li>Son encastrement parfait permet de la maintenir propre avec un minimum d\u2019effort et sa grande surface lisse est id\u00e9ale pour sa personnalisation : logos, enseignes et graphismes sont facilement mis en place ou \u00e9limin\u00e9s selon les besoins.<\/li>\n<li>Les mat\u00e9riaux sont de haute qualit\u00e9, autant les joints en caoutchouc synth\u00e9tique entre les lames que les patins nylon des rails de tr\u00e8s grande durabilit\u00e9.<\/li>\n<li>La diversit\u00e9 de mod\u00e8les de rails disponibles permet l\u2019installation dans la plupart des cas.<\/li>\n<li>Les estampages sur la lame peuvent \u00eatres align\u00e9s ou intercal\u00e9s et de dimensions vari\u00e9es.<\/li>\n<li>On peut fermer les ouvertures estamp\u00e9es avec des plaques en polycarbonate de 2 mm d\u2019\u00e9paisseur transparentes ou color\u00e9es.<\/li>\n<li>Les lames peuvent \u00eatre de type micro perfor\u00e9, tr\u00e8s utilis\u00e9 dans le commerce.<\/li>\n<li>Elle se combine avec tous les mod\u00e8les de lames de notre gamme \u00e0 Double Paroi.<\/li>\n<\/ul>\n<p style=\"text-align: justify;\">Cette porte est automatis\u00e9e au moyen d\u2019un moteur lat\u00e9ral pour man\u0153uvres fr\u00e9quentes ou compliqu\u00e9es, ou bien avec un moteur central d\u00e9brayable de l\u2019int\u00e9rieur en cas d\u2019acc\u00e8s unique \u00e0 l\u2019int\u00e9rieur. Elles sont toutes \u00e9quip\u00e9es de ressorts compensatoires pour utilisation manuelle occasionnelle.<\/p>\n<p style=\"text-align: justify;\"><span style=\"font-size: 16px;\"><strong>L\u2019ensemble peut \u00eatre \u00e9quip\u00e9 de mesures suppl\u00e9mentaires antivol et <a href=\"http:\/\/www.mansergas.com\/fr\/anti-lunissage\/\">anti-emboutissage<\/a>.<\/strong><\/span><\/p>\n<\/div><div class=\"fusion-clearfix\"><\/div><\/div><\/div><div class=\"fusion-layout-column fusion_builder_column fusion-builder-column-7 fusion_builder_column_1_4 1_4 fusion-one-fourth fusion-column-last\" style=\"--awb-bg-size:cover;width:25%;width:calc(25% - ( ( 4% ) * 0.25 ) );\"><div class=\"fusion-column-wrapper fusion-flex-column-wrapper-legacy\"><div class=\"fusion-column-content-centered\"><div class=\"fusion-column-content\"><div class=\"fusion-text fusion-text-6\"><h3 style=\"text-align: center;\"><strong>Terrains d\u2019application<\/strong><\/h3>\n<\/div><div class=\"fusion-progressbar fusion-progressbar-text-on-bar\" style=\"--awb-height:30px;--awb-filledcolor:#ff0000;\"><div class=\"fusion-progressbar-bar progress-bar\"><div class=\"progress progress-bar-content\" style=\"width:0%;\" role=\"progressbar\" aria-labelledby=\"awb-progressbar-label-1\" aria-valuemin=\"0\" aria-valuemax=\"100\" aria-valuenow=\"80\"><\/div><\/div> <span class=\"progress-title\" style=\"right: calc(15px + 20%);\"><span class=\"fusion-progressbar-text\" id=\"awb-progressbar-label-1\">R\u00e9sidentiel <\/span> <span class=\"fusion-progressbar-value\">80%<\/span><\/span><\/div><div class=\"fusion-progressbar fusion-progressbar-text-on-bar\" style=\"--awb-textcolor:#ffffff;--awb-height:30px;--awb-filledcolor:#ff0000;\"><div class=\"fusion-progressbar-bar progress-bar\"><div class=\"progress progress-bar-content\" style=\"width:0%;\" role=\"progressbar\" aria-labelledby=\"awb-progressbar-label-2\" aria-valuemin=\"0\" aria-valuemax=\"100\" aria-valuenow=\"100\"><\/div><\/div> <span class=\"progress-title\" style=\"right: calc(15px + 0%);\"><span class=\"fusion-progressbar-text\" id=\"awb-progressbar-label-2\">Commercial <\/span> <span class=\"fusion-progressbar-value\">100%<\/span><\/span><\/div><div class=\"fusion-progressbar fusion-progressbar-text-on-bar\" style=\"--awb-textcolor:#ffffff;--awb-height:30px;--awb-filledcolor:#ff0000;\"><div class=\"fusion-progressbar-bar progress-bar\"><div class=\"progress progress-bar-content\" style=\"width:0%;\" role=\"progressbar\" aria-labelledby=\"awb-progressbar-label-3\" aria-valuemin=\"0\" aria-valuemax=\"100\" aria-valuenow=\"60\"><\/div><\/div> <span class=\"progress-title\" style=\"right: calc(15px + 40%);\"><span class=\"fusion-progressbar-text\" id=\"awb-progressbar-label-3\">Industriel <\/span> <span class=\"fusion-progressbar-value\">60%<\/span><\/span><\/div><div class=\"fusion-text fusion-text-7\"><h3 style=\"text-align: center;\"><strong>Qualification<\/strong><\/h3>\n<\/div><div class=\"fusion-progressbar fusion-progressbar-text-on-bar\" style=\"--awb-height:30px;--awb-filledcolor:#ff0000;\"><div class=\"fusion-progressbar-bar progress-bar\"><div class=\"progress progress-bar-content\" style=\"width:0%;\" role=\"progressbar\" aria-labelledby=\"awb-progressbar-label-4\" aria-valuemin=\"0\" aria-valuemax=\"100\" aria-valuenow=\"60\"><\/div><\/div> <span class=\"progress-title\" style=\"right: calc(15px + 40%);\"><span class=\"fusion-progressbar-text\" id=\"awb-progressbar-label-4\">S\u00e9curit\u00e9 <\/span> <span class=\"fusion-progressbar-value\">60%<\/span><\/span><\/div><div class=\"fusion-progressbar fusion-progressbar-text-on-bar\" style=\"--awb-textcolor:#ffffff;--awb-height:30px;--awb-filledcolor:#ff0000;\"><div class=\"fusion-progressbar-bar progress-bar\"><div class=\"progress progress-bar-content\" style=\"width:0%;\" role=\"progressbar\" aria-labelledby=\"awb-progressbar-label-5\" aria-valuemin=\"0\" aria-valuemax=\"100\" aria-valuenow=\"80\"><\/div><\/div> <span class=\"progress-title\" style=\"right: calc(15px + 20%);\"><span class=\"fusion-progressbar-text\" id=\"awb-progressbar-label-5\">El\u00e9gance <\/span> <span class=\"fusion-progressbar-value\">80%<\/span><\/span><\/div><div class=\"fusion-progressbar fusion-progressbar-text-on-bar\" style=\"--awb-textcolor:#ffffff;--awb-height:30px;--awb-filledcolor:#ff0000;\"><div class=\"fusion-progressbar-bar progress-bar\"><div class=\"progress progress-bar-content\" style=\"width:0%;\" role=\"progressbar\" aria-labelledby=\"awb-progressbar-label-6\" aria-valuemin=\"0\" aria-valuemax=\"100\" aria-valuenow=\"60\"><\/div><\/div> <span class=\"progress-title\" style=\"right: calc(15px + 40%);\"><span class=\"fusion-progressbar-text\" id=\"awb-progressbar-label-6\">Usage fr\u00e9quent<\/span> <span class=\"fusion-progressbar-value\">60%<\/span><\/span><\/div><div class=\"fusion-progressbar fusion-progressbar-text-on-bar\" style=\"--awb-height:30px;--awb-filledcolor:#ff0000;\"><div class=\"fusion-progressbar-bar progress-bar\"><div class=\"progress progress-bar-content\" style=\"width:0%;\" role=\"progressbar\" aria-labelledby=\"awb-progressbar-label-7\" aria-valuemin=\"0\" aria-valuemax=\"100\" aria-valuenow=\"100\"><\/div><\/div> <span class=\"progress-title\" style=\"right: calc(15px + 0%);\"><span class=\"fusion-progressbar-text\" id=\"awb-progressbar-label-7\">Personnalisable <\/span> <span class=\"fusion-progressbar-value\">100%<\/span><\/span><\/div><\/div><\/div><div class=\"fusion-clearfix\"><\/div><\/div><\/div><\/div><\/div><\/p>\n","protected":false},"excerpt":{"rendered":"","protected":false},"author":1,"featured_media":0,"parent":3907,"menu_order":0,"comment_status":"closed","ping_status":"closed","template":"100-width.php","meta":{"footnotes":""},"class_list":["post-3914","page","type-page","status-publish","hentry"],"yoast_head":"<!-- This site is optimized with the Yoast SEO plugin v26.4 - https:\/\/yoast.com\/wordpress\/plugins\/seo\/ -->\n<title>Mono Paroi - J.A. Mansergas S.A.<\/title>\n<meta name=\"robots\" content=\"index, follow, max-snippet:-1, max-image-preview:large, max-video-preview:-1\" \/>\n<link rel=\"canonical\" href=\"https:\/\/www.mansergas.com\/fr\/portes\/enroulables\/porte-enroulables-en-aluminium-et-ou-polycarbonate\/gamme-plate\/mono-paroi\/\" \/>\n<meta property=\"og:locale\" content=\"fr_FR\" \/>\n<meta property=\"og:type\" content=\"article\" \/>\n<meta property=\"og:title\" content=\"Mono Paroi - J.A. Mansergas S.A.\" \/>\n<meta property=\"og:url\" content=\"https:\/\/www.mansergas.com\/fr\/portes\/enroulables\/porte-enroulables-en-aluminium-et-ou-polycarbonate\/gamme-plate\/mono-paroi\/\" \/>\n<meta property=\"og:site_name\" content=\"J.A. Mansergas S.A.\" \/>\n<meta property=\"article:modified_time\" content=\"2019-08-22T18:24:43+00:00\" \/>\n<meta name=\"twitter:card\" content=\"summary_large_image\" \/>\n<meta name=\"twitter:label1\" content=\"Dur\u00e9e de lecture estim\u00e9e\" \/>\n\t<meta name=\"twitter:data1\" content=\"10 minutes\" \/>\n<script type=\"application\/ld+json\" class=\"yoast-schema-graph\">{\"@context\":\"https:\/\/schema.org\",\"@graph\":[{\"@type\":\"WebPage\",\"@id\":\"https:\/\/www.mansergas.com\/fr\/portes\/enroulables\/porte-enroulables-en-aluminium-et-ou-polycarbonate\/gamme-plate\/mono-paroi\/\",\"url\":\"https:\/\/www.mansergas.com\/fr\/portes\/enroulables\/porte-enroulables-en-aluminium-et-ou-polycarbonate\/gamme-plate\/mono-paroi\/\",\"name\":\"Mono Paroi - J.A. Mansergas S.A.\",\"isPartOf\":{\"@id\":\"https:\/\/www.mansergas.com\/#website\"},\"datePublished\":\"2019-08-21T12:39:33+00:00\",\"dateModified\":\"2019-08-22T18:24:43+00:00\",\"breadcrumb\":{\"@id\":\"https:\/\/www.mansergas.com\/fr\/portes\/enroulables\/porte-enroulables-en-aluminium-et-ou-polycarbonate\/gamme-plate\/mono-paroi\/#breadcrumb\"},\"inLanguage\":\"fr-FR\",\"potentialAction\":[{\"@type\":\"ReadAction\",\"target\":[\"https:\/\/www.mansergas.com\/fr\/portes\/enroulables\/porte-enroulables-en-aluminium-et-ou-polycarbonate\/gamme-plate\/mono-paroi\/\"]}]},{\"@type\":\"BreadcrumbList\",\"@id\":\"https:\/\/www.mansergas.com\/fr\/portes\/enroulables\/porte-enroulables-en-aluminium-et-ou-polycarbonate\/gamme-plate\/mono-paroi\/#breadcrumb\",\"itemListElement\":[{\"@type\":\"ListItem\",\"position\":1,\"name\":\"Portada\",\"item\":\"https:\/\/www.mansergas.com\/fr\/\"},{\"@type\":\"ListItem\",\"position\":2,\"name\":\"Portes\",\"item\":\"https:\/\/www.mansergas.com\/fr\/portes\/\"},{\"@type\":\"ListItem\",\"position\":3,\"name\":\"Enroulables\",\"item\":\"https:\/\/www.mansergas.com\/fr\/portes\/enroulables\/\"},{\"@type\":\"ListItem\",\"position\":4,\"name\":\"Porte enroulables en aluminium et\/ou polycarbonate\",\"item\":\"https:\/\/www.mansergas.com\/fr\/portes\/enroulables\/porte-enroulables-en-aluminium-et-ou-polycarbonate\/\"},{\"@type\":\"ListItem\",\"position\":5,\"name\":\"Gamme plate\",\"item\":\"https:\/\/www.mansergas.com\/fr\/portes\/enroulables\/porte-enroulables-en-aluminium-et-ou-polycarbonate\/gamme-plate\/\"},{\"@type\":\"ListItem\",\"position\":6,\"name\":\"Mono Paroi\"}]},{\"@type\":\"WebSite\",\"@id\":\"https:\/\/www.mansergas.com\/#website\",\"url\":\"https:\/\/www.mansergas.com\/\",\"name\":\"J.A. Mansergas S.A.\",\"description\":\"Puertas Mansergas\",\"potentialAction\":[{\"@type\":\"SearchAction\",\"target\":{\"@type\":\"EntryPoint\",\"urlTemplate\":\"https:\/\/www.mansergas.com\/?s={search_term_string}\"},\"query-input\":{\"@type\":\"PropertyValueSpecification\",\"valueRequired\":true,\"valueName\":\"search_term_string\"}}],\"inLanguage\":\"fr-FR\"}]}<\/script>\n<!-- \/ Yoast SEO plugin. -->","yoast_head_json":{"title":"Mono Paroi - J.A. Mansergas S.A.","robots":{"index":"index","follow":"follow","max-snippet":"max-snippet:-1","max-image-preview":"max-image-preview:large","max-video-preview":"max-video-preview:-1"},"canonical":"https:\/\/www.mansergas.com\/fr\/portes\/enroulables\/porte-enroulables-en-aluminium-et-ou-polycarbonate\/gamme-plate\/mono-paroi\/","og_locale":"fr_FR","og_type":"article","og_title":"Mono Paroi - J.A. Mansergas S.A.","og_url":"https:\/\/www.mansergas.com\/fr\/portes\/enroulables\/porte-enroulables-en-aluminium-et-ou-polycarbonate\/gamme-plate\/mono-paroi\/","og_site_name":"J.A. Mansergas S.A.","article_modified_time":"2019-08-22T18:24:43+00:00","twitter_card":"summary_large_image","twitter_misc":{"Dur\u00e9e de lecture estim\u00e9e":"10 minutes"},"schema":{"@context":"https:\/\/schema.org","@graph":[{"@type":"WebPage","@id":"https:\/\/www.mansergas.com\/fr\/portes\/enroulables\/porte-enroulables-en-aluminium-et-ou-polycarbonate\/gamme-plate\/mono-paroi\/","url":"https:\/\/www.mansergas.com\/fr\/portes\/enroulables\/porte-enroulables-en-aluminium-et-ou-polycarbonate\/gamme-plate\/mono-paroi\/","name":"Mono Paroi - J.A. Mansergas S.A.","isPartOf":{"@id":"https:\/\/www.mansergas.com\/#website"},"datePublished":"2019-08-21T12:39:33+00:00","dateModified":"2019-08-22T18:24:43+00:00","breadcrumb":{"@id":"https:\/\/www.mansergas.com\/fr\/portes\/enroulables\/porte-enroulables-en-aluminium-et-ou-polycarbonate\/gamme-plate\/mono-paroi\/#breadcrumb"},"inLanguage":"fr-FR","potentialAction":[{"@type":"ReadAction","target":["https:\/\/www.mansergas.com\/fr\/portes\/enroulables\/porte-enroulables-en-aluminium-et-ou-polycarbonate\/gamme-plate\/mono-paroi\/"]}]},{"@type":"BreadcrumbList","@id":"https:\/\/www.mansergas.com\/fr\/portes\/enroulables\/porte-enroulables-en-aluminium-et-ou-polycarbonate\/gamme-plate\/mono-paroi\/#breadcrumb","itemListElement":[{"@type":"ListItem","position":1,"name":"Portada","item":"https:\/\/www.mansergas.com\/fr\/"},{"@type":"ListItem","position":2,"name":"Portes","item":"https:\/\/www.mansergas.com\/fr\/portes\/"},{"@type":"ListItem","position":3,"name":"Enroulables","item":"https:\/\/www.mansergas.com\/fr\/portes\/enroulables\/"},{"@type":"ListItem","position":4,"name":"Porte enroulables en aluminium et\/ou polycarbonate","item":"https:\/\/www.mansergas.com\/fr\/portes\/enroulables\/porte-enroulables-en-aluminium-et-ou-polycarbonate\/"},{"@type":"ListItem","position":5,"name":"Gamme plate","item":"https:\/\/www.mansergas.com\/fr\/portes\/enroulables\/porte-enroulables-en-aluminium-et-ou-polycarbonate\/gamme-plate\/"},{"@type":"ListItem","position":6,"name":"Mono Paroi"}]},{"@type":"WebSite","@id":"https:\/\/www.mansergas.com\/#website","url":"https:\/\/www.mansergas.com\/","name":"J.A. Mansergas S.A.","description":"Puertas Mansergas","potentialAction":[{"@type":"SearchAction","target":{"@type":"EntryPoint","urlTemplate":"https:\/\/www.mansergas.com\/?s={search_term_string}"},"query-input":{"@type":"PropertyValueSpecification","valueRequired":true,"valueName":"search_term_string"}}],"inLanguage":"fr-FR"}]}},"_links":{"self":[{"href":"https:\/\/www.mansergas.com\/fr\/wp-json\/wp\/v2\/pages\/3914","targetHints":{"allow":["GET"]}}],"collection":[{"href":"https:\/\/www.mansergas.com\/fr\/wp-json\/wp\/v2\/pages"}],"about":[{"href":"https:\/\/www.mansergas.com\/fr\/wp-json\/wp\/v2\/types\/page"}],"author":[{"embeddable":true,"href":"https:\/\/www.mansergas.com\/fr\/wp-json\/wp\/v2\/users\/1"}],"replies":[{"embeddable":true,"href":"https:\/\/www.mansergas.com\/fr\/wp-json\/wp\/v2\/comments?post=3914"}],"version-history":[{"count":2,"href":"https:\/\/www.mansergas.com\/fr\/wp-json\/wp\/v2\/pages\/3914\/revisions"}],"predecessor-version":[{"id":4523,"href":"https:\/\/www.mansergas.com\/fr\/wp-json\/wp\/v2\/pages\/3914\/revisions\/4523"}],"up":[{"embeddable":true,"href":"https:\/\/www.mansergas.com\/fr\/wp-json\/wp\/v2\/pages\/3907"}],"wp:attachment":[{"href":"https:\/\/www.mansergas.com\/fr\/wp-json\/wp\/v2\/media?parent=3914"}],"curies":[{"name":"wp","href":"https:\/\/api.w.org\/{rel}","templated":true}]}}