{"id":3822,"date":"2019-08-21T09:53:12","date_gmt":"2019-08-21T09:53:12","guid":{"rendered":"http:\/\/www.mansergas.com\/?page_id=3822"},"modified":"2019-08-21T09:53:12","modified_gmt":"2019-08-21T09:53:12","slug":"references","status":"publish","type":"page","link":"https:\/\/www.mansergas.com\/fr\/references\/","title":{"rendered":"R\u00e9f\u00e9rences"},"content":{"rendered":"<div class=\"fusion-fullwidth fullwidth-box fusion-builder-row-1 nonhundred-percent-fullwidth non-hundred-percent-height-scrolling\" style=\"--awb-border-radius-top-left:0px;--awb-border-radius-top-right:0px;--awb-border-radius-bottom-right:0px;--awb-border-radius-bottom-left:0px;--awb-flex-wrap:wrap;\" ><div class=\"fusion-builder-row fusion-row\"><div class=\"fusion-layout-column fusion_builder_column fusion-builder-column-0 fusion_builder_column_5_6 5_6 fusion-five-sixth fusion-column-first\" style=\"--awb-bg-size:cover;width:83.333333333333%;width:calc(83.333333333333% - ( ( 4% ) * 0.83333333333333 ) );margin-right: 4%;\"><div class=\"fusion-column-wrapper fusion-flex-column-wrapper-legacy\"><div class=\"fusion-text fusion-text-1\"><h2><strong>R\u00e9f\u00e9rences<\/strong><\/h2>\n<\/div><div class=\"fusion-sep-clear\"><\/div><div class=\"fusion-separator fusion-full-width-sep\" style=\"margin-left: auto;margin-right: auto;margin-bottom:2%;width:100%;\"><div class=\"fusion-separator-border sep-single sep-solid\" style=\"--awb-height:20px;--awb-amount:20px;--awb-sep-color:#ce0819;border-color:#ce0819;border-top-width:3px;\"><\/div><\/div><div class=\"fusion-sep-clear\"><\/div><div class=\"fusion-text fusion-text-2\"><p style=\"text-align: justify;\">Voici quelques r\u00e9f\u00e9rences int\u00e9ressantes de quelques-unes des soci\u00e9t\u00e9s choisies au hasard parmi toutes celles qui nous ont fait confiance pour leur esth\u00e9tique et leur s\u00e9curit\u00e9 et n\u2019ont pas dout\u00e9 de la fiabilit\u00e9 de nos produits.<\/p>\n<\/div><div class=\"fusion-clearfix\"><\/div><\/div><\/div><div class=\"fusion-layout-column fusion_builder_column fusion-builder-column-1 fusion_builder_column_1_6 1_6 fusion-one-sixth fusion-column-last\" style=\"--awb-bg-size:cover;width:16.666666666667%;width:calc(16.666666666667% - ( ( 4% ) * 0.16666666666667 ) );\"><div class=\"fusion-column-wrapper fusion-flex-column-wrapper-legacy\"><div class=\"fusion-image-element fusion-image-align-right in-legacy-container\" style=\"text-align:right;--awb-caption-title-font-family:var(--h2_typography-font-family);--awb-caption-title-font-weight:var(--h2_typography-font-weight);--awb-caption-title-font-style:var(--h2_typography-font-style);--awb-caption-title-size:var(--h2_typography-font-size);--awb-caption-title-transform:var(--h2_typography-text-transform);--awb-caption-title-line-height:var(--h2_typography-line-height);--awb-caption-title-letter-spacing:var(--h2_typography-letter-spacing);\"><span class=\" fusion-imageframe imageframe-none imageframe-1 hover-type-none\" style=\"margin-left:25px;float:right;\"><img decoding=\"async\" width=\"113\" height=\"112\" title=\"50ANOS\" src=\"https:\/\/www.mansergas.com\/wp-content\/uploads\/2018\/10\/50ANOS.gif\" alt class=\"img-responsive wp-image-3115\" srcset=\"https:\/\/www.mansergas.com\/wp-content\/uploads\/2018\/10\/50ANOS-66x66.gif 66w, https:\/\/www.mansergas.com\/wp-content\/uploads\/2018\/10\/50ANOS.gif 113w\" sizes=\"(max-width: 113px) 100vw, 113px\" \/><\/span><\/div><div class=\"fusion-clearfix\"><\/div><\/div><\/div><div class=\"fusion-layout-column fusion_builder_column fusion-builder-column-2 fusion_builder_column_1_1 1_1 fusion-one-full fusion-column-first fusion-column-last\" style=\"--awb-bg-size:cover;\"><div class=\"fusion-column-wrapper fusion-flex-column-wrapper-legacy\"><div class=\"fusion-text fusion-text-3\"><table id=\"referencias\" style=\"border-collapse: collapse; width: 100%; height: 1008px;\" border=\"1\">\n<tbody>\n<tr style=\"background-color: #a2a2a2; color: white;\">\n<td style=\"width: 33.3333%; text-align: center; height: 24px;\"><b>Client<\/b><\/td>\n<td style=\"width: 33.3333%; text-align: center; height: 24px;\"><b>Activit\u00e9<\/b><\/td>\n<td style=\"width: 33.3333%; text-align: center; height: 24px;\"><b>WEB<\/b><\/td>\n<\/tr>\n<tr style=\"height: 24px;\">\n<td style=\"width: 33.3333%; text-align: center; height: 24px;\">Mediamarkt<\/td>\n<td style=\"width: 33.3333%; text-align: center; height: 24px;\">Gran Superficie<\/td>\n<td style=\"width: 33.3333%; text-align: center; height: 24px;\"><a href=\"http:\/\/www.mediamarkt.es\/\" target=\"_blank\" rel=\"noopener noreferrer\">http:\/\/www.mediamarkt.es\/<\/a><\/td>\n<\/tr>\n<tr style=\"height: 24px;\">\n<td style=\"width: 33.3333%; text-align: center; height: 24px;\">Lidl Supermercados, SAU<\/td>\n<td style=\"width: 33.3333%; text-align: center; height: 24px;\">Gran Superficie<\/td>\n<td style=\"width: 33.3333%; text-align: center; height: 24px;\"><a href=\"http:\/\/www.lidl.es\/\" target=\"_blank\" rel=\"noopener noreferrer\">http:\/\/www.lidl.es\/<\/a><\/td>\n<\/tr>\n<tr style=\"height: 24px;\">\n<td style=\"width: 33.3333%; text-align: center; height: 24px;\">Spain-Tir<\/td>\n<td style=\"width: 33.3333%; text-align: center; height: 24px;\">Log\u00edstica<\/td>\n<td style=\"width: 33.3333%; text-align: center; height: 24px;\"><a href=\"http:\/\/www.spaintir.com\/\" target=\"_blank\" rel=\"noopener noreferrer\">http:\/\/www.spaintir.com\/<\/a><\/td>\n<\/tr>\n<tr style=\"height: 24px;\">\n<td style=\"width: 33.3333%; text-align: center; height: 24px;\">MiP Inform\u00e0tica<\/td>\n<td style=\"width: 33.3333%; text-align: center; height: 24px;\">Comercio<\/td>\n<td style=\"width: 33.3333%; text-align: center; height: 24px;\"><a href=\"http:\/\/www.mip.es\/\" target=\"_blank\" rel=\"noopener noreferrer\">http:\/\/www.mip.es\/<\/a><\/td>\n<\/tr>\n<tr style=\"height: 24px;\">\n<td style=\"width: 33.3333%; text-align: center; height: 24px;\">Caja Duero<\/td>\n<td style=\"width: 33.3333%; text-align: center; height: 24px;\">Entidad Bancaria<\/td>\n<td style=\"width: 33.3333%; text-align: center; height: 24px;\"><a href=\"http:\/\/www.cajaduero.es\/\" target=\"_blank\" rel=\"noopener noreferrer\">http:\/\/www.cajaduero.es\/<\/a><\/td>\n<\/tr>\n<tr style=\"height: 24px;\">\n<td style=\"width: 33.3333%; text-align: center; height: 24px;\">Catalunya R\u00e0dio<\/td>\n<td style=\"width: 33.3333%; text-align: center; height: 24px;\">Emisora de Radio<\/td>\n<td style=\"width: 33.3333%; text-align: center; height: 24px;\"><a href=\"http:\/\/www.catradio.cat\/\" target=\"_blank\" rel=\"noopener noreferrer\">http:\/\/www.catradio.cat\/<\/a><\/td>\n<\/tr>\n<tr style=\"height: 24px;\">\n<td style=\"width: 33.3333%; text-align: center; height: 24px;\">Asepeyo<\/td>\n<td style=\"width: 33.3333%; text-align: center; height: 24px;\">Cl\u00ednica<\/td>\n<td style=\"width: 33.3333%; text-align: center; height: 24px;\"><a href=\"http:\/\/www.asepeyo.es\/\" target=\"_blank\" rel=\"noopener noreferrer\">http:\/\/www.asepeyo.es\/<\/a><\/td>\n<\/tr>\n<tr style=\"height: 24px;\">\n<td style=\"width: 33.3333%; text-align: center; height: 24px;\">Renfe<\/td>\n<td style=\"width: 33.3333%; text-align: center; height: 24px;\">Transportes<\/td>\n<td style=\"width: 33.3333%; text-align: center; height: 24px;\"><a href=\"http:\/\/www.renfe.es\/\" target=\"_blank\" rel=\"noopener noreferrer\">http:\/\/www.renfe.es\/<\/a><\/td>\n<\/tr>\n<tr style=\"height: 24px;\">\n<td style=\"width: 33.3333%; text-align: center; height: 24px;\">Cruz Roja<\/td>\n<td style=\"width: 33.3333%; text-align: center; height: 24px;\">ONG<\/td>\n<td style=\"width: 33.3333%; text-align: center; height: 24px;\"><a href=\"http:\/\/www.cruzroja.es\/\" target=\"_blank\" rel=\"noopener noreferrer\">http:\/\/www.cruzroja.es\/<\/a><\/td>\n<\/tr>\n<tr style=\"height: 24px;\">\n<td style=\"width: 33.3333%; text-align: center; height: 24px;\">DIR, S.A.<\/td>\n<td style=\"width: 33.3333%; text-align: center; height: 24px;\">Gimnasios<\/td>\n<td style=\"width: 33.3333%; text-align: center; height: 24px;\"><a href=\"http:\/\/www.dir.es\/\" target=\"_blank\" rel=\"noopener noreferrer\">http:\/\/www.dir.es\/<\/a><\/td>\n<\/tr>\n<tr style=\"height: 24px;\">\n<td style=\"width: 33.3333%; text-align: center; height: 24px;\">Mercadona<\/td>\n<td style=\"width: 33.3333%; text-align: center; height: 24px;\">Supermercado<\/td>\n<td style=\"width: 33.3333%; text-align: center; height: 24px;\"><a href=\"http:\/\/www.mercadona.es\/\" target=\"_blank\" rel=\"noopener noreferrer\">http:\/\/www.mercadona.es\/<\/a><\/td>\n<\/tr>\n<tr style=\"height: 24px;\">\n<td style=\"width: 33.3333%; text-align: center; height: 24px;\">Juve &amp; Camps, S.A.<\/td>\n<td style=\"width: 33.3333%; text-align: center; height: 24px;\">Bodegas<\/td>\n<td style=\"width: 33.3333%; text-align: center; height: 24px;\"><a href=\"http:\/\/www.juveycamps.com\/\" target=\"_blank\" rel=\"noopener noreferrer\">http:\/\/www.juveycamps.com\/<\/a><\/td>\n<\/tr>\n<tr style=\"height: 24px;\">\n<td style=\"width: 33.3333%; text-align: center; height: 24px;\">Hipercor<\/td>\n<td style=\"width: 33.3333%; text-align: center; height: 24px;\">Supermercado<\/td>\n<td style=\"width: 33.3333%; text-align: center; height: 24px;\"><a href=\"http:\/\/www.hipercor.es\/\" target=\"_blank\" rel=\"noopener noreferrer\">http:\/\/www.hipercor.es\/<\/a><\/td>\n<\/tr>\n<tr style=\"height: 24px;\">\n<td style=\"width: 33.3333%; text-align: center; height: 24px;\">Fotoprix<\/td>\n<td style=\"width: 33.3333%; text-align: center; height: 24px;\">Fotograf\u00eda<\/td>\n<td style=\"width: 33.3333%; text-align: center; height: 24px;\"><a href=\"http:\/\/www.fotoprix.com\/\" target=\"_blank\" rel=\"noopener noreferrer\">http:\/\/www.fotoprix.com\/<\/a><\/td>\n<\/tr>\n<tr style=\"height: 24px;\">\n<td style=\"width: 33.3333%; text-align: center; height: 24px;\">Roca Sanitarios<\/td>\n<td style=\"width: 33.3333%; text-align: center; height: 24px;\">Soluciones para ba\u00f1o<\/td>\n<td style=\"width: 33.3333%; text-align: center; height: 24px;\"><a href=\"http:\/\/www.es.roca.com\/\" target=\"_blank\" rel=\"noopener noreferrer\">http:\/\/www.es.roca.com\/<\/a><\/td>\n<\/tr>\n<tr style=\"height: 24px;\">\n<td style=\"width: 33.3333%; text-align: center; height: 24px;\">Mango<\/td>\n<td style=\"width: 33.3333%; text-align: center; height: 24px;\">Moda<\/td>\n<td style=\"width: 33.3333%; text-align: center; height: 24px;\"><a href=\"http:\/\/www.mango.es\/\" target=\"_blank\" rel=\"noopener noreferrer\">http:\/\/www.mango.es\/<\/a><\/td>\n<\/tr>\n<tr style=\"height: 24px;\">\n<td style=\"width: 33.3333%; text-align: center; height: 24px;\">Inditex Zara Espa\u00f1a<\/td>\n<td style=\"width: 33.3333%; text-align: center; height: 24px;\">Moda<\/td>\n<td style=\"width: 33.3333%; text-align: center; height: 24px;\"><a href=\"http:\/\/www.zara.es\/\" target=\"_blank\" rel=\"noopener noreferrer\">http:\/\/www.zara.es\/<\/a><\/td>\n<\/tr>\n<tr style=\"height: 24px;\">\n<td style=\"width: 33.3333%; text-align: center; height: 24px;\">El Corte Ingl\u00e9s<\/td>\n<td style=\"width: 33.3333%; text-align: center; height: 24px;\">Supermercado<\/td>\n<td style=\"width: 33.3333%; text-align: center; height: 24px;\"><a href=\"http:\/\/www.elcorteingles.es\/\" target=\"_blank\" rel=\"noopener noreferrer\">http:\/\/www.elcorteingles.es\/<\/a><\/td>\n<\/tr>\n<tr style=\"height: 24px;\">\n<td style=\"width: 33.3333%; text-align: center; height: 24px;\">Dragados<\/td>\n<td style=\"width: 33.3333%; text-align: center; height: 24px;\">Constructora<\/td>\n<td style=\"width: 33.3333%; text-align: center; height: 24px;\"><a href=\"http:\/\/www.dragados.com\/\" target=\"_blank\" rel=\"noopener noreferrer\">http:\/\/www.dragados.com\/<\/a><\/td>\n<\/tr>\n<tr style=\"height: 24px;\">\n<td style=\"width: 33.3333%; text-align: center; height: 24px;\">Hotel Arts<\/td>\n<td style=\"width: 33.3333%; text-align: center; height: 24px;\">Hosteler\u00eda<\/td>\n<td style=\"width: 33.3333%; text-align: center; height: 24px;\"><a href=\"http:\/\/hotelartsbarcelona.com\/\" target=\"_blank\" rel=\"noopener noreferrer\">http:\/\/hotelartsbarcelona.com\/<\/a><\/td>\n<\/tr>\n<tr style=\"height: 24px;\">\n<td style=\"width: 33.3333%; text-align: center; height: 24px;\">Hotel Princesa Sofia<\/td>\n<td style=\"width: 33.3333%; text-align: center; height: 24px;\">Hosteler\u00eda<\/td>\n<td style=\"width: 33.3333%; text-align: center; height: 24px;\"><a href=\"http:\/\/www.hotelprincesasofia.com\/\" target=\"_blank\" rel=\"noopener noreferrer\">http:\/\/www.hotelprincesasofia.com\/<\/a><\/td>\n<\/tr>\n<tr style=\"height: 24px;\">\n<td style=\"width: 33.3333%; text-align: center; height: 24px;\">Correos y Telegrafos<\/td>\n<td style=\"width: 33.3333%; text-align: center; height: 24px;\">Log\u00edstica<\/td>\n<td style=\"width: 33.3333%; text-align: center; height: 24px;\"><a href=\"http:\/\/www.correos.es\/\" target=\"_blank\" rel=\"noopener noreferrer\">http:\/\/www.correos.es\/<\/a><\/td>\n<\/tr>\n<tr style=\"height: 24px;\">\n<td style=\"width: 33.3333%; text-align: center; height: 24px;\">Codorniu, S.A.<\/td>\n<td style=\"width: 33.3333%; text-align: center; height: 24px;\">Bodegas<\/td>\n<td style=\"width: 33.3333%; text-align: center; height: 24px;\"><a href=\"http:\/\/www.codorniu.es\/\" target=\"_blank\" rel=\"noopener noreferrer\">http:\/\/www.codorniu.es\/<\/a><\/td>\n<\/tr>\n<tr style=\"height: 24px;\">\n<td style=\"width: 33.3333%; text-align: center; height: 24px;\">Bankinter<\/td>\n<td style=\"width: 33.3333%; text-align: center; height: 24px;\">Entidad Bancaria<\/td>\n<td style=\"width: 33.3333%; text-align: center; height: 24px;\"><a href=\"http:\/\/www.bankinter.es\/\" target=\"_blank\" rel=\"noopener noreferrer\">http:\/\/www.bankinter.es\/<\/a><\/td>\n<\/tr>\n<tr style=\"height: 24px;\">\n<td style=\"width: 33.3333%; text-align: center; height: 24px;\">Coperfil<\/td>\n<td style=\"width: 33.3333%; text-align: center; height: 24px;\">Constructora<\/td>\n<td style=\"width: 33.3333%; text-align: center; height: 24px;\"><a href=\"http:\/\/www.coperfilconstruccion.com\/\" target=\"_blank\" rel=\"noopener noreferrer\">http:\/\/www.coperfilconstruccion.com\/<\/a><\/td>\n<\/tr>\n<tr style=\"height: 24px;\">\n<td style=\"width: 33.3333%; text-align: center; height: 24px;\">Areas, S.A.<\/td>\n<td style=\"width: 33.3333%; text-align: center; height: 24px;\">Restauraci\u00f3n<\/td>\n<td style=\"width: 33.3333%; text-align: center; height: 24px;\"><a href=\"http:\/\/www.areas.es\/\" target=\"_blank\" rel=\"noopener noreferrer\">http:\/\/www.areas.es\/<\/a><\/td>\n<\/tr>\n<tr style=\"height: 24px;\">\n<td style=\"width: 33.3333%; text-align: center; height: 24px;\">Caprabo<\/td>\n<td style=\"width: 33.3333%; text-align: center; height: 24px;\">Supermercado<\/td>\n<td style=\"width: 33.3333%; text-align: center; height: 24px;\"><a href=\"http:\/\/www.caprabo.com\/\" target=\"_blank\" rel=\"noopener noreferrer\">http:\/\/www.caprabo.com\/<\/a><\/td>\n<\/tr>\n<tr style=\"height: 24px;\">\n<td style=\"width: 33.3333%; text-align: center; height: 24px;\">Eroski<\/td>\n<td style=\"width: 33.3333%; text-align: center; height: 24px;\">Supermercado<\/td>\n<td style=\"width: 33.3333%; text-align: center; height: 24px;\"><a href=\"http:\/\/www.eroski.es\/\" target=\"_blank\" rel=\"noopener noreferrer\">http:\/\/www.eroski.es\/<\/a><\/td>\n<\/tr>\n<tr style=\"height: 24px;\">\n<td style=\"width: 33.3333%; text-align: center; height: 24px;\">Nu\u00f1ez y Navarro<\/td>\n<td style=\"width: 33.3333%; text-align: center; height: 24px;\">Constructora<\/td>\n<td style=\"width: 33.3333%; text-align: center; height: 24px;\"><a href=\"http:\/\/www.nyn.es\/\" target=\"_blank\" rel=\"noopener noreferrer\">http:\/\/www.nyn.es\/<\/a><\/td>\n<\/tr>\n<tr style=\"height: 24px;\">\n<td style=\"width: 33.3333%; text-align: center; height: 24px;\">Mapfre<\/td>\n<td style=\"width: 33.3333%; text-align: center; height: 24px;\">Seguros<\/td>\n<td style=\"width: 33.3333%; text-align: center; height: 24px;\"><a href=\"http:\/\/www.mapfre.com\" target=\"_blank\" rel=\"noopener noreferrer\">http:\/\/www.mapfre.com<\/a><\/td>\n<\/tr>\n<tr style=\"height: 24px;\">\n<td style=\"width: 33.3333%; text-align: center; height: 24px;\">UNICEF<\/td>\n<td style=\"width: 33.3333%; text-align: center; height: 24px;\">ONG<\/td>\n<td style=\"width: 33.3333%; text-align: center; height: 24px;\"><a href=\"http:\/\/www.unicef.es\/\" target=\"_blank\" rel=\"noopener noreferrer\">http:\/\/www.unicef.es\/<\/a><\/td>\n<\/tr>\n<tr style=\"height: 24px;\">\n<td style=\"width: 33.3333%; text-align: center; height: 24px;\">La Vanguardia<\/td>\n<td style=\"width: 33.3333%; text-align: center; height: 24px;\">Editorial<\/td>\n<td style=\"width: 33.3333%; text-align: center; height: 24px;\"><a href=\"http:\/\/www.lavanguardia.es\/\" target=\"_blank\" rel=\"noopener noreferrer\">http:\/\/www.lavanguardia.es\/<\/a><\/td>\n<\/tr>\n<tr style=\"height: 24px;\">\n<td style=\"width: 33.3333%; text-align: center; height: 24px;\">Axa Winterthur<\/td>\n<td style=\"width: 33.3333%; text-align: center; height: 24px;\">Seguros<\/td>\n<td style=\"width: 33.3333%; text-align: center; height: 24px;\"><a href=\"http:\/\/www.axa.es\/\" target=\"_blank\" rel=\"noopener noreferrer\">http:\/\/www.axa.es\/<\/a><\/td>\n<\/tr>\n<tr style=\"height: 24px;\">\n<td style=\"width: 33.3333%; text-align: center; height: 24px;\">Viajes Halcon, S.A.<\/td>\n<td style=\"width: 33.3333%; text-align: center; height: 24px;\">Agencia de viajes<\/td>\n<td style=\"width: 33.3333%; text-align: center; height: 24px;\"><a href=\"http:\/\/www.halconviajes.com\/\" target=\"_blank\" rel=\"noopener noreferrer\">http:\/\/www.halconviajes.com\/<\/a><\/td>\n<\/tr>\n<tr style=\"height: 24px;\">\n<td style=\"width: 33.3333%; text-align: center; height: 24px;\">Transportes Ochoa<\/td>\n<td style=\"width: 33.3333%; text-align: center; height: 24px;\">Log\u00edstica<\/td>\n<td style=\"width: 33.3333%; text-align: center; height: 24px;\"><a href=\"http:\/\/www.ochoa.es\/\" target=\"_blank\" rel=\"noopener noreferrer\">http:\/\/www.ochoa.es\/<\/a><\/td>\n<\/tr>\n<tr style=\"height: 24px;\">\n<td style=\"width: 33.3333%; text-align: center; height: 24px;\">M.R.W, S.L.<\/td>\n<td style=\"width: 33.3333%; text-align: center; height: 24px;\">Log\u00edstica<\/td>\n<td style=\"width: 33.3333%; text-align: center; height: 24px;\"><a href=\"http:\/\/www.mrw.es\/\" target=\"_blank\" rel=\"noopener noreferrer\">http:\/\/www.mrw.es\/<\/a><\/td>\n<\/tr>\n<tr style=\"height: 24px;\">\n<td style=\"width: 33.3333%; text-align: center; height: 24px;\">Repsol Butano,S.L.<\/td>\n<td style=\"width: 33.3333%; text-align: center; height: 24px;\">Energ\u00eda<\/td>\n<td style=\"width: 33.3333%; text-align: center; height: 24px;\"><a href=\"http:\/\/www.repsol.com\" target=\"_blank\" rel=\"noopener noreferrer\">http:\/\/www.repsol.com<\/a><\/td>\n<\/tr>\n<tr style=\"height: 24px;\">\n<td style=\"width: 33.3333%; text-align: center; height: 24px;\">Prenatal, S.A.<\/td>\n<td style=\"width: 33.3333%; text-align: center; height: 24px;\">Moda Infantil<\/td>\n<td style=\"width: 33.3333%; text-align: center; height: 24px;\"><a href=\"http:\/\/www.prenatal.es\/\" target=\"_blank\" rel=\"noopener noreferrer\">http:\/\/www.prenatal.es\/<\/a><\/td>\n<\/tr>\n<tr style=\"height: 24px;\">\n<td style=\"width: 33.3333%; text-align: center; height: 24px;\">Thyssenkrupp Airport<\/td>\n<td style=\"width: 33.3333%; text-align: center; height: 24px;\">Fingers<\/td>\n<td style=\"width: 33.3333%; text-align: center; height: 24px;\"><a href=\"http:\/\/www.thyssenkrupp-airports.com\/\" target=\"_blank\" rel=\"noopener noreferrer\">http:\/\/www.thyssenkrupp-airports.com\/<\/a><\/td>\n<\/tr>\n<tr style=\"height: 24px;\">\n<td style=\"width: 33.3333%; text-align: center; height: 24px;\">Thimberland<\/td>\n<td style=\"width: 33.3333%; text-align: center; height: 24px;\">Calzado<\/td>\n<td style=\"width: 33.3333%; text-align: center; height: 24px;\"><a href=\"http:\/\/timberland.es\/\" target=\"_blank\" rel=\"noopener noreferrer\">http:\/\/timberland.es\/<\/a><\/td>\n<\/tr>\n<tr style=\"height: 24px;\">\n<td style=\"width: 33.3333%; text-align: center; height: 24px;\">Champion (Carrefour)<\/td>\n<td style=\"width: 33.3333%; text-align: center; height: 24px;\">Supermercado<\/td>\n<td style=\"width: 33.3333%; text-align: center; height: 24px;\"><a href=\"http:\/\/www.carrefour.es\/\" target=\"_blank\" rel=\"noopener noreferrer\">http:\/\/www.carrefour.es\/<\/a><\/td>\n<\/tr>\n<\/tbody>\n<\/table>\n<\/div><div class=\"fusion-clearfix\"><\/div><\/div><\/div><\/div><\/div>\n","protected":false},"excerpt":{"rendered":"","protected":false},"author":1,"featured_media":0,"parent":0,"menu_order":0,"comment_status":"closed","ping_status":"closed","template":"","meta":{"footnotes":""},"class_list":["post-3822","page","type-page","status-publish","hentry"],"yoast_head":"<!-- This site is optimized with the Yoast SEO plugin v26.4 - https:\/\/yoast.com\/wordpress\/plugins\/seo\/ -->\n<title>R\u00e9f\u00e9rences - J.A. Mansergas S.A.<\/title>\n<meta name=\"robots\" content=\"index, follow, max-snippet:-1, max-image-preview:large, max-video-preview:-1\" \/>\n<link rel=\"canonical\" href=\"https:\/\/www.mansergas.com\/fr\/references\/\" \/>\n<meta property=\"og:locale\" content=\"fr_FR\" \/>\n<meta property=\"og:type\" content=\"article\" \/>\n<meta property=\"og:title\" content=\"R\u00e9f\u00e9rences - J.A. Mansergas S.A.\" \/>\n<meta property=\"og:url\" content=\"https:\/\/www.mansergas.com\/fr\/references\/\" \/>\n<meta property=\"og:site_name\" content=\"J.A. Mansergas S.A.\" \/>\n<meta name=\"twitter:card\" content=\"summary_large_image\" \/>\n<meta name=\"twitter:label1\" content=\"Dur\u00e9e de lecture estim\u00e9e\" \/>\n\t<meta name=\"twitter:data1\" content=\"4 minutes\" \/>\n<script type=\"application\/ld+json\" class=\"yoast-schema-graph\">{\"@context\":\"https:\/\/schema.org\",\"@graph\":[{\"@type\":\"WebPage\",\"@id\":\"https:\/\/www.mansergas.com\/fr\/references\/\",\"url\":\"https:\/\/www.mansergas.com\/fr\/references\/\",\"name\":\"R\u00e9f\u00e9rences - J.A. Mansergas S.A.\",\"isPartOf\":{\"@id\":\"https:\/\/www.mansergas.com\/#website\"},\"datePublished\":\"2019-08-21T09:53:12+00:00\",\"breadcrumb\":{\"@id\":\"https:\/\/www.mansergas.com\/fr\/references\/#breadcrumb\"},\"inLanguage\":\"fr-FR\",\"potentialAction\":[{\"@type\":\"ReadAction\",\"target\":[\"https:\/\/www.mansergas.com\/fr\/references\/\"]}]},{\"@type\":\"BreadcrumbList\",\"@id\":\"https:\/\/www.mansergas.com\/fr\/references\/#breadcrumb\",\"itemListElement\":[{\"@type\":\"ListItem\",\"position\":1,\"name\":\"Portada\",\"item\":\"https:\/\/www.mansergas.com\/fr\/\"},{\"@type\":\"ListItem\",\"position\":2,\"name\":\"R\u00e9f\u00e9rences\"}]},{\"@type\":\"WebSite\",\"@id\":\"https:\/\/www.mansergas.com\/#website\",\"url\":\"https:\/\/www.mansergas.com\/\",\"name\":\"J.A. Mansergas S.A.\",\"description\":\"Puertas Mansergas\",\"potentialAction\":[{\"@type\":\"SearchAction\",\"target\":{\"@type\":\"EntryPoint\",\"urlTemplate\":\"https:\/\/www.mansergas.com\/?s={search_term_string}\"},\"query-input\":{\"@type\":\"PropertyValueSpecification\",\"valueRequired\":true,\"valueName\":\"search_term_string\"}}],\"inLanguage\":\"fr-FR\"}]}<\/script>\n<!-- \/ Yoast SEO plugin. -->","yoast_head_json":{"title":"R\u00e9f\u00e9rences - J.A. Mansergas S.A.","robots":{"index":"index","follow":"follow","max-snippet":"max-snippet:-1","max-image-preview":"max-image-preview:large","max-video-preview":"max-video-preview:-1"},"canonical":"https:\/\/www.mansergas.com\/fr\/references\/","og_locale":"fr_FR","og_type":"article","og_title":"R\u00e9f\u00e9rences - J.A. Mansergas S.A.","og_url":"https:\/\/www.mansergas.com\/fr\/references\/","og_site_name":"J.A. Mansergas S.A.","twitter_card":"summary_large_image","twitter_misc":{"Dur\u00e9e de lecture estim\u00e9e":"4 minutes"},"schema":{"@context":"https:\/\/schema.org","@graph":[{"@type":"WebPage","@id":"https:\/\/www.mansergas.com\/fr\/references\/","url":"https:\/\/www.mansergas.com\/fr\/references\/","name":"R\u00e9f\u00e9rences - J.A. Mansergas S.A.","isPartOf":{"@id":"https:\/\/www.mansergas.com\/#website"},"datePublished":"2019-08-21T09:53:12+00:00","breadcrumb":{"@id":"https:\/\/www.mansergas.com\/fr\/references\/#breadcrumb"},"inLanguage":"fr-FR","potentialAction":[{"@type":"ReadAction","target":["https:\/\/www.mansergas.com\/fr\/references\/"]}]},{"@type":"BreadcrumbList","@id":"https:\/\/www.mansergas.com\/fr\/references\/#breadcrumb","itemListElement":[{"@type":"ListItem","position":1,"name":"Portada","item":"https:\/\/www.mansergas.com\/fr\/"},{"@type":"ListItem","position":2,"name":"R\u00e9f\u00e9rences"}]},{"@type":"WebSite","@id":"https:\/\/www.mansergas.com\/#website","url":"https:\/\/www.mansergas.com\/","name":"J.A. Mansergas S.A.","description":"Puertas Mansergas","potentialAction":[{"@type":"SearchAction","target":{"@type":"EntryPoint","urlTemplate":"https:\/\/www.mansergas.com\/?s={search_term_string}"},"query-input":{"@type":"PropertyValueSpecification","valueRequired":true,"valueName":"search_term_string"}}],"inLanguage":"fr-FR"}]}},"_links":{"self":[{"href":"https:\/\/www.mansergas.com\/fr\/wp-json\/wp\/v2\/pages\/3822","targetHints":{"allow":["GET"]}}],"collection":[{"href":"https:\/\/www.mansergas.com\/fr\/wp-json\/wp\/v2\/pages"}],"about":[{"href":"https:\/\/www.mansergas.com\/fr\/wp-json\/wp\/v2\/types\/page"}],"author":[{"embeddable":true,"href":"https:\/\/www.mansergas.com\/fr\/wp-json\/wp\/v2\/users\/1"}],"replies":[{"embeddable":true,"href":"https:\/\/www.mansergas.com\/fr\/wp-json\/wp\/v2\/comments?post=3822"}],"version-history":[{"count":1,"href":"https:\/\/www.mansergas.com\/fr\/wp-json\/wp\/v2\/pages\/3822\/revisions"}],"predecessor-version":[{"id":3823,"href":"https:\/\/www.mansergas.com\/fr\/wp-json\/wp\/v2\/pages\/3822\/revisions\/3823"}],"wp:attachment":[{"href":"https:\/\/www.mansergas.com\/fr\/wp-json\/wp\/v2\/media?parent=3822"}],"curies":[{"name":"wp","href":"https:\/\/api.w.org\/{rel}","templated":true}]}}