{"id":3815,"date":"2019-08-21T09:43:41","date_gmt":"2019-08-21T09:43:41","guid":{"rendered":"http:\/\/www.mansergas.com\/?page_id=3815"},"modified":"2019-08-21T09:43:41","modified_gmt":"2019-08-21T09:43:41","slug":"usine","status":"publish","type":"page","link":"https:\/\/www.mansergas.com\/fr\/usine\/","title":{"rendered":"Usine"},"content":{"rendered":"<p><div class=\"fusion-fullwidth fullwidth-box fusion-builder-row-1 nonhundred-percent-fullwidth non-hundred-percent-height-scrolling\" style=\"--awb-border-radius-top-left:0px;--awb-border-radius-top-right:0px;--awb-border-radius-bottom-right:0px;--awb-border-radius-bottom-left:0px;--awb-flex-wrap:wrap;\" ><div class=\"fusion-builder-row fusion-row\"><div class=\"fusion-layout-column fusion_builder_column fusion-builder-column-0 fusion_builder_column_2_3 2_3 fusion-two-third fusion-column-first\" style=\"--awb-bg-size:cover;width:66.666666666667%;width:calc(66.666666666667% - ( ( 4% ) * 0.66666666666667 ) );margin-right: 4%;\"><div class=\"fusion-column-wrapper fusion-flex-column-wrapper-legacy\"><div class=\"fusion-text fusion-text-1\"><h2><span style=\"color: #000000;\"><strong>Usine &#8211;\u00a0m\u00e9tal et concepts<\/strong><\/span><\/h2>\n<\/div><div class=\"fusion-sep-clear\"><\/div><div class=\"fusion-separator fusion-full-width-sep\" style=\"margin-left: auto;margin-right: auto;width:100%;\"><div class=\"fusion-separator-border sep-single sep-solid\" style=\"--awb-height:20px;--awb-amount:20px;--awb-sep-color:#ce0819;border-color:#ce0819;border-top-width:3px;\"><\/div><\/div><div class=\"fusion-sep-clear\"><\/div><div class=\"fusion-clearfix\"><\/div><\/div><\/div><div class=\"fusion-layout-column fusion_builder_column fusion-builder-column-1 fusion_builder_column_1_3 1_3 fusion-one-third fusion-column-last\" style=\"--awb-bg-size:cover;width:33.333333333333%;width:calc(33.333333333333% - ( ( 4% ) * 0.33333333333333 ) );\"><div class=\"fusion-column-wrapper fusion-flex-column-wrapper-legacy\"><div class=\"fusion-text fusion-text-2\"><h2><strong>Informaci\u00f3n de contacto<\/strong><\/h2>\n<\/div><div class=\"fusion-sep-clear\"><\/div><div class=\"fusion-separator fusion-full-width-sep\" style=\"margin-left: auto;margin-right: auto;width:100%;\"><div class=\"fusion-separator-border sep-single sep-solid\" style=\"--awb-height:20px;--awb-amount:20px;--awb-sep-color:#ce0819;border-color:#ce0819;border-top-width:3px;\"><\/div><\/div><div class=\"fusion-sep-clear\"><\/div><div class=\"fusion-clearfix\"><\/div><\/div><\/div><div class=\"fusion-layout-column fusion_builder_column fusion-builder-column-2 fusion_builder_column_2_3 2_3 fusion-two-third fusion-column-first\" style=\"--awb-bg-size:cover;width:66.666666666667%;width:calc(66.666666666667% - ( ( 4% ) * 0.66666666666667 ) );margin-right: 4%;\"><div class=\"fusion-column-wrapper fusion-flex-column-wrapper-legacy\"><div class=\"fusion-text fusion-text-3\"><p style=\"text-align: justify;\">Nos installations situ\u00e9es \u00e0 Rub\u00ed \u00e0 20 km. de Barcelone, \u00e0 moins de 2 minutes de l\u2019autoroute A7, occupent un peu plus de 8.000 m<sup>2<\/sup><sup>. <\/sup>C\u2019est l\u00e0 que nous combinons m\u00e9tal et concepts, pour assurer un d\u00e9veloppement technologique continu, sans jamais perdre de vue les connaissances acquises gr\u00e2ce \u00e0 notre vaste exp\u00e9rience.<\/p>\n<p style=\"text-align: justify;\">Notre solide engagement pour l\u2019environnement est depuis de nombreuses ann\u00e9es d\u00e9j\u00e0 l\u2019un des moteurs de nos d\u00e9cisions strat\u00e9giques\u00a0; dans le cas d\u2019une industrie lourde comme la n\u00f4tre il serait insens\u00e9 d\u2019agir autrement.<\/p>\n<p style=\"text-align: justify;\">Notre syst\u00e8me de production et d\u2019installation centre ses efforts sur la protection contre les accidents du travail. Dans le cas de nos postes de travail la s\u00e9curit\u00e9 n\u2019est pas une simple d\u00e9marche administrative.<\/p>\n<p style=\"text-align: justify;\">Conjuguer l\u2019exp\u00e9rience et la technologie de pointe, comme par exemple concevoir des porte enroulables de 14 m\u00e8tres de large actionn\u00e9es par un t\u00e9l\u00e9phone portable Bluetooth, n\u2019est pour nous qu\u2019une simple routine.<\/p>\n<p style=\"text-align: justify;\">Pour nous la v\u00e9ritable valeur d\u2019une porte est non pas son prix d\u2019achat, mais plut\u00f4t son co\u00fbt sur 5 ou m\u00eame sur 10 ans d\u2019utilisation. Ce n\u2019est pas toujours facile \u00e0 percevoir et cet aspect concret confirme la grande sup\u00e9riorit\u00e9 de notre conception de fabrication.<\/p>\n<p style=\"text-align: justify;\">Bien souvent la premi\u00e8re impression d\u2019une visite se concentre sur la porte.<\/p>\n<p style=\"text-align: justify;\">En fin de compte, notre travail consiste \u00e0 combiner m\u00e9tal et concepts, afin de vous apporter la s\u00e9curit\u00e9 et le confort dont vous avez besoin et, le plus important pour nous, la satisfaction.<\/p>\n<\/div><div class=\"fusion-clearfix\"><\/div><\/div><\/div><div class=\"fusion-layout-column fusion_builder_column fusion-builder-column-3 fusion_builder_column_1_3 1_3 fusion-one-third fusion-column-last\" style=\"--awb-bg-size:cover;width:33.333333333333%;width:calc(33.333333333333% - ( ( 4% ) * 0.33333333333333 ) );\"><div class=\"fusion-column-wrapper fusion-flex-column-wrapper-legacy\"><div class=\"fusion-text fusion-text-4\"><p><span style=\"font-size: 16px;\"><i class=\"fb-icon-element-1 fb-icon-element fontawesome-icon fa-map-marker-alt fas circle-yes fusion-text-flow\" style=\"--awb-circlebordersize:1px;--awb-font-size:28.16px;--awb-width:56.32px;--awb-height:56.32px;--awb-line-height:54.32px;--awb-margin-right:16px;\"><\/i>Pol\u00edgono Ind. Can Jard\u00ed, C\/ Schumann, 27-<wbr \/>33- 08191 RUB\u00cd (Barcelona)<\/span><\/p>\n<p><span style=\"font-size: 16px;\"><i class=\"fb-icon-element-2 fb-icon-element fontawesome-icon fa-phone fas circle-yes fusion-text-flow\" style=\"--awb-circlebordersize:1px;--awb-font-size:28.16px;--awb-width:56.32px;--awb-height:56.32px;--awb-line-height:54.32px;--awb-margin-right:16px;\"><\/i>Tel:\u00a0(+34) 93 588 56 60<\/span><\/p>\n<p><span style=\"font-size: 16px;\"><i class=\"fb-icon-element-3 fb-icon-element fontawesome-icon fa-phone-square fas circle-yes fusion-text-flow\" style=\"--awb-circlebordersize:1px;--awb-font-size:28.16px;--awb-width:56.32px;--awb-height:56.32px;--awb-line-height:54.32px;--awb-margin-right:16px;\"><\/i>FAX: (+34) 93 588 47 47<\/span><\/p>\n<p><span style=\"font-size: 16px;\"><i class=\"fb-icon-element-4 fb-icon-element fontawesome-icon fa-envelope far circle-yes fusion-text-flow\" style=\"--awb-circlebordersize:1px;--awb-font-size:28.16px;--awb-width:56.32px;--awb-height:56.32px;--awb-line-height:54.32px;--awb-margin-right:16px;\"><\/i>mansergas@mansergas.com<\/span><\/p>\n<p><span style=\"font-size: 16px;\"><i class=\"fb-icon-element-5 fb-icon-element fontawesome-icon fa-clock far circle-yes fusion-text-flow\" style=\"--awb-circlebordersize:1px;--awb-font-size:28.16px;--awb-width:56.32px;--awb-height:56.32px;--awb-line-height:54.32px;--awb-margin-right:16px;\"><\/i>De lunes a viernes de<\/span>\u00a08 a 13:30h y de 15 a 19h. Los viernes hasta las 18 h<\/p>\n<\/div><div class=\"fusion-clearfix\"><\/div><\/div><\/div><\/div><\/div><div class=\"fusion-fullwidth fullwidth-box fusion-builder-row-2 nonhundred-percent-fullwidth non-hundred-percent-height-scrolling\" style=\"--awb-border-radius-top-left:0px;--awb-border-radius-top-right:0px;--awb-border-radius-bottom-right:0px;--awb-border-radius-bottom-left:0px;--awb-flex-wrap:wrap;\" ><div class=\"fusion-builder-row fusion-row\"><div class=\"fusion-layout-column fusion_builder_column fusion-builder-column-4 fusion_builder_column_1_2 1_2 fusion-one-half fusion-column-first\" style=\"--awb-bg-size:cover;width:50%;width:calc(50% - ( ( 0 ) * 0.5 ) );margin-right: 0px;\"><div class=\"fusion-column-wrapper fusion-flex-column-wrapper-legacy\"><iframe src=\"https:\/\/www.google.com\/maps\/embed?pb=!1m14!1m8!1m3!1d5978.918620499441!2d2.018109!3d41.472641!3m2!1i1024!2i768!4f13.1!3m3!1m2!1s0x12a491afe23d29f3%3A0xa51bec0debb49af5!2sCarrer+Compositor+Schumann%2C+27%2C+35%2C+08191+Rub%C3%AD%2C+Barcelona%2C+Espa%C3%B1a!5e0!3m2!1ses!2sus!4v1538738515894\" width=\"800\" height=\"480\" frameborder=\"0\" style=\"border:0\" allowfullscreen><\/iframe><div class=\"fusion-clearfix\"><\/div><\/div><\/div><div class=\"fusion-layout-column fusion_builder_column fusion-builder-column-5 fusion_builder_column_1_2 1_2 fusion-one-half fusion-column-last\" style=\"--awb-bg-size:cover;width:50%;width:calc(50% - ( ( 0 ) * 0.5 ) );\"><div class=\"fusion-column-wrapper fusion-flex-column-wrapper-legacy\"><iframe src=\"https:\/\/www.google.com\/maps\/embed?pb=!4v1538738672194!6m8!1m7!1skoqj7_PqFkftpghixvapQA!2m2!1d41.4732377767056!2d2.018383787464354!3f231.96!4f-8.599999999999994!5f0.7820865974627469\" width=\"100%\" height=\"480\" frameborder=\"0\" style=\"border:0\" allowfullscreen><\/iframe><div class=\"fusion-clearfix\"><\/div><\/div><\/div><\/div><\/div><\/p>\n","protected":false},"excerpt":{"rendered":"","protected":false},"author":1,"featured_media":0,"parent":0,"menu_order":0,"comment_status":"closed","ping_status":"closed","template":"100-width.php","meta":{"footnotes":""},"class_list":["post-3815","page","type-page","status-publish","hentry"],"yoast_head":"<!-- This site is optimized with the Yoast SEO plugin v26.4 - https:\/\/yoast.com\/wordpress\/plugins\/seo\/ -->\n<title>Usine - J.A. Mansergas S.A.<\/title>\n<meta name=\"robots\" content=\"index, follow, max-snippet:-1, max-image-preview:large, max-video-preview:-1\" \/>\n<link rel=\"canonical\" href=\"https:\/\/www.mansergas.com\/fr\/usine\/\" \/>\n<meta property=\"og:locale\" content=\"fr_FR\" \/>\n<meta property=\"og:type\" content=\"article\" \/>\n<meta property=\"og:title\" content=\"Usine - J.A. Mansergas S.A.\" \/>\n<meta property=\"og:url\" content=\"https:\/\/www.mansergas.com\/fr\/usine\/\" \/>\n<meta property=\"og:site_name\" content=\"J.A. Mansergas S.A.\" \/>\n<meta name=\"twitter:card\" content=\"summary_large_image\" \/>\n<meta name=\"twitter:label1\" content=\"Dur\u00e9e de lecture estim\u00e9e\" \/>\n\t<meta name=\"twitter:data1\" content=\"7 minutes\" \/>\n<script type=\"application\/ld+json\" class=\"yoast-schema-graph\">{\"@context\":\"https:\/\/schema.org\",\"@graph\":[{\"@type\":\"WebPage\",\"@id\":\"https:\/\/www.mansergas.com\/fr\/usine\/\",\"url\":\"https:\/\/www.mansergas.com\/fr\/usine\/\",\"name\":\"Usine - J.A. Mansergas S.A.\",\"isPartOf\":{\"@id\":\"https:\/\/www.mansergas.com\/#website\"},\"datePublished\":\"2019-08-21T09:43:41+00:00\",\"breadcrumb\":{\"@id\":\"https:\/\/www.mansergas.com\/fr\/usine\/#breadcrumb\"},\"inLanguage\":\"fr-FR\",\"potentialAction\":[{\"@type\":\"ReadAction\",\"target\":[\"https:\/\/www.mansergas.com\/fr\/usine\/\"]}]},{\"@type\":\"BreadcrumbList\",\"@id\":\"https:\/\/www.mansergas.com\/fr\/usine\/#breadcrumb\",\"itemListElement\":[{\"@type\":\"ListItem\",\"position\":1,\"name\":\"Portada\",\"item\":\"https:\/\/www.mansergas.com\/fr\/\"},{\"@type\":\"ListItem\",\"position\":2,\"name\":\"Usine\"}]},{\"@type\":\"WebSite\",\"@id\":\"https:\/\/www.mansergas.com\/#website\",\"url\":\"https:\/\/www.mansergas.com\/\",\"name\":\"J.A. Mansergas S.A.\",\"description\":\"Puertas Mansergas\",\"potentialAction\":[{\"@type\":\"SearchAction\",\"target\":{\"@type\":\"EntryPoint\",\"urlTemplate\":\"https:\/\/www.mansergas.com\/?s={search_term_string}\"},\"query-input\":{\"@type\":\"PropertyValueSpecification\",\"valueRequired\":true,\"valueName\":\"search_term_string\"}}],\"inLanguage\":\"fr-FR\"}]}<\/script>\n<!-- \/ Yoast SEO plugin. -->","yoast_head_json":{"title":"Usine - J.A. Mansergas S.A.","robots":{"index":"index","follow":"follow","max-snippet":"max-snippet:-1","max-image-preview":"max-image-preview:large","max-video-preview":"max-video-preview:-1"},"canonical":"https:\/\/www.mansergas.com\/fr\/usine\/","og_locale":"fr_FR","og_type":"article","og_title":"Usine - J.A. Mansergas S.A.","og_url":"https:\/\/www.mansergas.com\/fr\/usine\/","og_site_name":"J.A. Mansergas S.A.","twitter_card":"summary_large_image","twitter_misc":{"Dur\u00e9e de lecture estim\u00e9e":"7 minutes"},"schema":{"@context":"https:\/\/schema.org","@graph":[{"@type":"WebPage","@id":"https:\/\/www.mansergas.com\/fr\/usine\/","url":"https:\/\/www.mansergas.com\/fr\/usine\/","name":"Usine - J.A. Mansergas S.A.","isPartOf":{"@id":"https:\/\/www.mansergas.com\/#website"},"datePublished":"2019-08-21T09:43:41+00:00","breadcrumb":{"@id":"https:\/\/www.mansergas.com\/fr\/usine\/#breadcrumb"},"inLanguage":"fr-FR","potentialAction":[{"@type":"ReadAction","target":["https:\/\/www.mansergas.com\/fr\/usine\/"]}]},{"@type":"BreadcrumbList","@id":"https:\/\/www.mansergas.com\/fr\/usine\/#breadcrumb","itemListElement":[{"@type":"ListItem","position":1,"name":"Portada","item":"https:\/\/www.mansergas.com\/fr\/"},{"@type":"ListItem","position":2,"name":"Usine"}]},{"@type":"WebSite","@id":"https:\/\/www.mansergas.com\/#website","url":"https:\/\/www.mansergas.com\/","name":"J.A. Mansergas S.A.","description":"Puertas Mansergas","potentialAction":[{"@type":"SearchAction","target":{"@type":"EntryPoint","urlTemplate":"https:\/\/www.mansergas.com\/?s={search_term_string}"},"query-input":{"@type":"PropertyValueSpecification","valueRequired":true,"valueName":"search_term_string"}}],"inLanguage":"fr-FR"}]}},"_links":{"self":[{"href":"https:\/\/www.mansergas.com\/fr\/wp-json\/wp\/v2\/pages\/3815","targetHints":{"allow":["GET"]}}],"collection":[{"href":"https:\/\/www.mansergas.com\/fr\/wp-json\/wp\/v2\/pages"}],"about":[{"href":"https:\/\/www.mansergas.com\/fr\/wp-json\/wp\/v2\/types\/page"}],"author":[{"embeddable":true,"href":"https:\/\/www.mansergas.com\/fr\/wp-json\/wp\/v2\/users\/1"}],"replies":[{"embeddable":true,"href":"https:\/\/www.mansergas.com\/fr\/wp-json\/wp\/v2\/comments?post=3815"}],"version-history":[{"count":1,"href":"https:\/\/www.mansergas.com\/fr\/wp-json\/wp\/v2\/pages\/3815\/revisions"}],"predecessor-version":[{"id":3816,"href":"https:\/\/www.mansergas.com\/fr\/wp-json\/wp\/v2\/pages\/3815\/revisions\/3816"}],"wp:attachment":[{"href":"https:\/\/www.mansergas.com\/fr\/wp-json\/wp\/v2\/media?parent=3815"}],"curies":[{"name":"wp","href":"https:\/\/api.w.org\/{rel}","templated":true}]}}