{"id":3802,"date":"2019-08-21T09:20:42","date_gmt":"2019-08-21T09:20:42","guid":{"rendered":"http:\/\/www.mansergas.com\/?page_id=3802"},"modified":"2019-08-21T09:21:56","modified_gmt":"2019-08-21T09:21:56","slug":"presentation","status":"publish","type":"page","link":"https:\/\/www.mansergas.com\/fr\/presentation\/","title":{"rendered":"Pr\u00e9sentation"},"content":{"rendered":"<div class=\"fusion-fullwidth fullwidth-box fusion-builder-row-1 nonhundred-percent-fullwidth non-hundred-percent-height-scrolling\" style=\"--awb-border-radius-top-left:0px;--awb-border-radius-top-right:0px;--awb-border-radius-bottom-right:0px;--awb-border-radius-bottom-left:0px;--awb-flex-wrap:wrap;\" ><div class=\"fusion-builder-row fusion-row\"><div class=\"fusion-layout-column fusion_builder_column fusion-builder-column-0 fusion_builder_column_1_2 1_2 fusion-one-half fusion-column-first\" style=\"--awb-bg-size:cover;width:50%;width:calc(50% - ( ( 4% ) * 0.5 ) );margin-right: 4%;\"><div class=\"fusion-column-wrapper fusion-flex-column-wrapper-legacy\"><div class=\"fusion-text fusion-text-1\"><h2><strong>Laissez-vous contaminer<\/strong><\/h2>\n<\/div><div class=\"fusion-sep-clear\"><\/div><div class=\"fusion-separator fusion-full-width-sep\" style=\"margin-left: auto;margin-right: auto;margin-bottom:3%;width:100%;\"><div class=\"fusion-separator-border sep-single sep-solid\" style=\"--awb-height:20px;--awb-amount:20px;--awb-sep-color:#ce0819;border-color:#ce0819;border-top-width:3px;\"><\/div><\/div><div class=\"fusion-sep-clear\"><\/div><div class=\"fusion-text fusion-text-2\"><p style=\"text-align: justify;\">Pendant pr\u00e9s de 60 ans nous avons fabriqu\u00e9 des portes pour vos parents et grands-parents, maintenant c\u2019est votre tour\u2026et nous pensons d\u00e9j\u00e0 au style de portes que nous ferons pour vos enfants.<\/p>\n<p style=\"text-align: justify;\">Chez Mansergas, faire des portes n\u2019est pas un jeu. Nous pensons, nous concevons, nous construisons et nous installons des portes s\u00fbres, silencieuses, rapides et \u00e9l\u00e9gantes, con\u00e7ues pour un service irr\u00e9prochable durant de longues ann\u00e9es.<\/p>\n<p style=\"text-align: justify;\">Laissez-vous contaminer par notre passion de vous offrir ce qui est sans aucun doute le meilleur produit du march\u00e9 rapport qualit\u00e9 prix, gr\u00e2ce \u00e0 notre \u00e9norme capacit\u00e9 de production et \u00e0 l\u2019efficacit\u00e9 de notre gestion.<\/p>\n<p style=\"text-align: justify;\">Sachez que notre passion et notre raison d\u2019\u00eatre se r\u00e9sument \u00e0 aborder chacun de nos projets en mettant \u00e0 votre service notre vaste exp\u00e9rience\u00a0notoire: un choix de solutions uniques, exclusives et brevet\u00e9es, qui vont de la modeste cr\u00e9ation pour petites portes de garages particuliers totalement fiables, \u00e0 l\u2019installation sophistiqu\u00e9e d\u2019un design s\u00e9duisant, utilisant les mat\u00e9riaux les plus nobles dans les environnements les plus complexes, en passant par la production en s\u00e9rie et l\u2019exportation internationale.<\/p>\n<p style=\"text-align: justify;\">Oui, laissez-vous contaminer.<\/p>\n<p style=\"text-align: justify;\">En fait vous nous connaissez sans le savoir\u00a0: des dizaines de milliers de portes sur les cinq continents en sont t\u00e9moins, combien de fois avez-vous franchi nos portes sans le savoir\u00a0!\u00a0 Fingers d\u2019a\u00e9roport, entr\u00e9es de supermarch\u00e9s, portes de parking, de magasins, de mus\u00e9s, de banques\u2026<\/p>\n<p style=\"text-align: justify;\">Nous avons su redonner un sens profond aux mots responsabilit\u00e9, s\u00e9rieux et engagement. Quelques-unes de nos cr\u00e9ations telles que les commandes \u00e0 distance et les fermetures t\u00e9l\u00e9command\u00e9es par interface ne sont disponibles sur le march\u00e9 que sous notre contr\u00f4le. De m\u00eame notre dispositif d\u2019assistance technique apr\u00e8s vente prot\u00e8ge toute nos solutions de la mani\u00e8re la plus efficace et la plus rapide.<\/p>\n<p style=\"text-align: justify;\">Laissez-vous contaminer, confiez votre sort au leader.<\/p>\n<p style=\"text-align: right;\"><em><strong>Josep Alc\u00e1cer<\/strong><\/em><br \/>\n<em><strong>Administrateur g\u00e9rant<\/strong><\/em><\/p>\n<\/div><div class=\"fusion-clearfix\"><\/div><\/div><\/div><div class=\"fusion-layout-column fusion_builder_column fusion-builder-column-1 fusion_builder_column_1_2 1_2 fusion-one-half fusion-column-last\" style=\"--awb-bg-size:cover;width:50%;width:calc(50% - ( ( 4% ) * 0.5 ) );\"><div class=\"fusion-column-wrapper fusion-flex-column-wrapper-legacy\"><div class=\"fusion-text fusion-text-3\"><h2><strong><span style=\"color: #000000;\">Mission, philosophie et valeurs<\/span><\/strong><\/h2>\n<\/div><div class=\"fusion-sep-clear\"><\/div><div class=\"fusion-separator fusion-full-width-sep\" style=\"margin-left: auto;margin-right: auto;margin-bottom:3%;width:100%;\"><div class=\"fusion-separator-border sep-single sep-solid\" style=\"--awb-height:20px;--awb-amount:20px;--awb-sep-color:#ce0819;border-color:#ce0819;border-top-width:3px;\"><\/div><\/div><div class=\"fusion-sep-clear\"><\/div><div class=\"fusion-text fusion-text-4\"><p style=\"text-align: justify;\"><strong>Notre mission:<\/strong><\/p>\n<p style=\"text-align: justify;\">R\u00e9pondre aux besoins de nos clients pour tout ce qui est portes et fermetures en accord avec nos valeurs.<\/p>\n<p style=\"text-align: justify;\"><strong>Valeurs:<\/strong><\/p>\n<ul style=\"--awb-iconcolor:#ff0000;--awb-line-height:23.8px;--awb-icon-width:23.8px;--awb-icon-height:23.8px;--awb-icon-margin:9.8px;--awb-content-margin:33.6px;--awb-circlecolor:#ffffff;--awb-circle-yes-font-size:12.32px;\" class=\"fusion-checklist fusion-checklist-1 fusion-checklist-default type-icons\"><li class=\"fusion-li-item\" style=\"\"><span class=\"icon-wrapper circle-yes\"><i class=\"fusion-li-icon fa-check-circle far\" aria-hidden=\"true\"><\/i><\/span><div class=\"fusion-li-item-content\"><strong>Innovation<\/strong>, produits adapt\u00e9s \u00e0 notre \u00e9poque.<\/div><\/li><li class=\"fusion-li-item\" style=\"\"><span class=\"icon-wrapper circle-yes\"><i class=\"fusion-li-icon fa-check-circle far\" aria-hidden=\"true\"><\/i><\/span><div class=\"fusion-li-item-content\"><strong>Qualit\u00e9<\/strong>, en perp\u00e9tuelle \u00e9volution.<\/div><\/li><li class=\"fusion-li-item\" style=\"\"><span class=\"icon-wrapper circle-yes\"><i class=\"fusion-li-icon fa-check-circle far\" aria-hidden=\"true\"><\/i><\/span><div class=\"fusion-li-item-content\"><strong>Passion<\/strong>, et enthousiasme pour notre travail.<\/div><\/li><li class=\"fusion-li-item\" style=\"\"><span class=\"icon-wrapper circle-yes\"><i class=\"fusion-li-icon fa-check-circle far\" aria-hidden=\"true\"><\/i><\/span><div class=\"fusion-li-item-content\"><strong>S\u00e9rieux<\/strong>, drespect des d\u00e9lais et des objectifs.<\/div><\/li><li class=\"fusion-li-item\" style=\"\"><span class=\"icon-wrapper circle-yes\"><i class=\"fusion-li-icon fa-check-circle far\" aria-hidden=\"true\"><\/i><\/span><div class=\"fusion-li-item-content\"><b>Responsabilit\u00e9<\/b>, cr\u00e9ation et installation de produits sans risques.<\/div><\/li><li class=\"fusion-li-item\" style=\"\"><span class=\"icon-wrapper circle-yes\"><i class=\"fusion-li-icon fa-check-circle far\" aria-hidden=\"true\"><\/i><\/span><div class=\"fusion-li-item-content\"><strong>Exp\u00e9rience et savoir<\/strong>, au service de tous nos projets.<\/div><\/li>\n<\/ul>\n<p><strong><span style=\"margin-top: 1%;\">Philosophie:<\/span><\/strong><\/p>\n<p style=\"text-align: justify;\">Notre philosophie consiste \u00e0 nous engager avec enthousiasme et responsabilit\u00e9, \u00e0 r\u00e9pondre int\u00e9gralement aux besoins de fermetures de nos clients, en fabricant, installant et supervisant des produits de haute qualit\u00e9, fiables et durables. Dans cette optique nous mettons \u00e0 votre disposition notre bagage et notre vaste exp\u00e9rience de plus de 60 ans, ainsi que l\u2019introduction permanente des derni\u00e8res technologies en mati\u00e8re de s\u00e9curit\u00e9 et de design.<\/p>\n<p style=\"text-align: justify;\">Notre engagement vis-\u00e0-vis de nos clients et de nos fournisseurs est irr\u00e9prochable.<\/p>\n<p style=\"text-align: justify;\">Et, pour terminer, nous mettons un point d\u2019honneur \u00e0 offrir des produits qui ne pr\u00e9sentent aucun risque ni pour les personnes ni pour le mat\u00e9riel lors de leur installation et tout au long de leur cycle de vie.<\/p>\n<\/div><div class=\"fusion-clearfix\"><\/div><\/div><\/div><\/div><\/div>\n","protected":false},"excerpt":{"rendered":"","protected":false},"author":1,"featured_media":0,"parent":0,"menu_order":0,"comment_status":"closed","ping_status":"closed","template":"","meta":{"footnotes":""},"class_list":["post-3802","page","type-page","status-publish","hentry"],"yoast_head":"<!-- This site is optimized with the Yoast SEO plugin v26.4 - https:\/\/yoast.com\/wordpress\/plugins\/seo\/ -->\n<title>Pr\u00e9sentation - J.A. Mansergas S.A.<\/title>\n<meta name=\"robots\" content=\"index, follow, max-snippet:-1, max-image-preview:large, max-video-preview:-1\" \/>\n<link rel=\"canonical\" href=\"https:\/\/www.mansergas.com\/fr\/presentation\/\" \/>\n<meta property=\"og:locale\" content=\"fr_FR\" \/>\n<meta property=\"og:type\" content=\"article\" \/>\n<meta property=\"og:title\" content=\"Pr\u00e9sentation - J.A. Mansergas S.A.\" \/>\n<meta property=\"og:url\" content=\"https:\/\/www.mansergas.com\/fr\/presentation\/\" \/>\n<meta property=\"og:site_name\" content=\"J.A. Mansergas S.A.\" \/>\n<meta property=\"article:modified_time\" content=\"2019-08-21T09:21:56+00:00\" \/>\n<meta name=\"twitter:card\" content=\"summary_large_image\" \/>\n<meta name=\"twitter:label1\" content=\"Dur\u00e9e de lecture estim\u00e9e\" \/>\n\t<meta name=\"twitter:data1\" content=\"5 minutes\" \/>\n<script type=\"application\/ld+json\" class=\"yoast-schema-graph\">{\"@context\":\"https:\/\/schema.org\",\"@graph\":[{\"@type\":\"WebPage\",\"@id\":\"https:\/\/www.mansergas.com\/fr\/presentation\/\",\"url\":\"https:\/\/www.mansergas.com\/fr\/presentation\/\",\"name\":\"Pr\u00e9sentation - J.A. Mansergas S.A.\",\"isPartOf\":{\"@id\":\"https:\/\/www.mansergas.com\/#website\"},\"datePublished\":\"2019-08-21T09:20:42+00:00\",\"dateModified\":\"2019-08-21T09:21:56+00:00\",\"breadcrumb\":{\"@id\":\"https:\/\/www.mansergas.com\/fr\/presentation\/#breadcrumb\"},\"inLanguage\":\"fr-FR\",\"potentialAction\":[{\"@type\":\"ReadAction\",\"target\":[\"https:\/\/www.mansergas.com\/fr\/presentation\/\"]}]},{\"@type\":\"BreadcrumbList\",\"@id\":\"https:\/\/www.mansergas.com\/fr\/presentation\/#breadcrumb\",\"itemListElement\":[{\"@type\":\"ListItem\",\"position\":1,\"name\":\"Portada\",\"item\":\"https:\/\/www.mansergas.com\/fr\/\"},{\"@type\":\"ListItem\",\"position\":2,\"name\":\"Pr\u00e9sentation\"}]},{\"@type\":\"WebSite\",\"@id\":\"https:\/\/www.mansergas.com\/#website\",\"url\":\"https:\/\/www.mansergas.com\/\",\"name\":\"J.A. Mansergas S.A.\",\"description\":\"Puertas Mansergas\",\"potentialAction\":[{\"@type\":\"SearchAction\",\"target\":{\"@type\":\"EntryPoint\",\"urlTemplate\":\"https:\/\/www.mansergas.com\/?s={search_term_string}\"},\"query-input\":{\"@type\":\"PropertyValueSpecification\",\"valueRequired\":true,\"valueName\":\"search_term_string\"}}],\"inLanguage\":\"fr-FR\"}]}<\/script>\n<!-- \/ Yoast SEO plugin. -->","yoast_head_json":{"title":"Pr\u00e9sentation - J.A. Mansergas S.A.","robots":{"index":"index","follow":"follow","max-snippet":"max-snippet:-1","max-image-preview":"max-image-preview:large","max-video-preview":"max-video-preview:-1"},"canonical":"https:\/\/www.mansergas.com\/fr\/presentation\/","og_locale":"fr_FR","og_type":"article","og_title":"Pr\u00e9sentation - J.A. Mansergas S.A.","og_url":"https:\/\/www.mansergas.com\/fr\/presentation\/","og_site_name":"J.A. Mansergas S.A.","article_modified_time":"2019-08-21T09:21:56+00:00","twitter_card":"summary_large_image","twitter_misc":{"Dur\u00e9e de lecture estim\u00e9e":"5 minutes"},"schema":{"@context":"https:\/\/schema.org","@graph":[{"@type":"WebPage","@id":"https:\/\/www.mansergas.com\/fr\/presentation\/","url":"https:\/\/www.mansergas.com\/fr\/presentation\/","name":"Pr\u00e9sentation - J.A. Mansergas S.A.","isPartOf":{"@id":"https:\/\/www.mansergas.com\/#website"},"datePublished":"2019-08-21T09:20:42+00:00","dateModified":"2019-08-21T09:21:56+00:00","breadcrumb":{"@id":"https:\/\/www.mansergas.com\/fr\/presentation\/#breadcrumb"},"inLanguage":"fr-FR","potentialAction":[{"@type":"ReadAction","target":["https:\/\/www.mansergas.com\/fr\/presentation\/"]}]},{"@type":"BreadcrumbList","@id":"https:\/\/www.mansergas.com\/fr\/presentation\/#breadcrumb","itemListElement":[{"@type":"ListItem","position":1,"name":"Portada","item":"https:\/\/www.mansergas.com\/fr\/"},{"@type":"ListItem","position":2,"name":"Pr\u00e9sentation"}]},{"@type":"WebSite","@id":"https:\/\/www.mansergas.com\/#website","url":"https:\/\/www.mansergas.com\/","name":"J.A. Mansergas S.A.","description":"Puertas Mansergas","potentialAction":[{"@type":"SearchAction","target":{"@type":"EntryPoint","urlTemplate":"https:\/\/www.mansergas.com\/?s={search_term_string}"},"query-input":{"@type":"PropertyValueSpecification","valueRequired":true,"valueName":"search_term_string"}}],"inLanguage":"fr-FR"}]}},"_links":{"self":[{"href":"https:\/\/www.mansergas.com\/fr\/wp-json\/wp\/v2\/pages\/3802","targetHints":{"allow":["GET"]}}],"collection":[{"href":"https:\/\/www.mansergas.com\/fr\/wp-json\/wp\/v2\/pages"}],"about":[{"href":"https:\/\/www.mansergas.com\/fr\/wp-json\/wp\/v2\/types\/page"}],"author":[{"embeddable":true,"href":"https:\/\/www.mansergas.com\/fr\/wp-json\/wp\/v2\/users\/1"}],"replies":[{"embeddable":true,"href":"https:\/\/www.mansergas.com\/fr\/wp-json\/wp\/v2\/comments?post=3802"}],"version-history":[{"count":3,"href":"https:\/\/www.mansergas.com\/fr\/wp-json\/wp\/v2\/pages\/3802\/revisions"}],"predecessor-version":[{"id":3805,"href":"https:\/\/www.mansergas.com\/fr\/wp-json\/wp\/v2\/pages\/3802\/revisions\/3805"}],"wp:attachment":[{"href":"https:\/\/www.mansergas.com\/fr\/wp-json\/wp\/v2\/media?parent=3802"}],"curies":[{"name":"wp","href":"https:\/\/api.w.org\/{rel}","templated":true}]}}