{"id":4287,"date":"2019-08-22T11:20:15","date_gmt":"2019-08-22T11:20:15","guid":{"rendered":"http:\/\/www.mansergas.com\/?page_id=4287"},"modified":"2019-08-22T11:20:15","modified_gmt":"2019-08-22T11:20:15","slug":"enrollables","status":"publish","type":"page","link":"https:\/\/www.mansergas.com\/en\/enrollables\/","title":{"rendered":"Enrollables"},"content":{"rendered":"<p><div class=\"fusion-fullwidth fullwidth-box fusion-builder-row-1 nonhundred-percent-fullwidth non-hundred-percent-height-scrolling\" style=\"--awb-border-radius-top-left:0px;--awb-border-radius-top-right:0px;--awb-border-radius-bottom-right:0px;--awb-border-radius-bottom-left:0px;--awb-flex-wrap:wrap;\" ><div class=\"fusion-builder-row fusion-row\"><div class=\"fusion-layout-column fusion_builder_column fusion-builder-column-0 fusion_builder_column_1_1 1_1 fusion-one-full fusion-column-first fusion-column-last\" style=\"--awb-bg-size:cover;\"><div class=\"fusion-column-wrapper fusion-flex-column-wrapper-legacy\"><div class=\"fusion-text fusion-text-1\"><h2><strong>Automatismos<\/strong><\/h2>\n<\/div><div class=\"fusion-text fusion-text-2\"><p style=\"text-align: justify;\"><span style=\"font-size: 16px;\">El automatismo es posible en todos los modelos de puertas enrollables mediante la incorporaci\u00f3n de un motor. Aqu\u00ed esbozamos algunas de las soluciones m\u00e1s comunes en puertas enrollables. Cada una con unas especificidades que es necesario considerar.<\/span><\/p>\n<\/div><div class=\"fusion-sep-clear\"><\/div><div class=\"fusion-separator fusion-full-width-sep\" style=\"margin-left: auto;margin-right: auto;margin-bottom:2%;width:100%;\"><div class=\"fusion-separator-border sep-single sep-solid\" style=\"--awb-height:20px;--awb-amount:20px;--awb-sep-color:#ce0819;border-color:#ce0819;border-top-width:3px;\"><\/div><\/div><div class=\"fusion-sep-clear\"><\/div><div class=\"fusion-clearfix\"><\/div><\/div><\/div><\/div><\/div><div class=\"fusion-fullwidth fullwidth-box fusion-builder-row-2 nonhundred-percent-fullwidth non-hundred-percent-height-scrolling fusion-equal-height-columns\" style=\"--awb-border-radius-top-left:0px;--awb-border-radius-top-right:0px;--awb-border-radius-bottom-right:0px;--awb-border-radius-bottom-left:0px;--awb-flex-wrap:wrap;\" ><div class=\"fusion-builder-row fusion-row\"><div class=\"fusion-layout-column fusion_builder_column fusion-builder-column-1 fusion_builder_column_1_3 1_3 fusion-one-third fusion-column-first\" style=\"--awb-bg-size:cover;width:33.333333333333%;width:calc(33.333333333333% - ( ( 4% + 1% ) * 0.33333333333333 ) );margin-right: 4%;\"><div class=\"fusion-column-wrapper fusion-flex-column-wrapper-legacy\"><div class=\"fusion-column-content-centered\"><div class=\"fusion-column-content\"><div class=\"fusion-text fusion-text-3\"><h2><strong><span style=\"color: #ff0000;\"><span style=\"color: #000000;\">Motorizaci\u00f3n c<\/span><span style=\"color: #000000;\">entral<\/span><\/span><\/strong><\/h2>\n<\/div><div class=\"fusion-text fusion-text-4\"><p style=\"text-align: justify;\"><span style=\"font-size: 16px;\">Motorreductor adaptado en el centro del eje compensado con resortes. En caso de falta de corriente puede abrirse manualmente desde el exterior (reversible). Dispone de bloqueo opcional. Disponemos de diferentes potencias y di\u00e1metros y esta indicado para comercios y locales de hasta 5 m. de anchura y baja frecuencia de uso.<\/span><\/p>\n<\/div><\/div><\/div><div class=\"fusion-clearfix\"><\/div><\/div><\/div><div class=\"fusion-layout-column fusion_builder_column fusion-builder-column-2 fusion_builder_column_1_3 1_3 fusion-one-third\" style=\"--awb-bg-size:cover;width:33.333333333333%;width:calc(33.333333333333% - ( ( 4% + 1% ) * 0.33333333333333 ) );margin-right: 1%;\"><div class=\"fusion-column-wrapper fusion-flex-column-wrapper-legacy\"><div class=\"fusion-image-element fusion-image-align-center in-legacy-container\" style=\"text-align:center;--awb-caption-title-font-family:var(--h2_typography-font-family);--awb-caption-title-font-weight:var(--h2_typography-font-weight);--awb-caption-title-font-style:var(--h2_typography-font-style);--awb-caption-title-size:var(--h2_typography-font-size);--awb-caption-title-transform:var(--h2_typography-text-transform);--awb-caption-title-line-height:var(--h2_typography-line-height);--awb-caption-title-letter-spacing:var(--h2_typography-letter-spacing);\"><div class=\"imageframe-align-center\"><span class=\" fusion-imageframe imageframe-none imageframe-1 hover-type-none\"><a href=\"http:\/\/www.mansergas.com\/wp-content\/uploads\/2018\/10\/dscn3020_1.jpg\" class=\"fusion-lightbox\" data-rel=\"iLightbox[0c1bde0cb9d8fa3f04a]\" data-title=\"dscn3020_1\" title=\"dscn3020_1\"><img decoding=\"async\" width=\"800\" height=\"600\" src=\"https:\/\/www.mansergas.com\/wp-content\/uploads\/2018\/10\/dscn3020_1.jpg\" alt class=\"img-responsive wp-image-2874\" srcset=\"https:\/\/www.mansergas.com\/wp-content\/uploads\/2018\/10\/dscn3020_1-200x150.jpg 200w, https:\/\/www.mansergas.com\/wp-content\/uploads\/2018\/10\/dscn3020_1-400x300.jpg 400w, https:\/\/www.mansergas.com\/wp-content\/uploads\/2018\/10\/dscn3020_1-600x450.jpg 600w, https:\/\/www.mansergas.com\/wp-content\/uploads\/2018\/10\/dscn3020_1.jpg 800w\" sizes=\"(max-width: 800px) 100vw, 600px\" \/><\/a><\/span><\/div><\/div><div class=\"fusion-clearfix\"><\/div><\/div><\/div><div class=\"fusion-layout-column fusion_builder_column fusion-builder-column-3 fusion_builder_column_1_3 1_3 fusion-one-third fusion-column-last\" style=\"--awb-bg-size:cover;width:33.333333333333%;width:calc(33.333333333333% - ( ( 4% + 1% ) * 0.33333333333333 ) );\"><div class=\"fusion-column-wrapper fusion-flex-column-wrapper-legacy\"><div class=\"fusion-image-element fusion-image-align-center in-legacy-container\" style=\"text-align:center;--awb-caption-title-font-family:var(--h2_typography-font-family);--awb-caption-title-font-weight:var(--h2_typography-font-weight);--awb-caption-title-font-style:var(--h2_typography-font-style);--awb-caption-title-size:var(--h2_typography-font-size);--awb-caption-title-transform:var(--h2_typography-text-transform);--awb-caption-title-line-height:var(--h2_typography-line-height);--awb-caption-title-letter-spacing:var(--h2_typography-letter-spacing);\"><div class=\"imageframe-align-center\"><span class=\" fusion-imageframe imageframe-none imageframe-2 hover-type-none\"><a href=\"http:\/\/www.mansergas.com\/wp-content\/uploads\/2018\/10\/PA150756.jpg\" class=\"fusion-lightbox\" data-rel=\"iLightbox[afbb4debce2e692fc0d]\" data-caption=\"OLYMPUS DIGITAL CAMERA\" data-title=\"OLYMPUS DIGITAL CAMERA\" title=\"OLYMPUS DIGITAL CAMERA\"><img decoding=\"async\" width=\"800\" height=\"599\" src=\"https:\/\/www.mansergas.com\/wp-content\/uploads\/2018\/10\/PA150756.jpg\" alt class=\"img-responsive wp-image-3055\" srcset=\"https:\/\/www.mansergas.com\/wp-content\/uploads\/2018\/10\/PA150756-200x150.jpg 200w, https:\/\/www.mansergas.com\/wp-content\/uploads\/2018\/10\/PA150756-400x300.jpg 400w, https:\/\/www.mansergas.com\/wp-content\/uploads\/2018\/10\/PA150756-600x449.jpg 600w, https:\/\/www.mansergas.com\/wp-content\/uploads\/2018\/10\/PA150756.jpg 800w\" sizes=\"(max-width: 800px) 100vw, 600px\" \/><\/a><\/span><\/div><\/div><div class=\"fusion-clearfix\"><\/div><\/div><\/div><\/div><\/div><div class=\"fusion-fullwidth fullwidth-box fusion-builder-row-3 nonhundred-percent-fullwidth non-hundred-percent-height-scrolling\" style=\"--awb-border-radius-top-left:0px;--awb-border-radius-top-right:0px;--awb-border-radius-bottom-right:0px;--awb-border-radius-bottom-left:0px;--awb-padding-bottom:0px;--awb-margin-bottom:0px;--awb-flex-wrap:wrap;\" ><div class=\"fusion-builder-row fusion-row\"><div class=\"fusion-layout-column fusion_builder_column fusion-builder-column-4 fusion_builder_column_1_1 1_1 fusion-one-full fusion-column-first fusion-column-last\" style=\"--awb-bg-size:cover;\"><div class=\"fusion-column-wrapper fusion-flex-column-wrapper-legacy\"><div class=\"fusion-sep-clear\"><\/div><div class=\"fusion-separator fusion-full-width-sep\" style=\"margin-left: auto;margin-right: auto;margin-bottom:2%;width:100%;\"><div class=\"fusion-separator-border sep-single sep-solid\" style=\"--awb-height:20px;--awb-amount:20px;--awb-sep-color:#ce0819;border-color:#ce0819;border-top-width:3px;\"><\/div><\/div><div class=\"fusion-sep-clear\"><\/div><div class=\"fusion-clearfix\"><\/div><\/div><\/div><\/div><\/div><div class=\"fusion-fullwidth fullwidth-box fusion-builder-row-4 nonhundred-percent-fullwidth non-hundred-percent-height-scrolling\" style=\"--awb-border-radius-top-left:0px;--awb-border-radius-top-right:0px;--awb-border-radius-bottom-right:0px;--awb-border-radius-bottom-left:0px;--awb-padding-top:0px;--awb-margin-top:0px;--awb-flex-wrap:wrap;\" ><div class=\"fusion-builder-row fusion-row\"><div class=\"fusion-layout-column fusion_builder_column fusion-builder-column-5 fusion_builder_column_1_3 1_3 fusion-one-third fusion-column-first\" style=\"--awb-bg-size:cover;width:33.333333333333%;width:calc(33.333333333333% - ( ( 1% + 4% ) * 0.33333333333333 ) );margin-right: 1%;\"><div class=\"fusion-column-wrapper fusion-flex-column-wrapper-legacy\"><div class=\"fusion-image-element fusion-image-align-center in-legacy-container\" style=\"text-align:center;--awb-caption-title-font-family:var(--h2_typography-font-family);--awb-caption-title-font-weight:var(--h2_typography-font-weight);--awb-caption-title-font-style:var(--h2_typography-font-style);--awb-caption-title-size:var(--h2_typography-font-size);--awb-caption-title-transform:var(--h2_typography-text-transform);--awb-caption-title-line-height:var(--h2_typography-line-height);--awb-caption-title-letter-spacing:var(--h2_typography-letter-spacing);\"><div class=\"imageframe-align-center\"><span class=\" fusion-imageframe imageframe-none imageframe-3 hover-type-none\"><a href=\"http:\/\/www.mansergas.com\/wp-content\/uploads\/2018\/10\/dscn1166_1.jpg\" class=\"fusion-lightbox\" data-rel=\"iLightbox[f38f0c0681a7ee7d3a7]\" data-title=\"dscn1166_1\" title=\"dscn1166_1\"><img decoding=\"async\" width=\"800\" height=\"600\" src=\"https:\/\/www.mansergas.com\/wp-content\/uploads\/2018\/10\/dscn1166_1.jpg\" alt class=\"img-responsive wp-image-2883\" srcset=\"https:\/\/www.mansergas.com\/wp-content\/uploads\/2018\/10\/dscn1166_1-200x150.jpg 200w, https:\/\/www.mansergas.com\/wp-content\/uploads\/2018\/10\/dscn1166_1-400x300.jpg 400w, https:\/\/www.mansergas.com\/wp-content\/uploads\/2018\/10\/dscn1166_1-600x450.jpg 600w, https:\/\/www.mansergas.com\/wp-content\/uploads\/2018\/10\/dscn1166_1.jpg 800w\" sizes=\"(max-width: 800px) 100vw, 600px\" \/><\/a><\/span><\/div><\/div><div class=\"fusion-clearfix\"><\/div><\/div><\/div><div class=\"fusion-layout-column fusion_builder_column fusion-builder-column-6 fusion_builder_column_1_3 1_3 fusion-one-third\" style=\"--awb-bg-size:cover;width:33.333333333333%;width:calc(33.333333333333% - ( ( 1% + 4% ) * 0.33333333333333 ) );margin-right: 4%;\"><div class=\"fusion-column-wrapper fusion-flex-column-wrapper-legacy\"><div class=\"fusion-image-element fusion-image-align-center in-legacy-container\" style=\"text-align:center;--awb-caption-title-font-family:var(--h2_typography-font-family);--awb-caption-title-font-weight:var(--h2_typography-font-weight);--awb-caption-title-font-style:var(--h2_typography-font-style);--awb-caption-title-size:var(--h2_typography-font-size);--awb-caption-title-transform:var(--h2_typography-text-transform);--awb-caption-title-line-height:var(--h2_typography-line-height);--awb-caption-title-letter-spacing:var(--h2_typography-letter-spacing);\"><div class=\"imageframe-align-center\"><span class=\" fusion-imageframe imageframe-none imageframe-4 hover-type-none\"><a href=\"http:\/\/www.mansergas.com\/wp-content\/uploads\/2018\/10\/dsc02463-01c7fb98b32001af-_1.jpg\" class=\"fusion-lightbox\" data-rel=\"iLightbox[1df1b5c3b2080364644]\" data-title=\"dsc02463-01c7fb98b32001af-_1\" title=\"dsc02463-01c7fb98b32001af-_1\"><img decoding=\"async\" width=\"800\" height=\"600\" src=\"https:\/\/www.mansergas.com\/wp-content\/uploads\/2018\/10\/dsc02463-01c7fb98b32001af-_1.jpg\" alt class=\"img-responsive wp-image-2886\" srcset=\"https:\/\/www.mansergas.com\/wp-content\/uploads\/2018\/10\/dsc02463-01c7fb98b32001af-_1-200x150.jpg 200w, https:\/\/www.mansergas.com\/wp-content\/uploads\/2018\/10\/dsc02463-01c7fb98b32001af-_1-400x300.jpg 400w, https:\/\/www.mansergas.com\/wp-content\/uploads\/2018\/10\/dsc02463-01c7fb98b32001af-_1-600x450.jpg 600w, https:\/\/www.mansergas.com\/wp-content\/uploads\/2018\/10\/dsc02463-01c7fb98b32001af-_1.jpg 800w\" sizes=\"(max-width: 800px) 100vw, 600px\" \/><\/a><\/span><\/div><\/div><div class=\"fusion-clearfix\"><\/div><\/div><\/div><div class=\"fusion-layout-column fusion_builder_column fusion-builder-column-7 fusion_builder_column_1_3 1_3 fusion-one-third fusion-column-last\" style=\"--awb-bg-size:cover;width:33.333333333333%;width:calc(33.333333333333% - ( ( 1% + 4% ) * 0.33333333333333 ) );\"><div class=\"fusion-column-wrapper fusion-flex-column-wrapper-legacy\"><div class=\"fusion-column-content-centered\"><div class=\"fusion-column-content\"><div class=\"fusion-text fusion-text-5\"><h2 style=\"text-align: left;\"><strong><span style=\"color: #ff0000;\"><span style=\"color: #000000;\">Motorizaci\u00f3n l<\/span><span style=\"color: #000000;\">ateral<\/span><\/span><\/strong><\/h2>\n<\/div><div class=\"fusion-text fusion-text-6\"><p style=\"text-align: justify;\"><span style=\"font-size: 16px;\">Especialmente indicado para puertas de uso intensivo y tambien de grandes dimensiones.<\/span><\/p>\n<p style=\"text-align: justify;\"><span style=\"font-size: 16px;\">Motorreductor adaptado en el extremo del eje tubular con cadena de emergencia. Freno paraca\u00eddas que act\u00faa en caso de rotura de eje, diente o cadena, e impide la ca\u00edda accidental de la puerta. Disponemos de motores, frenos y accesorios para el peso y dimensiones de cada puerta.<\/span><\/p>\n<\/div><\/div><\/div><div class=\"fusion-clearfix\"><\/div><\/div><\/div><\/div><\/div><div class=\"fusion-fullwidth fullwidth-box fusion-builder-row-5 nonhundred-percent-fullwidth non-hundred-percent-height-scrolling\" style=\"--awb-border-radius-top-left:0px;--awb-border-radius-top-right:0px;--awb-border-radius-bottom-right:0px;--awb-border-radius-bottom-left:0px;--awb-padding-bottom:0px;--awb-margin-bottom:0px;--awb-flex-wrap:wrap;\" ><div class=\"fusion-builder-row fusion-row\"><div class=\"fusion-layout-column fusion_builder_column fusion-builder-column-8 fusion_builder_column_1_1 1_1 fusion-one-full fusion-column-first fusion-column-last\" style=\"--awb-bg-size:cover;\"><div class=\"fusion-column-wrapper fusion-flex-column-wrapper-legacy\"><div class=\"fusion-sep-clear\"><\/div><div class=\"fusion-separator fusion-full-width-sep\" style=\"margin-left: auto;margin-right: auto;margin-bottom:2%;width:100%;\"><div class=\"fusion-separator-border sep-single sep-solid\" style=\"--awb-height:20px;--awb-amount:20px;--awb-sep-color:#ce0819;border-color:#ce0819;border-top-width:3px;\"><\/div><\/div><div class=\"fusion-sep-clear\"><\/div><div class=\"fusion-clearfix\"><\/div><\/div><\/div><\/div><\/div><div class=\"fusion-fullwidth fullwidth-box fusion-builder-row-6 nonhundred-percent-fullwidth non-hundred-percent-height-scrolling\" style=\"--awb-border-radius-top-left:0px;--awb-border-radius-top-right:0px;--awb-border-radius-bottom-right:0px;--awb-border-radius-bottom-left:0px;--awb-flex-wrap:wrap;\" ><div class=\"fusion-builder-row fusion-row\"><div class=\"fusion-layout-column fusion_builder_column fusion-builder-column-9 fusion_builder_column_1_3 1_3 fusion-one-third fusion-column-first\" style=\"--awb-bg-size:cover;width:33.333333333333%;width:calc(33.333333333333% - ( ( 4% + 1% ) * 0.33333333333333 ) );margin-right: 4%;\"><div class=\"fusion-column-wrapper fusion-flex-column-wrapper-legacy\"><div class=\"fusion-text fusion-text-7\"><h2 style=\"text-align: left;\"><strong><span style=\"color: #ff0000;\"><span style=\"color: #000000;\">Motorizaci\u00f3n t<\/span><span style=\"color: #000000;\">ubular<\/span><\/span><\/strong><\/h2>\n<\/div><div class=\"fusion-text fusion-text-8\"><p style=\"text-align: justify;\"><span style=\"font-size: 16px;\">Especialmente indicado para puertas de uso intensivo y tambien de grandes dimensiones.<\/span><\/p>\n<p style=\"text-align: justify;\"><span style=\"font-size: 16px;\">Motorreductor adaptado en el extremo del eje tubular con cadena de emergencia. Freno paraca\u00eddas que act\u00faa en caso de rotura de eje, diente o cadena, e impide la ca\u00edda accidental de la puerta. Disponemos de motores, frenos y accesorios para el peso y dimensiones de cada puerta.<\/span><\/p>\n<\/div><div class=\"fusion-clearfix\"><\/div><\/div><\/div><div class=\"fusion-layout-column fusion_builder_column fusion-builder-column-10 fusion_builder_column_1_3 1_3 fusion-one-third\" style=\"--awb-bg-size:cover;width:33.333333333333%;width:calc(33.333333333333% - ( ( 4% + 1% ) * 0.33333333333333 ) );margin-right: 1%;\"><div class=\"fusion-column-wrapper fusion-flex-column-wrapper-legacy\"><div class=\"fusion-image-element fusion-image-align-center in-legacy-container\" style=\"text-align:center;--awb-caption-title-font-family:var(--h2_typography-font-family);--awb-caption-title-font-weight:var(--h2_typography-font-weight);--awb-caption-title-font-style:var(--h2_typography-font-style);--awb-caption-title-size:var(--h2_typography-font-size);--awb-caption-title-transform:var(--h2_typography-text-transform);--awb-caption-title-line-height:var(--h2_typography-line-height);--awb-caption-title-letter-spacing:var(--h2_typography-letter-spacing);\"><div class=\"imageframe-align-center\"><span class=\" fusion-imageframe imageframe-none imageframe-5 hover-type-none\"><a href=\"http:\/\/www.mansergas.com\/wp-content\/uploads\/2018\/10\/al391_1.jpg\" class=\"fusion-lightbox\" data-rel=\"iLightbox[03bd2753b5949a000be]\" data-title=\"al391_1\" title=\"al391_1\"><img decoding=\"async\" width=\"800\" height=\"600\" src=\"https:\/\/www.mansergas.com\/wp-content\/uploads\/2018\/10\/al391_1.jpg\" alt class=\"img-responsive wp-image-2891\" srcset=\"https:\/\/www.mansergas.com\/wp-content\/uploads\/2018\/10\/al391_1-200x150.jpg 200w, https:\/\/www.mansergas.com\/wp-content\/uploads\/2018\/10\/al391_1-400x300.jpg 400w, https:\/\/www.mansergas.com\/wp-content\/uploads\/2018\/10\/al391_1-600x450.jpg 600w, https:\/\/www.mansergas.com\/wp-content\/uploads\/2018\/10\/al391_1.jpg 800w\" sizes=\"(max-width: 800px) 100vw, 600px\" \/><\/a><\/span><\/div><\/div><div class=\"fusion-clearfix\"><\/div><\/div><\/div><div class=\"fusion-layout-column fusion_builder_column fusion-builder-column-11 fusion_builder_column_1_3 1_3 fusion-one-third fusion-column-last\" style=\"--awb-bg-size:cover;width:33.333333333333%;width:calc(33.333333333333% - ( ( 4% + 1% ) * 0.33333333333333 ) );\"><div class=\"fusion-column-wrapper fusion-flex-column-wrapper-legacy\"><div class=\"fusion-image-element fusion-image-align-center in-legacy-container\" style=\"text-align:center;--awb-caption-title-font-family:var(--h2_typography-font-family);--awb-caption-title-font-weight:var(--h2_typography-font-weight);--awb-caption-title-font-style:var(--h2_typography-font-style);--awb-caption-title-size:var(--h2_typography-font-size);--awb-caption-title-transform:var(--h2_typography-text-transform);--awb-caption-title-line-height:var(--h2_typography-line-height);--awb-caption-title-letter-spacing:var(--h2_typography-letter-spacing);\"><div class=\"imageframe-align-center\"><span class=\" fusion-imageframe imageframe-none imageframe-6 hover-type-none\"><a href=\"http:\/\/www.mansergas.com\/wp-content\/uploads\/2018\/10\/motores-laterales-en-esquina_1.jpg\" class=\"fusion-lightbox\" data-rel=\"iLightbox[75beac4804325a26cdd]\" data-title=\"motores-laterales-en-esquina_1\" title=\"motores-laterales-en-esquina_1\"><img decoding=\"async\" width=\"800\" height=\"600\" src=\"https:\/\/www.mansergas.com\/wp-content\/uploads\/2018\/10\/motores-laterales-en-esquina_1.jpg\" alt class=\"img-responsive wp-image-2894\" srcset=\"https:\/\/www.mansergas.com\/wp-content\/uploads\/2018\/10\/motores-laterales-en-esquina_1-200x150.jpg 200w, https:\/\/www.mansergas.com\/wp-content\/uploads\/2018\/10\/motores-laterales-en-esquina_1-400x300.jpg 400w, https:\/\/www.mansergas.com\/wp-content\/uploads\/2018\/10\/motores-laterales-en-esquina_1-600x450.jpg 600w, https:\/\/www.mansergas.com\/wp-content\/uploads\/2018\/10\/motores-laterales-en-esquina_1.jpg 800w\" sizes=\"(max-width: 800px) 100vw, 600px\" \/><\/a><\/span><\/div><\/div><div class=\"fusion-clearfix\"><\/div><\/div><\/div><\/div><\/div><\/p>\n","protected":false},"excerpt":{"rendered":"","protected":false},"author":1,"featured_media":0,"parent":0,"menu_order":0,"comment_status":"closed","ping_status":"closed","template":"100-width.php","meta":{"footnotes":""},"class_list":["post-4287","page","type-page","status-publish","hentry"],"yoast_head":"<!-- This site is optimized with the Yoast SEO plugin v26.4 - https:\/\/yoast.com\/wordpress\/plugins\/seo\/ -->\n<title>Enrollables - J.A. Mansergas S.A.<\/title>\n<meta name=\"robots\" content=\"index, follow, max-snippet:-1, max-image-preview:large, max-video-preview:-1\" \/>\n<link rel=\"canonical\" href=\"https:\/\/www.mansergas.com\/en\/enrollables\/\" \/>\n<meta property=\"og:locale\" content=\"en_US\" \/>\n<meta property=\"og:type\" content=\"article\" \/>\n<meta property=\"og:title\" content=\"Enrollables - J.A. Mansergas S.A.\" \/>\n<meta property=\"og:url\" content=\"https:\/\/www.mansergas.com\/en\/enrollables\/\" \/>\n<meta property=\"og:site_name\" content=\"J.A. Mansergas S.A.\" \/>\n<meta name=\"twitter:card\" content=\"summary_large_image\" \/>\n<meta name=\"twitter:label1\" content=\"Est. reading time\" \/>\n\t<meta name=\"twitter:data1\" content=\"12 minutes\" \/>\n<script type=\"application\/ld+json\" class=\"yoast-schema-graph\">{\"@context\":\"https:\/\/schema.org\",\"@graph\":[{\"@type\":\"WebPage\",\"@id\":\"https:\/\/www.mansergas.com\/en\/enrollables\/\",\"url\":\"https:\/\/www.mansergas.com\/en\/enrollables\/\",\"name\":\"Enrollables - J.A. Mansergas S.A.\",\"isPartOf\":{\"@id\":\"https:\/\/www.mansergas.com\/#website\"},\"datePublished\":\"2019-08-22T11:20:15+00:00\",\"breadcrumb\":{\"@id\":\"https:\/\/www.mansergas.com\/en\/enrollables\/#breadcrumb\"},\"inLanguage\":\"en-US\",\"potentialAction\":[{\"@type\":\"ReadAction\",\"target\":[\"https:\/\/www.mansergas.com\/en\/enrollables\/\"]}]},{\"@type\":\"BreadcrumbList\",\"@id\":\"https:\/\/www.mansergas.com\/en\/enrollables\/#breadcrumb\",\"itemListElement\":[{\"@type\":\"ListItem\",\"position\":1,\"name\":\"Portada\",\"item\":\"https:\/\/www.mansergas.com\/en\/\"},{\"@type\":\"ListItem\",\"position\":2,\"name\":\"Enrollables\"}]},{\"@type\":\"WebSite\",\"@id\":\"https:\/\/www.mansergas.com\/#website\",\"url\":\"https:\/\/www.mansergas.com\/\",\"name\":\"J.A. Mansergas S.A.\",\"description\":\"Puertas Mansergas\",\"potentialAction\":[{\"@type\":\"SearchAction\",\"target\":{\"@type\":\"EntryPoint\",\"urlTemplate\":\"https:\/\/www.mansergas.com\/?s={search_term_string}\"},\"query-input\":{\"@type\":\"PropertyValueSpecification\",\"valueRequired\":true,\"valueName\":\"search_term_string\"}}],\"inLanguage\":\"en-US\"}]}<\/script>\n<!-- \/ Yoast SEO plugin. -->","yoast_head_json":{"title":"Enrollables - J.A. Mansergas S.A.","robots":{"index":"index","follow":"follow","max-snippet":"max-snippet:-1","max-image-preview":"max-image-preview:large","max-video-preview":"max-video-preview:-1"},"canonical":"https:\/\/www.mansergas.com\/en\/enrollables\/","og_locale":"en_US","og_type":"article","og_title":"Enrollables - J.A. Mansergas S.A.","og_url":"https:\/\/www.mansergas.com\/en\/enrollables\/","og_site_name":"J.A. Mansergas S.A.","twitter_card":"summary_large_image","twitter_misc":{"Est. reading time":"12 minutes"},"schema":{"@context":"https:\/\/schema.org","@graph":[{"@type":"WebPage","@id":"https:\/\/www.mansergas.com\/en\/enrollables\/","url":"https:\/\/www.mansergas.com\/en\/enrollables\/","name":"Enrollables - J.A. Mansergas S.A.","isPartOf":{"@id":"https:\/\/www.mansergas.com\/#website"},"datePublished":"2019-08-22T11:20:15+00:00","breadcrumb":{"@id":"https:\/\/www.mansergas.com\/en\/enrollables\/#breadcrumb"},"inLanguage":"en-US","potentialAction":[{"@type":"ReadAction","target":["https:\/\/www.mansergas.com\/en\/enrollables\/"]}]},{"@type":"BreadcrumbList","@id":"https:\/\/www.mansergas.com\/en\/enrollables\/#breadcrumb","itemListElement":[{"@type":"ListItem","position":1,"name":"Portada","item":"https:\/\/www.mansergas.com\/en\/"},{"@type":"ListItem","position":2,"name":"Enrollables"}]},{"@type":"WebSite","@id":"https:\/\/www.mansergas.com\/#website","url":"https:\/\/www.mansergas.com\/","name":"J.A. Mansergas S.A.","description":"Puertas Mansergas","potentialAction":[{"@type":"SearchAction","target":{"@type":"EntryPoint","urlTemplate":"https:\/\/www.mansergas.com\/?s={search_term_string}"},"query-input":{"@type":"PropertyValueSpecification","valueRequired":true,"valueName":"search_term_string"}}],"inLanguage":"en-US"}]}},"_links":{"self":[{"href":"https:\/\/www.mansergas.com\/en\/wp-json\/wp\/v2\/pages\/4287","targetHints":{"allow":["GET"]}}],"collection":[{"href":"https:\/\/www.mansergas.com\/en\/wp-json\/wp\/v2\/pages"}],"about":[{"href":"https:\/\/www.mansergas.com\/en\/wp-json\/wp\/v2\/types\/page"}],"author":[{"embeddable":true,"href":"https:\/\/www.mansergas.com\/en\/wp-json\/wp\/v2\/users\/1"}],"replies":[{"embeddable":true,"href":"https:\/\/www.mansergas.com\/en\/wp-json\/wp\/v2\/comments?post=4287"}],"version-history":[{"count":3,"href":"https:\/\/www.mansergas.com\/en\/wp-json\/wp\/v2\/pages\/4287\/revisions"}],"predecessor-version":[{"id":4290,"href":"https:\/\/www.mansergas.com\/en\/wp-json\/wp\/v2\/pages\/4287\/revisions\/4290"}],"wp:attachment":[{"href":"https:\/\/www.mansergas.com\/en\/wp-json\/wp\/v2\/media?parent=4287"}],"curies":[{"name":"wp","href":"https:\/\/api.w.org\/{rel}","templated":true}]}}